{"id":13840,"date":"2022-08-24T16:24:35","date_gmt":"2022-08-24T14:24:35","guid":{"rendered":"https:\/\/www.dmd.eu\/chi-siamo\/"},"modified":"2025-02-03T11:23:52","modified_gmt":"2025-02-03T10:23:52","slug":"a-propos-de-nous","status":"publish","type":"page","link":"https:\/\/dmd.eu\/fr\/a-propos-de-nous\/","title":{"rendered":"\u00c0 PROPOS DE NOUS"},"content":{"rendered":"  <div id=b-videoembed-block_c068e5b6fddd234ec27e27e3bc487017 class=\"box-pharagraph\">\n    <div style=\"padding-top:56.27659574468085%\" class=\"video w-video w-embed\">\n      <iframe loading=\"lazy\" title=\"vimeo-player\" src=\"https:\/\/player.vimeo.com\/video\/570219037?title=0&#038;byline=0&#038;portrait=0&#038;muted=1&#038;autoplay=1\" width=\"640\" height=\"360\" frameborder=\"0\" allowfullscreen><\/iframe>    <\/div>\n  <\/div>\n\n\n  <div class=\"box-pharagraph\">\n    <h1 class=\"big-text\">\u201cA passion through generations\u201d <br><\/h1>\n    <p>DMD est une entreprise familiale fond\u00e9e \u00e0 Bergame en 1975.<br \/>\nR\u00e9put\u00e9e en Italie et dans toute Europe pour sa ligne de casques de moto Vintage, aujourd\u2019hui DMD est appr\u00e9ci\u00e9e dans le monde entier et connue comme une brand design, qui d\u00e9veloppe des produits innovants pour satisfaire les besoins et envies de tous les motards.<br \/>\n<strong>Une tr\u00e8s haute qualit\u00e9 de fabrication, une attention unique port\u00e9e aux d\u00e9tails, un incomparable style italien et de la fabrication artisanale: c\u2019est la mission de DMD!<\/strong><\/p>\n  <\/div>\n\n\n  <div class=\"box-content \">\n    <div class=\"box-txt\">\n      <h1 class=\"big-text\">  Histoire<\/h1>\n      <p>Amilcare, pilote passionn\u00e9 d\u2019enduro, cr\u00e9e en 1975 son entreprise d\u2019importation d\u2019accessoires am\u00e9ricains pour motos.<br \/>\nC\u2019est une histoire qui commence il y a longtemps, pas \u00e0 Bergame, mais en Californie.<br \/>\nPourquoi en Californie?<br \/>\nParce que c\u2019est la bas, hier comme aujourd\u2019hui, que na\u00eet le futur.<br \/>\nEnsuite, ses trois enfants s\u2019associent \u00e0 lui dans l\u2019entreprise et Amilcare d\u00e9cide d\u2019exploiter l\u2019exp\u00e9rience acquise pendant les ann\u00e9es en cr\u00e9ant sa propre marque de casques de moto : DMD.<br \/>\nDMD est, en fait, l\u2019acronyme du pr\u00e9nom de ses enfants: Davide, Michela et Danila.<br \/>\n\u00ab DMD est tout pour moi, elle fait partie de ma vie.\u00bb<\/p>\n      <blockquote>\n        \u00abDMD r\u00e9uni mon travail, ma famille et ma grande passion: c\u2019est un cocktail ph\u00e9nom\u00e9nal!\u00bb        <br><br>\n        <span class=\"sign\">Amilcare<\/span>\n      <\/blockquote>\n          <\/div>\n    <div class=\"box-image\">\n      <picture><source srcset=\"https:\/\/dmd.eu\/wp-content\/webp-express\/webp-images\/uploads\/2022\/08\/amilcare-dmd.png.webp\" type=\"image\/webp\"><source srcset=\"https:\/\/dmd.eu\/wp-content\/uploads\/2022\/08\/amilcare-dmd.png\" type=\"image\/jpeg\"><img decoding=\"async\" src=\"https:\/\/dmd.eu\/wp-content\/uploads\/2022\/08\/amilcare-dmd.png\" alt=\"DMD Helmets - \u00c0 PROPOS DE NOUS\"><\/picture>    <\/div>\n  <\/div>\n\n\n  <div class=\"box-content invert\">\n    <div class=\"box-txt\">\n      <h1 class=\"big-text\">Tradition<\/h1>\n      <p>DMD s\u2019est inspir\u00e9 d\u2019une \u00e9poque magique et de gros changements, les ann\u00e9es \u201870.<br \/>\nL\u2019entreprise a r\u00e9actualis\u00e9 les casques de cette p\u00e9riode mythique: elle a gard\u00e9 le style en utilisant les standards les plus modernes en mati\u00e8re de technologie et de s\u00e9curit\u00e9.<\/p>\n      <blockquote>\n        \u00abDMD c\u2019est la cr\u00e9ativit\u00e9, dans le respect de la tradition.\u00bb        <br><br>\n        <span class=\"sign\">Davide<\/span>\n      <\/blockquote>\n          <\/div>\n    <div class=\"box-image\">\n      <picture><source srcset=\"https:\/\/dmd.eu\/wp-content\/webp-express\/webp-images\/uploads\/2022\/08\/davide-dmd.png.webp\" type=\"image\/webp\"><source srcset=\"https:\/\/dmd.eu\/wp-content\/uploads\/2022\/08\/davide-dmd.png\" type=\"image\/jpeg\"><img decoding=\"async\" src=\"https:\/\/dmd.eu\/wp-content\/uploads\/2022\/08\/davide-dmd.png\" alt=\"DMD Helmets - \u00c0 PROPOS DE NOUS\"><\/picture>    <\/div>\n  <\/div>\n\n\n  <div class=\"box-content \">\n    <div class=\"box-txt\">\n      <h1 class=\"big-text\">Securit\u00e9<\/h1>\n      <p>DMD est aussi synonyme de s\u00e9curit\u00e9 et qualit\u00e9.<br \/>\nLa s\u00e9curit\u00e9 est depuis toujours notre priorit\u00e9 au cours de toutes les phases de la conception \u00e0 la production des casques. Ils sont toujours test\u00e9s avant d\u2019\u00eatre pr\u00e9sent\u00e9s au public.<br \/>\nLa m\u00e9thode la meilleure pour v\u00e9rifier la qualit\u00e9 d\u2019un produit comme un casque c\u2019est le voyage ; les essayer permets de voir les am\u00e9liorations possibles en termes de s\u00e9curit\u00e9 et confort.<\/p>\n      <blockquote>\n        \u00abJ\u2019exprime mon d\u00e9sir de libert\u00e9 gr\u00e2ce \u00e0 DMD: une de nos devises est d\u2019ailleurs \u2018Stay Wild\u2019\u00bb         <br><br>\n        <span class=\"sign\">Michela<\/span>\n      <\/blockquote>\n          <\/div>\n    <div class=\"box-image\">\n      <picture><source srcset=\"https:\/\/dmd.eu\/wp-content\/webp-express\/webp-images\/uploads\/2022\/08\/michela-dmd.png.webp\" type=\"image\/webp\"><source srcset=\"https:\/\/dmd.eu\/wp-content\/uploads\/2022\/08\/michela-dmd.png\" type=\"image\/jpeg\"><img decoding=\"async\" src=\"https:\/\/dmd.eu\/wp-content\/uploads\/2022\/08\/michela-dmd.png\" alt=\"DMD Helmets - \u00c0 PROPOS DE NOUS\"><\/picture>    <\/div>\n  <\/div>\n\n\n  <div class=\"box-content invert\">\n    <div class=\"box-txt\">\n      <h1 class=\"big-text\">Creativit\u00e9<\/h1>\n      <p>DMD est le r\u00e9sultat d\u2019un travail d\u2019\u00e9quipe, c\u2019est un ensemble des personnalit\u00e9s compl\u00e9mentaires qui, avec leur originalit\u00e9 propre, d\u00e9veloppent des produits cool.<br \/>\nApr\u00e8s avoir anticip\u00e9 la tendance r\u00e9tro, scrambler et caf\u00e9 racer, DMD est toujours \u00e0 la recherche de nouvelles id\u00e9es. DMD participe aux grands \u00e9v\u00e8nements moto en Europe et dans le monde afin de sentir les attentes des clients et faire les nouvelles tendances.<\/p>\n      <blockquote>\n        \u00abDMD doit toujours avoir une longueur d\u2019avance.\u00bb        <br><br>\n        <span class=\"sign\">Danila<\/span>\n      <\/blockquote>\n          <\/div>\n    <div class=\"box-image\">\n      <picture><source srcset=\"https:\/\/dmd.eu\/wp-content\/webp-express\/webp-images\/uploads\/2022\/08\/danila-dmd.png.webp\" type=\"image\/webp\"><source srcset=\"https:\/\/dmd.eu\/wp-content\/uploads\/2022\/08\/danila-dmd.png\" type=\"image\/jpeg\"><img decoding=\"async\" src=\"https:\/\/dmd.eu\/wp-content\/uploads\/2022\/08\/danila-dmd.png\" alt=\"DMD Helmets - \u00c0 PROPOS DE NOUS\"><\/picture>    <\/div>\n  <\/div>\n","protected":false},"excerpt":{"rendered":"","protected":false},"author":2,"featured_media":0,"parent":0,"menu_order":0,"comment_status":"closed","ping_status":"closed","template":"","meta":{"_acf_changed":true,"footnotes":""},"class_list":["post-13840","page","type-page","status-publish","hentry"],"acf":[],"jetpack_sharing_enabled":true,"_links":{"self":[{"href":"https:\/\/dmd.eu\/fr\/wp-json\/wp\/v2\/pages\/13840","targetHints":{"allow":["GET"]}}],"collection":[{"href":"https:\/\/dmd.eu\/fr\/wp-json\/wp\/v2\/pages"}],"about":[{"href":"https:\/\/dmd.eu\/fr\/wp-json\/wp\/v2\/types\/page"}],"author":[{"embeddable":true,"href":"https:\/\/dmd.eu\/fr\/wp-json\/wp\/v2\/users\/2"}],"replies":[{"embeddable":true,"href":"https:\/\/dmd.eu\/fr\/wp-json\/wp\/v2\/comments?post=13840"}],"version-history":[{"count":0,"href":"https:\/\/dmd.eu\/fr\/wp-json\/wp\/v2\/pages\/13840\/revisions"}],"wp:attachment":[{"href":"https:\/\/dmd.eu\/fr\/wp-json\/wp\/v2\/media?parent=13840"}],"curies":[{"name":"wp","href":"https:\/\/api.w.org\/{rel}","templated":true}]}}