{"id":12589,"date":"2023-10-04T15:29:37","date_gmt":"2023-10-04T13:29:37","guid":{"rendered":"https:\/\/www.dmd.eu\/caschi-moto-in-pelle-oro\/"},"modified":"2025-10-16T12:44:05","modified_gmt":"2025-10-16T10:44:05","slug":"casques-collezione-oro","status":"publish","type":"page","link":"https:\/\/dmd.eu\/fr\/casques-collezione-oro\/","title":{"rendered":"COLLEZIONE ORO"},"content":{"rendered":"  <div id=\"b-categorypage-block_4c1131cd192e16daae70d402f907779c\" class=\"conteiner\">\n    <div class=\"header-category\">\n      <h1 class=\"big-text\">CASQUE EN CUIR: COLLEZIONE ORO<\/h1>\n      <div class=\"category-text--desktop\">\n        <p>DMD pr\u00e9sente les casques moto en cuir <strong>Collezione Oro<\/strong>, une ligne haut de gamme r\u00e9alis\u00e9e \u00e0 partir de mat\u00e9riaux nobles et pr\u00e9cieux. Les garnitures en cuir italien combin\u00e9es avec la s\u00e9curit\u00e9 des casques jet en font des produits uniques et pr\u00e9cieux.<\/p>\n<p>\ud83c\uddee\ud83c\uddf9 Fabriqu\u00e9 en Italie, avec passion.<\/p>\n      <\/div>\n      <button class=\"link-anchor more-info-button\">Lire plus d&rsquo;informations<\/button>\n    <\/div>\n    <div class=\"image-page\" style=\"background-image:url('https:\/\/dmd.eu\/wp-content\/webp-express\/webp-images\/uploads\/2024\/04\/oro.jpg.webp');\">\n    <\/div>\n    \n    <div class=\"more-info\">\n      <div id=\"info\" class=\"conteiner\">\n        <div class=\"box medium category-text--mobile\">\n          <p>DMD pr\u00e9sente les casques moto en cuir <strong>Collezione Oro<\/strong>, une ligne haut de gamme r\u00e9alis\u00e9e \u00e0 partir de mat\u00e9riaux nobles et pr\u00e9cieux. Les garnitures en cuir italien combin\u00e9es avec la s\u00e9curit\u00e9 des casques jet en font des produits uniques et pr\u00e9cieux.<\/p>\n<p>\ud83c\uddee\ud83c\uddf9 Fabriqu\u00e9 en Italie, avec passion.<\/p>\n        <\/div>\n        <div class=\"box medium\">\n          <h4>POURQUOI CHOISIR UN CASQUE DE MOTO EN CUIR COLLECTION ORO?<\/h4>\n<p>Nous avons combin\u00e9 diff\u00e9rents styles et les avons rassembl\u00e9s en une seule collection, d\u00e9di\u00e9e \u00e0 ceux qui recherchent l&rsquo;exclusivit\u00e9 totale.<br \/>\nLes casques de moto en cuir se caract\u00e9risent par la qualit\u00e9 de chacun de leurs composants, re\ufb01nis\u00e9s \u00e0 l&rsquo;int\u00e9rieur avec des garnitures en cuir italien et du shalimar, un tissu doux et confortable. La coque en carbone Kevlar offre l\u00e9g\u00e8ret\u00e9 et s\u00e9curit\u00e9 maximales.<\/p>\n        <\/div>\n        <div class=\"box medium\">\n          <h4>QUELQUES INFORMATIONS UTILES POUR TOUS LES MOTOCYCLISTES:<\/h4>\n<ul>\n<li>Cette cat\u00e9gorie comprend les casques int\u00e9graux et les mod\u00e8les \u00e0 jet ouvert;<\/li>\n<li>Ils sont dot\u00e9s de boutons int\u00e9gr\u00e9s dans la coque pour l&rsquo;utilisation des visi\u00e8res et des visi\u00e8res casquettes.<\/li>\n<\/ul>\n<p>Cette ligne exclusive est parfaite pour les motocyclistes les plus sophistiqu\u00e9s, mais aussi pour les passionn\u00e9s qui ne renoncent pas \u00e0 la s\u00e9curit\u00e9 et \u00e0 la praticit\u00e9 des mod\u00e8les jet Vintage. Choisissez le casque moto en cuir <strong>Collezione Oro<\/strong> qui vous convient!<\/p>\n        <\/div>\n      <\/div>\n    <\/div>\n\n    <div class=\"filter-row\">\n                <\/div>\n\n          \n<a href=\"https:\/\/dmd.eu\/fr\/prodotto\/casques-oro\/roma\/\" class=\"product-preview w-inline-block\" data-ix=\"hover-product\">\n    <img decoding=\"async\" src=\"https:\/\/dmd.eu\/wp-content\/webp-express\/webp-images\/uploads\/2023\/08\/DMD-Collezione-ORO-Roma-front.jpg.webp\" loading=\"lazy\" alt=\"dmd.eu - ROMA SOLID\" class=\"product-image\">\n  <div class=\"title-product-content\">\n    <h3 class=\"extra-small-title\">ROMA SOLID<\/h3>\n    <div>\n      <del aria-hidden=\"true\"><span class=\"woocommerce-Price-amount amount\"><bdi>349,00<span class=\"woocommerce-Price-currencySymbol\">&euro;<\/span><\/bdi><\/span><\/del> <span class=\"screen-reader-text\">Le prix initial \u00e9tait\u00a0: 349,00&euro;.<\/span><ins aria-hidden=\"true\"><span class=\"woocommerce-Price-amount amount\"><bdi>226,00<span class=\"woocommerce-Price-currencySymbol\">&euro;<\/span><\/bdi><\/span><\/ins><span class=\"screen-reader-text\">Le prix actuel est\u00a0: 226,00&euro;.<\/span><span>\n    <\/div>\n  <\/div>\n    <\/a>\n<a href=\"https:\/\/dmd.eu\/fr\/prodotto\/casques-oro\/roma-copia\/\" class=\"product-preview w-inline-block\" data-ix=\"hover-product\">\n    <img decoding=\"async\" src=\"https:\/\/dmd.eu\/wp-content\/webp-express\/webp-images\/uploads\/2024\/05\/DMD-Collezione-ORO-Roma-front.jpg.webp\" loading=\"lazy\" alt=\"dmd.eu - ROMA MATT\" class=\"product-image\">\n  <div class=\"title-product-content\">\n    <h3 class=\"extra-small-title\">ROMA MATT<\/h3>\n    <div>\n      <del aria-hidden=\"true\"><span class=\"woocommerce-Price-amount amount\"><bdi>349,00<span class=\"woocommerce-Price-currencySymbol\">&euro;<\/span><\/bdi><\/span><\/del> <span class=\"screen-reader-text\">Le prix initial \u00e9tait\u00a0: 349,00&euro;.<\/span><ins aria-hidden=\"true\"><span class=\"woocommerce-Price-amount amount\"><bdi>226,00<span class=\"woocommerce-Price-currencySymbol\">&euro;<\/span><\/bdi><\/span><\/ins><span class=\"screen-reader-text\">Le prix actuel est\u00a0: 226,00&euro;.<\/span><span>\n    <\/div>\n  <\/div>\n    <\/a>\n<a href=\"https:\/\/dmd.eu\/fr\/prodotto\/casques-oro\/berlino\/\" class=\"product-preview w-inline-block\" data-ix=\"hover-product\">\n    <img decoding=\"async\" src=\"https:\/\/dmd.eu\/wp-content\/webp-express\/webp-images\/uploads\/2024\/06\/DMD-Oro-Vintage-Berlino-front.jpg.webp\" loading=\"lazy\" alt=\"dmd.eu - BERLINO\" class=\"product-image\">\n  <div class=\"title-product-content\">\n    <h3 class=\"extra-small-title\">BERLINO<\/h3>\n    <div>\n      <del aria-hidden=\"true\"><span class=\"woocommerce-Price-amount amount\"><bdi>349,00<span class=\"woocommerce-Price-currencySymbol\">&euro;<\/span><\/bdi><\/span><\/del> <span class=\"screen-reader-text\">Le prix initial \u00e9tait\u00a0: 349,00&euro;.<\/span><ins aria-hidden=\"true\"><span class=\"woocommerce-Price-amount amount\"><bdi>226,00<span class=\"woocommerce-Price-currencySymbol\">&euro;<\/span><\/bdi><\/span><\/ins><span class=\"screen-reader-text\">Le prix actuel est\u00a0: 226,00&euro;.<\/span><span>\n    <\/div>\n  <\/div>\n    <\/a>\n<a href=\"https:\/\/dmd.eu\/fr\/prodotto\/casques-oro\/rio\/\" class=\"product-preview w-inline-block\" data-ix=\"hover-product\">\n    <img decoding=\"async\" src=\"https:\/\/dmd.eu\/wp-content\/webp-express\/webp-images\/uploads\/2024\/06\/DMD-Oro-Vintage-Rio-front-.jpg.webp\" loading=\"lazy\" alt=\"dmd.eu - RIO\" class=\"product-image\">\n  <div class=\"title-product-content\">\n    <h3 class=\"extra-small-title\">RIO<\/h3>\n    <div>\n      <del aria-hidden=\"true\"><span class=\"woocommerce-Price-amount amount\"><bdi>349,00<span class=\"woocommerce-Price-currencySymbol\">&euro;<\/span><\/bdi><\/span><\/del> <span class=\"screen-reader-text\">Le prix initial \u00e9tait\u00a0: 349,00&euro;.<\/span><ins aria-hidden=\"true\"><span class=\"woocommerce-Price-amount amount\"><bdi>226,00<span class=\"woocommerce-Price-currencySymbol\">&euro;<\/span><\/bdi><\/span><\/ins><span class=\"screen-reader-text\">Le prix actuel est\u00a0: 226,00&euro;.<\/span><span>\n    <\/div>\n  <\/div>\n    <\/a>\n<a href=\"https:\/\/dmd.eu\/fr\/prodotto\/casques-oro\/milwaukee\/\" class=\"product-preview w-inline-block\" data-ix=\"hover-product\">\n    <img decoding=\"async\" src=\"https:\/\/dmd.eu\/wp-content\/webp-express\/webp-images\/uploads\/2023\/08\/DMD-Oro-Vintage-Milwaukee-Front.jpg.webp\" loading=\"lazy\" alt=\"dmd.eu - MILWAUKEE\" class=\"product-image\">\n  <div class=\"title-product-content\">\n    <h3 class=\"extra-small-title\">MILWAUKEE<\/h3>\n    <div>\n      <del aria-hidden=\"true\"><span class=\"woocommerce-Price-amount amount\"><bdi>349,00<span class=\"woocommerce-Price-currencySymbol\">&euro;<\/span><\/bdi><\/span><\/del> <span class=\"screen-reader-text\">Le prix initial \u00e9tait\u00a0: 349,00&euro;.<\/span><ins aria-hidden=\"true\"><span class=\"woocommerce-Price-amount amount\"><bdi>226,00<span class=\"woocommerce-Price-currencySymbol\">&euro;<\/span><\/bdi><\/span><\/ins><span class=\"screen-reader-text\">Le prix actuel est\u00a0: 226,00&euro;.<\/span><span>\n    <\/div>\n  <\/div>\n    <\/a>\n<a href=\"https:\/\/dmd.eu\/fr\/prodotto\/casques-oro\/londra\/\" class=\"product-preview w-inline-block\" data-ix=\"hover-product\">\n    <img decoding=\"async\" src=\"https:\/\/dmd.eu\/wp-content\/webp-express\/webp-images\/uploads\/2023\/08\/DMD-Oro-Vintage-Londra-FRONT.jpg.webp\" loading=\"lazy\" alt=\"dmd.eu - LONDRA\" class=\"product-image\">\n  <div class=\"title-product-content\">\n    <h3 class=\"extra-small-title\">LONDRA<\/h3>\n    <div>\n      <del aria-hidden=\"true\"><span class=\"woocommerce-Price-amount amount\"><bdi>349,00<span class=\"woocommerce-Price-currencySymbol\">&euro;<\/span><\/bdi><\/span><\/del> <span class=\"screen-reader-text\">Le prix initial \u00e9tait\u00a0: 349,00&euro;.<\/span><ins aria-hidden=\"true\"><span class=\"woocommerce-Price-amount amount\"><bdi>226,00<span class=\"woocommerce-Price-currencySymbol\">&euro;<\/span><\/bdi><\/span><\/ins><span class=\"screen-reader-text\">Le prix actuel est\u00a0: 226,00&euro;.<\/span><span>\n    <\/div>\n  <\/div>\n    <\/a>\n<a href=\"https:\/\/dmd.eu\/fr\/prodotto\/casques-oro\/bergamo\/\" class=\"product-preview w-inline-block\" data-ix=\"hover-product\">\n    <img decoding=\"async\" src=\"https:\/\/dmd.eu\/wp-content\/webp-express\/webp-images\/uploads\/2024\/06\/DMD-Oro-Seventyfive-Bergamo-front.jpg.webp\" loading=\"lazy\" alt=\"dmd.eu - BERGAMO\" class=\"product-image\">\n  <div class=\"title-product-content\">\n    <h3 class=\"extra-small-title\">BERGAMO<\/h3>\n    <div>\n      <del aria-hidden=\"true\"><span class=\"woocommerce-Price-amount amount\"><bdi>469,00<span class=\"woocommerce-Price-currencySymbol\">&euro;<\/span><\/bdi><\/span><\/del> <span class=\"screen-reader-text\">Le prix initial \u00e9tait\u00a0: 469,00&euro;.<\/span><ins aria-hidden=\"true\"><span class=\"woocommerce-Price-amount amount\"><bdi>300,00<span class=\"woocommerce-Price-currencySymbol\">&euro;<\/span><\/bdi><\/span><\/ins><span class=\"screen-reader-text\">Le prix actuel est\u00a0: 300,00&euro;.<\/span><span>\n    <\/div>\n  <\/div>\n    <\/a>\n<a href=\"https:\/\/dmd.eu\/fr\/prodotto\/casques-oro\/lisbona\/\" class=\"product-preview w-inline-block\" data-ix=\"hover-product\">\n    <img decoding=\"async\" src=\"https:\/\/dmd.eu\/wp-content\/webp-express\/webp-images\/uploads\/2023\/08\/DMD-Oro-Seventyfive-Lisbona-front.jpg.webp\" loading=\"lazy\" alt=\"dmd.eu - LISBONA\" class=\"product-image\">\n  <div class=\"title-product-content\">\n    <h3 class=\"extra-small-title\">LISBONA<\/h3>\n    <div>\n      <del aria-hidden=\"true\"><span class=\"woocommerce-Price-amount amount\"><bdi>469,00<span class=\"woocommerce-Price-currencySymbol\">&euro;<\/span><\/bdi><\/span><\/del> <span class=\"screen-reader-text\">Le prix initial \u00e9tait\u00a0: 469,00&euro;.<\/span><ins aria-hidden=\"true\"><span class=\"woocommerce-Price-amount amount\"><bdi>300,00<span class=\"woocommerce-Price-currencySymbol\">&euro;<\/span><\/bdi><\/span><\/ins><span class=\"screen-reader-text\">Le prix actuel est\u00a0: 300,00&euro;.<\/span><span>\n    <\/div>\n  <\/div>\n    <\/a>\n<a href=\"https:\/\/dmd.eu\/fr\/prodotto\/casques-oro\/amsterdam\/\" class=\"product-preview w-inline-block\" data-ix=\"hover-product\">\n    <img decoding=\"async\" src=\"https:\/\/dmd.eu\/wp-content\/webp-express\/webp-images\/uploads\/2024\/06\/DMD-Oro-Seventyfive-Amsterdam-front.jpg.webp\" loading=\"lazy\" alt=\"dmd.eu - AMSTERDAM\" class=\"product-image\">\n  <div class=\"title-product-content\">\n    <h3 class=\"extra-small-title\">AMSTERDAM<\/h3>\n    <div>\n      <del aria-hidden=\"true\"><span class=\"woocommerce-Price-amount amount\"><bdi>469,00<span class=\"woocommerce-Price-currencySymbol\">&euro;<\/span><\/bdi><\/span><\/del> <span class=\"screen-reader-text\">Le prix initial \u00e9tait\u00a0: 469,00&euro;.<\/span><ins aria-hidden=\"true\"><span class=\"woocommerce-Price-amount amount\"><bdi>300,00<span class=\"woocommerce-Price-currencySymbol\">&euro;<\/span><\/bdi><\/span><\/ins><span class=\"screen-reader-text\">Le prix actuel est\u00a0: 300,00&euro;.<\/span><span>\n    <\/div>\n  <\/div>\n    <\/a>  <\/div>","protected":false},"excerpt":{"rendered":"","protected":false},"author":2,"featured_media":0,"parent":0,"menu_order":0,"comment_status":"closed","ping_status":"closed","template":"","meta":{"_acf_changed":true,"footnotes":""},"class_list":["post-12589","page","type-page","status-publish","hentry"],"acf":[],"jetpack_sharing_enabled":true,"_links":{"self":[{"href":"https:\/\/dmd.eu\/fr\/wp-json\/wp\/v2\/pages\/12589","targetHints":{"allow":["GET"]}}],"collection":[{"href":"https:\/\/dmd.eu\/fr\/wp-json\/wp\/v2\/pages"}],"about":[{"href":"https:\/\/dmd.eu\/fr\/wp-json\/wp\/v2\/types\/page"}],"author":[{"embeddable":true,"href":"https:\/\/dmd.eu\/fr\/wp-json\/wp\/v2\/users\/2"}],"replies":[{"embeddable":true,"href":"https:\/\/dmd.eu\/fr\/wp-json\/wp\/v2\/comments?post=12589"}],"version-history":[{"count":0,"href":"https:\/\/dmd.eu\/fr\/wp-json\/wp\/v2\/pages\/12589\/revisions"}],"wp:attachment":[{"href":"https:\/\/dmd.eu\/fr\/wp-json\/wp\/v2\/media?parent=12589"}],"curies":[{"name":"wp","href":"https:\/\/api.w.org\/{rel}","templated":true}]}}