{"id":12583,"date":"2023-10-04T15:20:18","date_gmt":"2023-10-04T13:20:18","guid":{"rendered":"https:\/\/www.dmd.eu\/caschi-moto-custom\/"},"modified":"2026-02-25T09:57:51","modified_gmt":"2026-02-25T08:57:51","slug":"casques-moto-handmade","status":"publish","type":"page","link":"https:\/\/dmd.eu\/fr\/casques-moto-handmade\/","title":{"rendered":"HANDMADE"},"content":{"rendered":"  <div id=\"b-categorypage-block_ab0b5f0a98132e12189b0fac3158e0d5\" class=\"conteiner\">\n    <div class=\"header-category\">\n      <h1 class=\"big-text\">CASQUES CUSTOM HANDMADE<\/h1>\n      <div class=\"category-text--desktop\">\n        <p>La collection <strong>Handmade<\/strong> comprend une s\u00e9lection de casques peints \u00e0 la main. Cette collection de casques Jet et int\u00e9graux est unique dans son style et fabrication. Exclusifs et uniques en termes de design et de graphisme, ce sont des produits tr\u00e8s appr\u00e9ci\u00e9s et recherch\u00e9s par tous les motocyclistes.<\/p>\n      <\/div>\n      <button class=\"link-anchor more-info-button\">Lire plus d&rsquo;informations<\/button>\n    <\/div>\n    <div class=\"image-page\" style=\"background-image:url('https:\/\/dmd.eu\/wp-content\/webp-express\/webp-images\/uploads\/2026\/02\/HANDMADE-3.jpg.webp');\">\n    <\/div>\n    \n    <div class=\"more-info\">\n      <div id=\"info\" class=\"conteiner\">\n        <div class=\"box medium category-text--mobile\">\n          <p>La collection <strong>Handmade<\/strong> comprend une s\u00e9lection de casques peints \u00e0 la main. Cette collection de casques Jet et int\u00e9graux est unique dans son style et fabrication. Exclusifs et uniques en termes de design et de graphisme, ce sont des produits tr\u00e8s appr\u00e9ci\u00e9s et recherch\u00e9s par tous les motocyclistes.<\/p>\n        <\/div>\n        <div class=\"box medium\">\n          <h4>POURQUOI CHOISIR DES CASQUES HANDMADE?<\/h4>\n<p>Peint \u00e0 la main: c&rsquo;est le point fort de la collection <strong>Handmade<\/strong>. D\u00e9couvrez les graphismes du catalogue DMD, qui conf\u00e8rent \u00e0 chaque casque un effet vintage gr\u00e2ce \u00e0 l\u2019utilisation d\u2019un vernis \u00e0 effet craquel\u00e9. La recherche de l\u2019exclusivit\u00e9 dans les casques custom Handmade est ce qui rend cette ligne de casques jet et int\u00e9graux si particuli\u00e8re. Le processus de cr\u00e9ation fait de chaque article une pi\u00e8ce unique, n\u00e9e d&rsquo;une passion irr\u00e9sistible pour les motos. Les casques ne sont pas personnalisables, mais leur cr\u00e9ativit\u00e9 vous s\u00e9duira rapidement. Vous trouverez certainement le produit qui vous convient.<\/p>\n        <\/div>\n        <div class=\"box medium\">\n          <h4><strong>QUELQUES INFORMATIONS POUR LES MOTOCYCLISTE:<\/strong><\/h4>\n<ul>\n<li>En tant que casques homologu\u00e9s, ils vous offrent le plus haut niveau de s\u00e9curit\u00e9 et de confort;<\/li>\n<li>Gr\u00e2ce \u00e0 leur graphisme vintage, ils s&rsquo;adaptent \u00e0 tous les looks et \u00e0 tous les styles.<\/li>\n<\/ul>\n<p>Offrez-vous un produit aussi exclusif que votre passion. Choisissez un casque custom Handmade.<\/p>\n        <\/div>\n      <\/div>\n    <\/div>\n\n    <div class=\"filter-row\">\n                <\/div>\n\n          \n<a href=\"https:\/\/dmd.eu\/fr\/prodotto\/casques-handmade\/league\/\" class=\"product-preview w-inline-block\" data-ix=\"hover-product\">\n    <img decoding=\"async\" src=\"https:\/\/dmd.eu\/wp-content\/webp-express\/webp-images\/uploads\/2026\/01\/DMD-Handmade-League-Front.jpg.webp\" loading=\"lazy\" alt=\"dmd.eu - LEAGUE\" class=\"product-image\">\n  <div class=\"title-product-content\">\n    <h3 class=\"extra-small-title\">LEAGUE<\/h3>\n    <div>\n      <span class=\"woocommerce-Price-amount amount\"><bdi>890,00<span class=\"woocommerce-Price-currencySymbol\">&euro;<\/span><\/bdi><\/span><span>\n    <\/div>\n  <\/div>\n    <\/a>\n<a href=\"https:\/\/dmd.eu\/fr\/prodotto\/casques-handmade\/silk\/\" class=\"product-preview w-inline-block\" data-ix=\"hover-product\">\n    <img decoding=\"async\" src=\"https:\/\/dmd.eu\/wp-content\/webp-express\/webp-images\/uploads\/2026\/01\/DMD-Handmade-Silk-Front.jpg.webp\" loading=\"lazy\" alt=\"dmd.eu - SILK\" class=\"product-image\">\n  <div class=\"title-product-content\">\n    <h3 class=\"extra-small-title\">SILK<\/h3>\n    <div>\n      <span class=\"woocommerce-Price-amount amount\"><bdi>890,00<span class=\"woocommerce-Price-currencySymbol\">&euro;<\/span><\/bdi><\/span><span>\n    <\/div>\n  <\/div>\n    <\/a>\n<a href=\"https:\/\/dmd.eu\/fr\/prodotto\/casques-handmade\/smile-gold-leaf\/\" class=\"product-preview w-inline-block\" data-ix=\"hover-product\">\n    <img decoding=\"async\" src=\"https:\/\/dmd.eu\/wp-content\/webp-express\/webp-images\/uploads\/2025\/01\/DMD-Handmade-Smile-Gold-SX.jpg.webp\" loading=\"lazy\" alt=\"dmd.eu - SMILE GOLD LEAF\" class=\"product-image\">\n  <div class=\"title-product-content\">\n    <h3 class=\"extra-small-title\">SMILE GOLD LEAF<\/h3>\n    <div>\n      <span class=\"woocommerce-Price-amount amount\"><bdi>890,00<span class=\"woocommerce-Price-currencySymbol\">&euro;<\/span><\/bdi><\/span><span>\n    <\/div>\n  <\/div>\n    <\/a>\n<a href=\"https:\/\/dmd.eu\/fr\/prodotto\/casques-handmade\/glam\/\" class=\"product-preview w-inline-block\" data-ix=\"hover-product\">\n    <img decoding=\"async\" src=\"https:\/\/dmd.eu\/wp-content\/webp-express\/webp-images\/uploads\/2026\/01\/DMD-Handmade-Glam-SX.jpg.webp\" loading=\"lazy\" alt=\"dmd.eu - GLAM\" class=\"product-image\">\n  <div class=\"title-product-content\">\n    <h3 class=\"extra-small-title\">GLAM<\/h3>\n    <div>\n      <span class=\"woocommerce-Price-amount amount\"><bdi>890,00<span class=\"woocommerce-Price-currencySymbol\">&euro;<\/span><\/bdi><\/span><span>\n    <\/div>\n  <\/div>\n    <\/a>\n<a href=\"https:\/\/dmd.eu\/fr\/prodotto\/casques-handmade\/parallel\/\" class=\"product-preview w-inline-block\" data-ix=\"hover-product\">\n    <img decoding=\"async\" src=\"https:\/\/dmd.eu\/wp-content\/webp-express\/webp-images\/uploads\/2026\/01\/DMD-Handmade-Parallel-sx.jpg.webp\" loading=\"lazy\" alt=\"dmd.eu - PARALLEL\" class=\"product-image\">\n  <div class=\"title-product-content\">\n    <h3 class=\"extra-small-title\">PARALLEL<\/h3>\n    <div>\n      <span class=\"woocommerce-Price-amount amount\"><bdi>990,00<span class=\"woocommerce-Price-currencySymbol\">&euro;<\/span><\/bdi><\/span><span>\n    <\/div>\n  <\/div>\n    <\/a>\n<a href=\"https:\/\/dmd.eu\/fr\/prodotto\/casques-handmade\/arrow-gold-leaf\/\" class=\"product-preview w-inline-block\" data-ix=\"hover-product\">\n    <img decoding=\"async\" src=\"https:\/\/dmd.eu\/wp-content\/webp-express\/webp-images\/uploads\/2025\/01\/DMD-Handmade-Arrow-Gold-Leaf-front.jpg.webp\" loading=\"lazy\" alt=\"dmd.eu - ARROW GOLD LEAF\" class=\"product-image\">\n  <div class=\"title-product-content\">\n    <h3 class=\"extra-small-title\">ARROW GOLD LEAF<\/h3>\n    <div>\n      <span class=\"woocommerce-Price-amount amount\"><bdi>990,00<span class=\"woocommerce-Price-currencySymbol\">&euro;<\/span><\/bdi><\/span><span>\n    <\/div>\n  <\/div>\n    <\/a>\n<a href=\"https:\/\/dmd.eu\/fr\/prodotto\/casques-handmade\/turtle\/\" class=\"product-preview w-inline-block\" data-ix=\"hover-product\">\n    <img decoding=\"async\" src=\"https:\/\/dmd.eu\/wp-content\/webp-express\/webp-images\/uploads\/2026\/01\/DMD-Handmade-Turtle-sx.jpg.webp\" loading=\"lazy\" alt=\"dmd.eu - TURTLE\" class=\"product-image\">\n  <div class=\"title-product-content\">\n    <h3 class=\"extra-small-title\">TURTLE<\/h3>\n    <div>\n      <span class=\"woocommerce-Price-amount amount\"><bdi>990,00<span class=\"woocommerce-Price-currencySymbol\">&euro;<\/span><\/bdi><\/span><span>\n    <\/div>\n  <\/div>\n    <\/a>\n<a href=\"https:\/\/dmd.eu\/fr\/prodotto\/casques-handmade\/line\/\" class=\"product-preview w-inline-block\" data-ix=\"hover-product\">\n    <img decoding=\"async\" src=\"https:\/\/dmd.eu\/wp-content\/webp-express\/webp-images\/uploads\/2025\/01\/DMD-Rivale-Buzz-sx-1.jpg.webp\" loading=\"lazy\" alt=\"dmd.eu - LINE\" class=\"product-image\">\n  <div class=\"title-product-content\">\n    <h3 class=\"extra-small-title\">LINE<\/h3>\n    <div>\n      <span class=\"woocommerce-Price-amount amount\"><bdi>990,00<span class=\"woocommerce-Price-currencySymbol\">&euro;<\/span><\/bdi><\/span><span>\n    <\/div>\n  <\/div>\n    <\/a>  <\/div>","protected":false},"excerpt":{"rendered":"","protected":false},"author":2,"featured_media":0,"parent":0,"menu_order":0,"comment_status":"closed","ping_status":"closed","template":"","meta":{"_acf_changed":true,"footnotes":""},"class_list":["post-12583","page","type-page","status-publish","hentry"],"acf":[],"jetpack_sharing_enabled":true,"_links":{"self":[{"href":"https:\/\/dmd.eu\/fr\/wp-json\/wp\/v2\/pages\/12583","targetHints":{"allow":["GET"]}}],"collection":[{"href":"https:\/\/dmd.eu\/fr\/wp-json\/wp\/v2\/pages"}],"about":[{"href":"https:\/\/dmd.eu\/fr\/wp-json\/wp\/v2\/types\/page"}],"author":[{"embeddable":true,"href":"https:\/\/dmd.eu\/fr\/wp-json\/wp\/v2\/users\/2"}],"replies":[{"embeddable":true,"href":"https:\/\/dmd.eu\/fr\/wp-json\/wp\/v2\/comments?post=12583"}],"version-history":[{"count":0,"href":"https:\/\/dmd.eu\/fr\/wp-json\/wp\/v2\/pages\/12583\/revisions"}],"wp:attachment":[{"href":"https:\/\/dmd.eu\/fr\/wp-json\/wp\/v2\/media?parent=12583"}],"curies":[{"name":"wp","href":"https:\/\/api.w.org\/{rel}","templated":true}]}}