{"id":12578,"date":"2023-10-04T14:52:40","date_gmt":"2023-10-04T12:52:40","guid":{"rendered":"https:\/\/www.dmd.eu\/caschi-moto-jet\/p1-demi-jet-visiera\/"},"modified":"2026-03-24T15:30:47","modified_gmt":"2026-03-24T14:30:47","slug":"p1-demi-jet-avec-visiere","status":"publish","type":"page","link":"https:\/\/dmd.eu\/fr\/casques-jet-moto\/p1-demi-jet-avec-visiere\/","title":{"rendered":"P1"},"content":{"rendered":"  <div id=\"b-categorypage-block_e2d727ef814033016cda022df0c1d36d\" class=\"conteiner\">\n    <div class=\"header-category\">\n      <h1 class=\"big-text\">CASQUES DEMI-JET P1<\/h1>\n      <div class=\"category-text--desktop\">\n        <p>Le <strong>casque demi-jet P1<\/strong> est compact, \u00e0 l\u2019image du casque bol des ann\u00e9es 70, mais il poss\u00e8de une visi\u00e8re de derni\u00e8re g\u00e9n\u00e9ration compl\u00e9tement amovible.<br \/>\nGrace \u00e0 son syst\u00e8me d\u2019attache, la visi\u00e8re peut \u00eatre enlev\u00e9e ou remise tr\u00e8s facilement, offrant ainsi deux casque en un: un jet avec visi\u00e8re, id\u00e9al pour l\u2019hivers, et un jet qui, \u00e0 la belle saison, peut \u00eatre associ\u00e9 avec des lunettes de moto, un masque ou d\u2019autres accessoires.<\/p>\n<p>\ud83c\uddee\ud83c\uddf9 Fabriqu\u00e9 en Italie, avec passion.<\/p>\n      <\/div>\n      <button class=\"link-anchor more-info-button\">Lire plus d\u2019informations<\/button>\n    <\/div>\n    <div class=\"image-page\" style=\"background-image:url('https:\/\/dmd.eu\/wp-content\/webp-express\/webp-images\/uploads\/2026\/03\/p1-new_2026.jpg.webp');\">\n    <\/div>\n    \n    <div class=\"more-info\">\n      <div id=\"info\" class=\"conteiner\">\n        <div class=\"box medium category-text--mobile\">\n          <p>Le <strong>casque demi-jet P1<\/strong> est compact, \u00e0 l\u2019image du casque bol des ann\u00e9es 70, mais il poss\u00e8de une visi\u00e8re de derni\u00e8re g\u00e9n\u00e9ration compl\u00e9tement amovible.<br \/>\nGrace \u00e0 son syst\u00e8me d\u2019attache, la visi\u00e8re peut \u00eatre enlev\u00e9e ou remise tr\u00e8s facilement, offrant ainsi deux casque en un: un jet avec visi\u00e8re, id\u00e9al pour l\u2019hivers, et un jet qui, \u00e0 la belle saison, peut \u00eatre associ\u00e9 avec des lunettes de moto, un masque ou d\u2019autres accessoires.<\/p>\n<p>\ud83c\uddee\ud83c\uddf9 Fabriqu\u00e9 en Italie, avec passion.<\/p>\n        <\/div>\n        <div class=\"box medium\">\n          <h4>POURQUOI CHOISIR UN CASQUE DEMI JET?<\/h4>\n<p>Le <strong>casque demi-jet P1<\/strong> est inspir\u00e9 de la ligne de coques des ann\u00e9es 1970, mais vient avec la derni\u00e8re g\u00e9n\u00e9ration de visi\u00e8res longues, claires et amovibles.<br \/>\nGr\u00e2ce \u00e0 un syst\u00e8me simple, la visi\u00e8re peut \u00eatre d\u00e9viss\u00e9e et viss\u00e9e. En outre, il est tr\u00e8s utile pour la saison d\u2019hiver comme un accessoire qui prot\u00e8ge du vent et du froid. Par beau temps, le casque demi-jet peut \u00e9galement \u00eatre port\u00e9 avec une visi\u00e8re dans sa variante sombre.<br \/>\nDisponible en diff\u00e9rentes couleurs, il dispose d\u2019une coque en fibre de verre, d\u2019un int\u00e9rieur amovible et lavable et d\u2019une fermeture \u00e0 anneau pour une s\u00e9curit\u00e9 maximale lors de la conduite de votre v\u00e9lo.<\/p>\n        <\/div>\n        <div class=\"box medium\">\n          <h4>QUELQUES CONSEILS ET INFORMATIONS UTILES POUR CHAQUE MOTOCYCLISTE:<\/h4>\n<p data-start=\"580\" data-end=\"967\">La diff\u00e9rence entre un casque Jet Retro et un Demi Jet P1 r\u00e9side principalement dans la visi\u00e8re : sur le premier, elle est optionnelle, tandis que sur le second, elle est int\u00e9gr\u00e9e, tout en restant amovible. Le Demi Jet P1 se distingue \u00e9galement par des d\u00e9tails haut de gamme, tels que des vis en titane et des bagues de visi\u00e8re en carbone, qui mettent en valeur sa qualit\u00e9 et son design.<\/p>\n<p data-start=\"969\" data-end=\"1062\">N\u2019oubliez pas que les int\u00e9rieurs sont lavables : il suffit de les retirer avant le nettoyage.<\/p>\n<p data-start=\"1064\" data-end=\"1163\">Choisissez votre Demi Jet et portez-le en toute saison pour une conduite toujours plus confortable.<\/p>\n        <\/div>\n      <\/div>\n    <\/div>\n\n    <div class=\"filter-row\">\n                <\/div>\n\n          \n<a href=\"https:\/\/dmd.eu\/fr\/prodotto\/casques-jet\/casques-p1\/p1-cream\/\" class=\"product-preview w-inline-block\" data-ix=\"hover-product\">\n    <img decoding=\"async\" src=\"https:\/\/dmd.eu\/wp-content\/webp-express\/webp-images\/uploads\/2026\/01\/DMD-P1-Cream-DX.jpg.webp\" loading=\"lazy\" alt=\"dmd.eu - P1 CREAM\" class=\"product-image\">\n  <div class=\"title-product-content\">\n    <h3 class=\"extra-small-title\">P1 CREAM<\/h3>\n    <div>\n      <span class=\"woocommerce-Price-amount amount\"><bdi>239,00<span class=\"woocommerce-Price-currencySymbol\">&euro;<\/span><\/bdi><\/span><span>\n    <\/div>\n  <\/div>\n    <\/a>\n<a href=\"https:\/\/dmd.eu\/fr\/prodotto\/casques-jet\/casques-p1\/p1-matt-grey\/\" class=\"product-preview w-inline-block\" data-ix=\"hover-product\">\n    <img decoding=\"async\" src=\"https:\/\/dmd.eu\/wp-content\/webp-express\/webp-images\/uploads\/2025\/02\/DMD-P1-Matt-Grey-DX-2.jpg.webp\" loading=\"lazy\" alt=\"dmd.eu - P1 MATT GREY\" class=\"product-image\">\n  <div class=\"title-product-content\">\n    <h3 class=\"extra-small-title\">P1 MATT GREY<\/h3>\n    <div>\n      <span class=\"woocommerce-Price-amount amount\"><bdi>239,00<span class=\"woocommerce-Price-currencySymbol\">&euro;<\/span><\/bdi><\/span><span>\n    <\/div>\n  <\/div>\n    <\/a>\n<a href=\"https:\/\/dmd.eu\/fr\/prodotto\/casques-jet\/casques-p1\/p1-black\/\" class=\"product-preview w-inline-block\" data-ix=\"hover-product\">\n    <img decoding=\"async\" src=\"https:\/\/dmd.eu\/wp-content\/webp-express\/webp-images\/uploads\/2025\/02\/DMD-P1-Black-DX-1.jpg.webp\" loading=\"lazy\" alt=\"dmd.eu - P1 BLACK\" class=\"product-image\">\n  <div class=\"title-product-content\">\n    <h3 class=\"extra-small-title\">P1 BLACK<\/h3>\n    <div>\n      <span class=\"woocommerce-Price-amount amount\"><bdi>239,00<span class=\"woocommerce-Price-currencySymbol\">&euro;<\/span><\/bdi><\/span><span>\n    <\/div>\n  <\/div>\n    <\/a>\n<a href=\"https:\/\/dmd.eu\/fr\/prodotto\/casques-jet\/casques-p1\/p1-white\/\" class=\"product-preview w-inline-block\" data-ix=\"hover-product\">\n    <img decoding=\"async\" src=\"https:\/\/dmd.eu\/wp-content\/webp-express\/webp-images\/uploads\/2025\/02\/DMD-P1-White-DX-2.jpg.webp\" loading=\"lazy\" alt=\"dmd.eu - P1 WHITE\" class=\"product-image\">\n  <div class=\"title-product-content\">\n    <h3 class=\"extra-small-title\">P1 WHITE<\/h3>\n    <div>\n      <span class=\"woocommerce-Price-amount amount\"><bdi>239,00<span class=\"woocommerce-Price-currencySymbol\">&euro;<\/span><\/bdi><\/span><span>\n    <\/div>\n  <\/div>\n    <\/a>\n<a href=\"https:\/\/dmd.eu\/fr\/prodotto\/casques-jet\/casques-p1\/p1-aluminium\/\" class=\"product-preview w-inline-block\" data-ix=\"hover-product\">\n    <img decoding=\"async\" src=\"https:\/\/dmd.eu\/wp-content\/webp-express\/webp-images\/uploads\/2025\/02\/DMD-P1-Aluminium-DX-1.jpg.webp\" loading=\"lazy\" alt=\"dmd.eu - P1 ALUMINIUM\" class=\"product-image\">\n  <div class=\"title-product-content\">\n    <h3 class=\"extra-small-title\">P1 ALUMINIUM<\/h3>\n    <div>\n      <span class=\"woocommerce-Price-amount amount\"><bdi>239,00<span class=\"woocommerce-Price-currencySymbol\">&euro;<\/span><\/bdi><\/span><span>\n    <\/div>\n  <\/div>\n    <\/a>\n<a href=\"https:\/\/dmd.eu\/fr\/prodotto\/casques-jet\/casques-p1\/p1-olive-gold\/\" class=\"product-preview w-inline-block\" data-ix=\"hover-product\">\n    <img decoding=\"async\" src=\"https:\/\/dmd.eu\/wp-content\/webp-express\/webp-images\/uploads\/2025\/02\/DMD-P1-Olive-DX.jpg.webp\" loading=\"lazy\" alt=\"dmd.eu - P1 OLIVE GOLD\" class=\"product-image\">\n  <div class=\"title-product-content\">\n    <h3 class=\"extra-small-title\">P1 OLIVE GOLD<\/h3>\n    <div>\n      <span class=\"woocommerce-Price-amount amount\"><bdi>239,00<span class=\"woocommerce-Price-currencySymbol\">&euro;<\/span><\/bdi><\/span><span>\n    <\/div>\n  <\/div>\n    <\/a>\n<a href=\"https:\/\/dmd.eu\/fr\/prodotto\/casques-jet\/casques-p1\/p1-cipria\/\" class=\"product-preview w-inline-block\" data-ix=\"hover-product\">\n    <img decoding=\"async\" src=\"https:\/\/dmd.eu\/wp-content\/webp-express\/webp-images\/uploads\/2025\/02\/DMD-P1-Cipria-DX-2.jpg.webp\" loading=\"lazy\" alt=\"dmd.eu - P1 CIPRIA\" class=\"product-image\">\n  <div class=\"title-product-content\">\n    <h3 class=\"extra-small-title\">P1 CIPRIA<\/h3>\n    <div>\n      <span class=\"woocommerce-Price-amount amount\"><bdi>239,00<span class=\"woocommerce-Price-currencySymbol\">&euro;<\/span><\/bdi><\/span><span>\n    <\/div>\n  <\/div>\n    <\/a>\n<a href=\"https:\/\/dmd.eu\/fr\/prodotto\/casques-jet\/casques-p1\/p1-caffe\/\" class=\"product-preview w-inline-block\" data-ix=\"hover-product\">\n    <img decoding=\"async\" src=\"https:\/\/dmd.eu\/wp-content\/webp-express\/webp-images\/uploads\/2025\/02\/DMD-P1-Caffe\u0300-DX-1.jpg.webp\" loading=\"lazy\" alt=\"dmd.eu - P1 CAFF\u00c8\" class=\"product-image\">\n  <div class=\"title-product-content\">\n    <h3 class=\"extra-small-title\">P1 CAFF\u00c8<\/h3>\n    <div>\n      <span class=\"woocommerce-Price-amount amount\"><bdi>239,00<span class=\"woocommerce-Price-currencySymbol\">&euro;<\/span><\/bdi><\/span><span>\n    <\/div>\n  <\/div>\n    <\/a>\n<a href=\"https:\/\/dmd.eu\/fr\/prodotto\/casques-jet\/casques-p1\/p1-matt-black\/\" class=\"product-preview w-inline-block\" data-ix=\"hover-product\">\n    <img decoding=\"async\" src=\"https:\/\/dmd.eu\/wp-content\/webp-express\/webp-images\/uploads\/2023\/08\/DMD-P1-Matt-Black-DX-3.jpg.webp\" loading=\"lazy\" alt=\"dmd.eu - P1 MATT BLACK\" class=\"product-image\">\n  <div class=\"title-product-content\">\n    <h3 class=\"extra-small-title\">P1 MATT BLACK<\/h3>\n    <div>\n      <span class=\"woocommerce-Price-amount amount\"><bdi>239,00<span class=\"woocommerce-Price-currencySymbol\">&euro;<\/span><\/bdi><\/span><span>\n    <\/div>\n  <\/div>\n    <\/a>\n<a href=\"https:\/\/dmd.eu\/fr\/prodotto\/casques-jet\/casques-p1\/p1-star-grey\/\" class=\"product-preview w-inline-block\" data-ix=\"hover-product\">\n    <img decoding=\"async\" src=\"https:\/\/dmd.eu\/wp-content\/webp-express\/webp-images\/uploads\/2023\/08\/DMD-P1-Star-Grey-DX-2.jpg.webp\" loading=\"lazy\" alt=\"dmd.eu - P1 STAR GREY\" class=\"product-image\">\n  <div class=\"title-product-content\">\n    <h3 class=\"extra-small-title\">P1 STAR GREY<\/h3>\n    <div>\n      <span class=\"woocommerce-Price-amount amount\"><bdi>249,00<span class=\"woocommerce-Price-currencySymbol\">&euro;<\/span><\/bdi><\/span><span>\n    <\/div>\n  <\/div>\n    <\/a>\n<a href=\"https:\/\/dmd.eu\/fr\/prodotto\/casques-jet\/casques-p1\/p1-star-white\/\" class=\"product-preview w-inline-block\" data-ix=\"hover-product\">\n    <img decoding=\"async\" src=\"https:\/\/dmd.eu\/wp-content\/webp-express\/webp-images\/uploads\/2023\/08\/DMD-P1-Star-White-DX-2.jpg.webp\" loading=\"lazy\" alt=\"dmd.eu - P1 STAR WHITE\" class=\"product-image\">\n  <div class=\"title-product-content\">\n    <h3 class=\"extra-small-title\">P1 STAR WHITE<\/h3>\n    <div>\n      <span class=\"woocommerce-Price-amount amount\"><bdi>249,00<span class=\"woocommerce-Price-currencySymbol\">&euro;<\/span><\/bdi><\/span><span>\n    <\/div>\n  <\/div>\n    <\/a>\n<a href=\"https:\/\/dmd.eu\/fr\/prodotto\/casques-jet\/casques-p1\/p1-star-green\/\" class=\"product-preview w-inline-block\" data-ix=\"hover-product\">\n    <img decoding=\"async\" src=\"https:\/\/dmd.eu\/wp-content\/webp-express\/webp-images\/uploads\/2023\/08\/DMD-P1-Star-Green-DX-1.jpg.webp\" loading=\"lazy\" alt=\"dmd.eu - P1 STAR GREEN\" class=\"product-image\">\n  <div class=\"title-product-content\">\n    <h3 class=\"extra-small-title\">P1 STAR GREEN<\/h3>\n    <div>\n      <span class=\"woocommerce-Price-amount amount\"><bdi>249,00<span class=\"woocommerce-Price-currencySymbol\">&euro;<\/span><\/bdi><\/span><span>\n    <\/div>\n  <\/div>\n    <\/a>  <\/div>","protected":false},"excerpt":{"rendered":"","protected":false},"author":2,"featured_media":0,"parent":12574,"menu_order":0,"comment_status":"closed","ping_status":"closed","template":"","meta":{"_acf_changed":true,"footnotes":""},"class_list":["post-12578","page","type-page","status-publish","hentry"],"acf":[],"jetpack_sharing_enabled":true,"_links":{"self":[{"href":"https:\/\/dmd.eu\/fr\/wp-json\/wp\/v2\/pages\/12578","targetHints":{"allow":["GET"]}}],"collection":[{"href":"https:\/\/dmd.eu\/fr\/wp-json\/wp\/v2\/pages"}],"about":[{"href":"https:\/\/dmd.eu\/fr\/wp-json\/wp\/v2\/types\/page"}],"author":[{"embeddable":true,"href":"https:\/\/dmd.eu\/fr\/wp-json\/wp\/v2\/users\/2"}],"replies":[{"embeddable":true,"href":"https:\/\/dmd.eu\/fr\/wp-json\/wp\/v2\/comments?post=12578"}],"version-history":[{"count":0,"href":"https:\/\/dmd.eu\/fr\/wp-json\/wp\/v2\/pages\/12578\/revisions"}],"up":[{"embeddable":true,"href":"https:\/\/dmd.eu\/fr\/wp-json\/wp\/v2\/pages\/12574"}],"wp:attachment":[{"href":"https:\/\/dmd.eu\/fr\/wp-json\/wp\/v2\/media?parent=12578"}],"curies":[{"name":"wp","href":"https:\/\/api.w.org\/{rel}","templated":true}]}}