{"id":12576,"date":"2023-10-04T14:46:46","date_gmt":"2023-10-04T12:46:46","guid":{"rendered":"https:\/\/www.dmd.eu\/caschi-moto-jet\/accessori-jet\/"},"modified":"2025-12-02T10:41:39","modified_gmt":"2025-12-02T09:41:39","slug":"accessoires-jet","status":"publish","type":"page","link":"https:\/\/dmd.eu\/fr\/casques-jet-moto\/accessoires-jet\/","title":{"rendered":"ACCESSOIRES"},"content":{"rendered":"  <div id=\"b-categorypage-block_4d12e243fb6601af810b31ec05531e1a\" class=\"conteiner\">\n    <div class=\"header-category\">\n      <h1 class=\"big-text\">ACCESSOIRES POUR CASQUES JET<br \/>\r\n<\/h1>\n      <div class=\"category-text--desktop\">\n        <p>Quels sont les\u00a0<strong>accessoires<\/strong>\u00a0con\u00e7us pour les\u00a0<strong>casques jet<\/strong>, parfaits pour compl\u00e9ter votre look? DMD pr\u00e9sente une collection de visi\u00e8res et casquettes compatibles, qui prot\u00e8gent le motocycliste de l&rsquo;air froid et du vent. Tous ces accessoires de haute qualit\u00e9 sont exclusifs et con\u00e7us pour la gamme de casques jet et demi-jet.<\/p>\n      <\/div>\n      <button class=\"link-anchor more-info-button\">Lire plus d&rsquo;informations<\/button>\n    <\/div>\n    <div class=\"image-page\" style=\"background-image:url('https:\/\/dmd.eu\/wp-content\/webp-express\/webp-images\/uploads\/2025\/12\/ACCESSORI-JET.jpg.webp');\">\n    <\/div>\n    \n    <div class=\"more-info\">\n      <div id=\"info\" class=\"conteiner\">\n        <div class=\"box medium category-text--mobile\">\n          <p>Quels sont les\u00a0<strong>accessoires<\/strong>\u00a0con\u00e7us pour les\u00a0<strong>casques jet<\/strong>, parfaits pour compl\u00e9ter votre look? DMD pr\u00e9sente une collection de visi\u00e8res et casquettes compatibles, qui prot\u00e8gent le motocycliste de l&rsquo;air froid et du vent. Tous ces accessoires de haute qualit\u00e9 sont exclusifs et con\u00e7us pour la gamme de casques jet et demi-jet.<\/p>\n        <\/div>\n        <div class=\"box medium\">\n          <h4>POURQUOI ACHETER LES ACCESSOIRES JET VINTAGE?<\/h4>\n<p>Les <strong>accessoires<\/strong> et <strong>visi\u00e8res<\/strong> <strong>jet<\/strong> compl\u00e8tent votre look de motard en ajoutant une touche de style \u00e0 votre tenue et un peu plus de confort, tout en \u00e9tant fonctionnels lors de l&rsquo;utilisation d&rsquo;un casque jet. En ligne avec les caract\u00e9ristiques de la collection, ils rappellent un style \u00e9pur\u00e9 et d\u2019inspiration vintage. Sur une moto Custom, Caf\u00e8 racer ou un scooter, les visi\u00e8res des casques jet vous prot\u00e8gent du vent et de la pluie.<\/p>\n        <\/div>\n        <div class=\"box medium\">\n          <h4>QUELQUES INFORMATIONS UTILES POUR TOUT MOTOCYCLISTE:<\/h4>\n<ul>\n<li>Pour choisir une bonne visi\u00e8re, n\u2019oubliez pas de prendre en compte le mod\u00e8le du casque. Toutes les visi\u00e8res ne sont pas compatibles avec tous les mod\u00e8les de casques.<\/li>\n<li>Les visi\u00e8res sont r\u00e9sistantes aux rayures, mais il est pr\u00e9f\u00e9rable de ne pas les traiter avec des produits chimiques agressifs. Nettoyez-les avec de l&rsquo;eau chaude et du savon doux en les essuyant avec un chiffon en microfibre.<\/li>\n<\/ul>\n<p>Choisissez parmi les accessoires du casque jet le masque, la visi\u00e8re ou la casquette qui conviennent le mieux \u00e0 votre look et qui vous prot\u00e8gent sur votre moto!<\/p>\n        <\/div>\n      <\/div>\n    <\/div>\n\n    <div class=\"filter-row\">\n                <\/div>\n\n          \n<a href=\"https:\/\/dmd.eu\/fr\/prodotto\/casques-integraux\/accessoires-integraux\/support-casques\/\" class=\"product-preview w-inline-block\" data-ix=\"hover-product\">\n    <img decoding=\"async\" src=\"https:\/\/dmd.eu\/wp-content\/webp-express\/webp-images\/uploads\/2025\/07\/DMD-Accessory-Porta-Casco.jpg.webp\" loading=\"lazy\" alt=\"dmd.eu - SUPPORT CASQUES\" class=\"product-image\">\n  <div class=\"title-product-content\">\n    <h3 class=\"extra-small-title\">SUPPORT CASQUES<\/h3>\n    <div>\n      <span class=\"woocommerce-Price-amount amount\"><bdi>25,00<span class=\"woocommerce-Price-currencySymbol\">&euro;<\/span><\/bdi><\/span><span>\n    <\/div>\n  <\/div>\n    <\/a>\n<a href=\"https:\/\/dmd.eu\/fr\/prodotto\/casques-integraux\/accessoires-integraux\/ghost-green-2\/\" class=\"product-preview w-inline-block\" data-ix=\"hover-product\">\n    <img decoding=\"async\" src=\"https:\/\/dmd.eu\/wp-content\/webp-express\/webp-images\/uploads\/2024\/03\/DMD-Accessory-Ghost-GREEN-CLEAR-solo.jpg.webp\" loading=\"lazy\" alt=\"dmd.eu - GHOST GREEN\" class=\"product-image\">\n  <div class=\"title-product-content\">\n    <h3 class=\"extra-small-title\">GHOST GREEN<\/h3>\n    <div>\n      <span class=\"woocommerce-Price-amount amount\" aria-hidden=\"true\"><bdi>79,00<span class=\"woocommerce-Price-currencySymbol\">&euro;<\/span><\/bdi><\/span> <span aria-hidden=\"true\">\u00a0\u2013\u00a0<\/span> <span class=\"woocommerce-Price-amount amount\" aria-hidden=\"true\"><bdi>85,00<span class=\"woocommerce-Price-currencySymbol\">&euro;<\/span><\/bdi><\/span><span class=\"screen-reader-text\">Plage de prix\u00a0: 79,00&euro; \u00e0 85,00&euro;<\/span><span>\n    <\/div>\n  <\/div>\n    <\/a>\n<a href=\"https:\/\/dmd.eu\/fr\/prodotto\/casques-integraux\/accessoires-integraux\/lentille-de-remplacement-ghost\/\" class=\"product-preview w-inline-block\" data-ix=\"hover-product\">\n    <img decoding=\"async\" src=\"https:\/\/dmd.eu\/wp-content\/webp-express\/webp-images\/uploads\/2023\/09\/DMD-accessory-ghost-yellow-lens-1.jpg.webp\" loading=\"lazy\" alt=\"dmd.eu - LENTILLE DE REMPLACEMENT GHOST\" class=\"product-image\">\n  <div class=\"title-product-content\">\n    <h3 class=\"extra-small-title\">LENTILLE DE REMPLACEMENT GHOST<\/h3>\n    <div>\n      <span class=\"woocommerce-Price-amount amount\" aria-hidden=\"true\"><bdi>18,00<span class=\"woocommerce-Price-currencySymbol\">&euro;<\/span><\/bdi><\/span> <span aria-hidden=\"true\">\u00a0\u2013\u00a0<\/span> <span class=\"woocommerce-Price-amount amount\" aria-hidden=\"true\"><bdi>31,00<span class=\"woocommerce-Price-currencySymbol\">&euro;<\/span><\/bdi><\/span><span class=\"screen-reader-text\">Plage de prix\u00a0: 18,00&euro; \u00e0 31,00&euro;<\/span><span>\n    <\/div>\n  <\/div>\n    <\/a>\n<a href=\"https:\/\/dmd.eu\/fr\/prodotto\/casques-integraux\/accessoires-integraux\/ghost\/\" class=\"product-preview w-inline-block\" data-ix=\"hover-product\">\n    <img decoding=\"async\" src=\"https:\/\/dmd.eu\/wp-content\/webp-express\/webp-images\/uploads\/2023\/09\/DMD-Accessory-Ghost-clear-solo.jpg.webp\" loading=\"lazy\" alt=\"dmd.eu - GHOST\" class=\"product-image\">\n  <div class=\"title-product-content\">\n    <h3 class=\"extra-small-title\">GHOST<\/h3>\n    <div>\n      <span class=\"woocommerce-Price-amount amount\" aria-hidden=\"true\"><bdi>79,00<span class=\"woocommerce-Price-currencySymbol\">&euro;<\/span><\/bdi><\/span> <span aria-hidden=\"true\">\u00a0\u2013\u00a0<\/span> <span class=\"woocommerce-Price-amount amount\" aria-hidden=\"true\"><bdi>85,00<span class=\"woocommerce-Price-currencySymbol\">&euro;<\/span><\/bdi><\/span><span class=\"screen-reader-text\">Plage de prix\u00a0: 79,00&euro; \u00e0 85,00&euro;<\/span><span>\n    <\/div>\n  <\/div>\n    <\/a>\n<a href=\"https:\/\/dmd.eu\/fr\/prodotto\/casques-integraux\/accessoires-integraux\/ghost-white\/\" class=\"product-preview w-inline-block\" data-ix=\"hover-product\">\n    <img decoding=\"async\" src=\"https:\/\/dmd.eu\/wp-content\/webp-express\/webp-images\/uploads\/2023\/08\/DMD-Accessory-Ghost-white-clear-solo-1.jpg.webp\" loading=\"lazy\" alt=\"dmd.eu - GHOST WHITE\" class=\"product-image\">\n  <div class=\"title-product-content\">\n    <h3 class=\"extra-small-title\">GHOST WHITE<\/h3>\n    <div>\n      <span class=\"woocommerce-Price-amount amount\" aria-hidden=\"true\"><bdi>79,00<span class=\"woocommerce-Price-currencySymbol\">&euro;<\/span><\/bdi><\/span> <span aria-hidden=\"true\">\u00a0\u2013\u00a0<\/span> <span class=\"woocommerce-Price-amount amount\" aria-hidden=\"true\"><bdi>85,00<span class=\"woocommerce-Price-currencySymbol\">&euro;<\/span><\/bdi><\/span><span class=\"screen-reader-text\">Plage de prix\u00a0: 79,00&euro; \u00e0 85,00&euro;<\/span><span>\n    <\/div>\n  <\/div>\n    <\/a>\n<a href=\"https:\/\/dmd.eu\/fr\/prodotto\/casques-jet\/accessoires\/goggle\/\" class=\"product-preview w-inline-block\" data-ix=\"hover-product\">\n    <img decoding=\"async\" src=\"https:\/\/dmd.eu\/wp-content\/webp-express\/webp-images\/uploads\/2023\/08\/DMD-Accessory-Goggle-clear-singolo.jpg.webp\" loading=\"lazy\" alt=\"dmd.eu - GOGGLE\" class=\"product-image\">\n  <div class=\"title-product-content\">\n    <h3 class=\"extra-small-title\">GOGGLE<\/h3>\n    <div>\n      <span class=\"woocommerce-Price-amount amount\" aria-hidden=\"true\"><bdi>44,00<span class=\"woocommerce-Price-currencySymbol\">&euro;<\/span><\/bdi><\/span> <span aria-hidden=\"true\">\u00a0\u2013\u00a0<\/span> <span class=\"woocommerce-Price-amount amount\" aria-hidden=\"true\"><bdi>81,00<span class=\"woocommerce-Price-currencySymbol\">&euro;<\/span><\/bdi><\/span><span class=\"screen-reader-text\">Plage de prix\u00a0: 44,00&euro; \u00e0 81,00&euro;<\/span><span>\n    <\/div>\n  <\/div>\n    <\/a>\n<a href=\"https:\/\/dmd.eu\/fr\/prodotto\/casques-jet\/accessoires\/standard-peak\/\" class=\"product-preview w-inline-block\" data-ix=\"hover-product\">\n    <img decoding=\"async\" src=\"https:\/\/dmd.eu\/wp-content\/webp-express\/webp-images\/uploads\/2023\/08\/DMD-Accessory-Standard-Peak-solo.jpg.webp\" loading=\"lazy\" alt=\"dmd.eu - STANDARD PEAK\" class=\"product-image\">\n  <div class=\"title-product-content\">\n    <h3 class=\"extra-small-title\">STANDARD PEAK<\/h3>\n    <div>\n      <span class=\"woocommerce-Price-amount amount\"><bdi>12,00<span class=\"woocommerce-Price-currencySymbol\">&euro;<\/span><\/bdi><\/span><span>\n    <\/div>\n  <\/div>\n    <\/a>\n<a href=\"https:\/\/dmd.eu\/fr\/prodotto\/casques-jet\/accessoires\/off-road-peak\/\" class=\"product-preview w-inline-block\" data-ix=\"hover-product\">\n    <img decoding=\"async\" src=\"https:\/\/dmd.eu\/wp-content\/webp-express\/webp-images\/uploads\/2023\/08\/DMD-Accessory-Offroad-Peak-solo-white-copertina.jpg.webp\" loading=\"lazy\" alt=\"dmd.eu - OFF-ROAD PEAK\" class=\"product-image\">\n  <div class=\"title-product-content\">\n    <h3 class=\"extra-small-title\">OFF-ROAD PEAK<\/h3>\n    <div>\n      <span class=\"woocommerce-Price-amount amount\"><bdi>18,00<span class=\"woocommerce-Price-currencySymbol\">&euro;<\/span><\/bdi><\/span><span>\n    <\/div>\n  <\/div>\n    <\/a>\n<a href=\"https:\/\/dmd.eu\/fr\/prodotto\/casques-jet\/accessoires\/big-visor\/\" class=\"product-preview w-inline-block\" data-ix=\"hover-product\">\n    <img decoding=\"async\" src=\"https:\/\/dmd.eu\/wp-content\/webp-express\/webp-images\/uploads\/2023\/08\/DMD-Accessory-Big-Visor-clear-singolo-1.jpg.webp\" loading=\"lazy\" alt=\"dmd.eu - BIG VISOR\" class=\"product-image\">\n  <div class=\"title-product-content\">\n    <h3 class=\"extra-small-title\">BIG VISOR<\/h3>\n    <div>\n      <span class=\"woocommerce-Price-amount amount\" aria-hidden=\"true\"><bdi>44,00<span class=\"woocommerce-Price-currencySymbol\">&euro;<\/span><\/bdi><\/span> <span aria-hidden=\"true\">\u00a0\u2013\u00a0<\/span> <span class=\"woocommerce-Price-amount amount\" aria-hidden=\"true\"><bdi>49,00<span class=\"woocommerce-Price-currencySymbol\">&euro;<\/span><\/bdi><\/span><span class=\"screen-reader-text\">Plage de prix\u00a0: 44,00&euro; \u00e0 49,00&euro;<\/span><span>\n    <\/div>\n  <\/div>\n    <\/a>\n<a href=\"https:\/\/dmd.eu\/fr\/prodotto\/casques-jet\/accessoires\/bubble-visor\/\" class=\"product-preview w-inline-block\" data-ix=\"hover-product\">\n    <img decoding=\"async\" src=\"https:\/\/dmd.eu\/wp-content\/webp-express\/webp-images\/uploads\/2023\/08\/DMD-Accessory-Bubble-visor-clear-singolo.jpg.webp\" loading=\"lazy\" alt=\"dmd.eu - BUBBLE VISOR\" class=\"product-image\">\n  <div class=\"title-product-content\">\n    <h3 class=\"extra-small-title\">BUBBLE VISOR<\/h3>\n    <div>\n      <span class=\"woocommerce-Price-amount amount\" aria-hidden=\"true\"><bdi>39,00<span class=\"woocommerce-Price-currencySymbol\">&euro;<\/span><\/bdi><\/span> <span aria-hidden=\"true\">\u00a0\u2013\u00a0<\/span> <span class=\"woocommerce-Price-amount amount\" aria-hidden=\"true\"><bdi>42,00<span class=\"woocommerce-Price-currencySymbol\">&euro;<\/span><\/bdi><\/span><span class=\"screen-reader-text\">Plage de prix\u00a0: 39,00&euro; \u00e0 42,00&euro;<\/span><span>\n    <\/div>\n  <\/div>\n    <\/a>\n<a href=\"https:\/\/dmd.eu\/fr\/prodotto\/casques-jet\/accessoires\/flip-up-bubble-visor\/\" class=\"product-preview w-inline-block\" data-ix=\"hover-product\">\n    <img decoding=\"async\" src=\"https:\/\/dmd.eu\/wp-content\/webp-express\/webp-images\/uploads\/2025\/07\/DMD-Accessory-Flip-up-bubble-visor-clear-singolo-1.jpg.webp\" loading=\"lazy\" alt=\"dmd.eu - FLIP-UP BUBBLE VISOR\" class=\"product-image\">\n  <div class=\"title-product-content\">\n    <h3 class=\"extra-small-title\">FLIP-UP BUBBLE VISOR<\/h3>\n    <div>\n      <span class=\"woocommerce-Price-amount amount\" aria-hidden=\"true\"><bdi>65,00<span class=\"woocommerce-Price-currencySymbol\">&euro;<\/span><\/bdi><\/span> <span aria-hidden=\"true\">\u00a0\u2013\u00a0<\/span> <span class=\"woocommerce-Price-amount amount\" aria-hidden=\"true\"><bdi>71,00<span class=\"woocommerce-Price-currencySymbol\">&euro;<\/span><\/bdi><\/span><span class=\"screen-reader-text\">Plage de prix\u00a0: 65,00&euro; \u00e0 71,00&euro;<\/span><span>\n    <\/div>\n  <\/div>\n    <\/a>\n<a href=\"https:\/\/dmd.eu\/fr\/prodotto\/casques-jet\/accessoires\/flip-up-visor\/\" class=\"product-preview w-inline-block\" data-ix=\"hover-product\">\n    <img decoding=\"async\" src=\"https:\/\/dmd.eu\/wp-content\/webp-express\/webp-images\/uploads\/2023\/08\/DMD-Accessory-Flip-up-visor-clear-singolo.jpg.webp\" loading=\"lazy\" alt=\"dmd.eu - FLIP-UP VISOR\" class=\"product-image\">\n  <div class=\"title-product-content\">\n    <h3 class=\"extra-small-title\">FLIP-UP VISOR<\/h3>\n    <div>\n      <span class=\"woocommerce-Price-amount amount\" aria-hidden=\"true\"><bdi>66,00<span class=\"woocommerce-Price-currencySymbol\">&euro;<\/span><\/bdi><\/span> <span aria-hidden=\"true\">\u00a0\u2013\u00a0<\/span> <span class=\"woocommerce-Price-amount amount\" aria-hidden=\"true\"><bdi>100,00<span class=\"woocommerce-Price-currencySymbol\">&euro;<\/span><\/bdi><\/span><span class=\"screen-reader-text\">Plage de prix\u00a0: 66,00&euro; \u00e0 100,00&euro;<\/span><span>\n    <\/div>\n  <\/div>\n    <\/a>\n<a href=\"https:\/\/dmd.eu\/fr\/prodotto\/casques-jet\/accessoires\/p1-cover-visor\/\" class=\"product-preview w-inline-block\" data-ix=\"hover-product\">\n    <img decoding=\"async\" src=\"https:\/\/dmd.eu\/wp-content\/webp-express\/webp-images\/uploads\/2023\/08\/DMD-Accessory-P1-cover-visor-clear-singolo.jpg.webp\" loading=\"lazy\" alt=\"dmd.eu - P1 COVER VISOR\" class=\"product-image\">\n  <div class=\"title-product-content\">\n    <h3 class=\"extra-small-title\">P1 COVER VISOR<\/h3>\n    <div>\n      <span class=\"woocommerce-Price-amount amount\" aria-hidden=\"true\"><bdi>45,00<span class=\"woocommerce-Price-currencySymbol\">&euro;<\/span><\/bdi><\/span> <span aria-hidden=\"true\">\u00a0\u2013\u00a0<\/span> <span class=\"woocommerce-Price-amount amount\" aria-hidden=\"true\"><bdi>54,00<span class=\"woocommerce-Price-currencySymbol\">&euro;<\/span><\/bdi><\/span><span class=\"screen-reader-text\">Plage de prix\u00a0: 45,00&euro; \u00e0 54,00&euro;<\/span><span>\n    <\/div>\n  <\/div>\n    <\/a>\n<a href=\"https:\/\/dmd.eu\/fr\/prodotto\/casques-integraux\/accessoires-integraux\/goggle-retainer\/\" class=\"product-preview w-inline-block\" data-ix=\"hover-product\">\n    <img decoding=\"async\" src=\"https:\/\/dmd.eu\/wp-content\/webp-express\/webp-images\/uploads\/2023\/08\/DMD-Goggle-retainer.jpg.webp\" loading=\"lazy\" alt=\"dmd.eu - GOGGLE RETAINER\" class=\"product-image\">\n  <div class=\"title-product-content\">\n    <h3 class=\"extra-small-title\">GOGGLE RETAINER<\/h3>\n    <div>\n      <span class=\"woocommerce-Price-amount amount\"><bdi>12,00<span class=\"woocommerce-Price-currencySymbol\">&euro;<\/span><\/bdi><\/span><span>\n    <\/div>\n  <\/div>\n    <\/a>\n<a href=\"https:\/\/dmd.eu\/fr\/prodotto\/casques-jet\/accessoires\/inner-lining-retro\/\" class=\"product-preview w-inline-block\" data-ix=\"hover-product\">\n    <img decoding=\"async\" src=\"https:\/\/dmd.eu\/wp-content\/webp-express\/webp-images\/uploads\/2025\/01\/DMD-Accessory-inner-lining-Retro.jpg.webp\" loading=\"lazy\" alt=\"dmd.eu - INNER LINING RETRO\" class=\"product-image\">\n  <div class=\"title-product-content\">\n    <h3 class=\"extra-small-title\">INNER LINING RETRO<\/h3>\n    <div>\n      <span class=\"woocommerce-Price-amount amount\"><bdi>52,00<span class=\"woocommerce-Price-currencySymbol\">&euro;<\/span><\/bdi><\/span><span>\n    <\/div>\n  <\/div>\n    <\/a>\n<a href=\"https:\/\/dmd.eu\/fr\/prodotto\/casques-jet\/accessoires\/inner-lining-vintage\/\" class=\"product-preview w-inline-block\" data-ix=\"hover-product\">\n    <img decoding=\"async\" src=\"https:\/\/dmd.eu\/wp-content\/webp-express\/webp-images\/uploads\/2023\/08\/DMD-Accessory-inner-lining-P1-1.jpg.webp\" loading=\"lazy\" alt=\"dmd.eu - INNER LINING VINTAGE\" class=\"product-image\">\n  <div class=\"title-product-content\">\n    <h3 class=\"extra-small-title\">INNER LINING VINTAGE<\/h3>\n    <div>\n      <span class=\"woocommerce-Price-amount amount\"><bdi>52,00<span class=\"woocommerce-Price-currencySymbol\">&euro;<\/span><\/bdi><\/span><span>\n    <\/div>\n  <\/div>\n    <\/a>\n<a href=\"https:\/\/dmd.eu\/fr\/prodotto\/casques-jet\/accessoires\/inner-lining-p1ece-05\/\" class=\"product-preview w-inline-block\" data-ix=\"hover-product\">\n    <img decoding=\"async\" src=\"https:\/\/dmd.eu\/wp-content\/webp-express\/webp-images\/uploads\/2023\/08\/DMD-Accessory-inner-lining-P1.jpg.webp\" loading=\"lazy\" alt=\"dmd.eu - INNER LINING P1 ECE 05\" class=\"product-image\">\n  <div class=\"title-product-content\">\n    <h3 class=\"extra-small-title\">INNER LINING P1 ECE 05<\/h3>\n    <div>\n      <span class=\"woocommerce-Price-amount amount\"><bdi>52,00<span class=\"woocommerce-Price-currencySymbol\">&euro;<\/span><\/bdi><\/span><span>\n    <\/div>\n  <\/div>\n    <\/a>  <\/div>","protected":false},"excerpt":{"rendered":"","protected":false},"author":2,"featured_media":0,"parent":12574,"menu_order":0,"comment_status":"closed","ping_status":"closed","template":"","meta":{"_acf_changed":true,"footnotes":""},"class_list":["post-12576","page","type-page","status-publish","hentry"],"acf":[],"jetpack_sharing_enabled":true,"_links":{"self":[{"href":"https:\/\/dmd.eu\/fr\/wp-json\/wp\/v2\/pages\/12576","targetHints":{"allow":["GET"]}}],"collection":[{"href":"https:\/\/dmd.eu\/fr\/wp-json\/wp\/v2\/pages"}],"about":[{"href":"https:\/\/dmd.eu\/fr\/wp-json\/wp\/v2\/types\/page"}],"author":[{"embeddable":true,"href":"https:\/\/dmd.eu\/fr\/wp-json\/wp\/v2\/users\/2"}],"replies":[{"embeddable":true,"href":"https:\/\/dmd.eu\/fr\/wp-json\/wp\/v2\/comments?post=12576"}],"version-history":[{"count":0,"href":"https:\/\/dmd.eu\/fr\/wp-json\/wp\/v2\/pages\/12576\/revisions"}],"up":[{"embeddable":true,"href":"https:\/\/dmd.eu\/fr\/wp-json\/wp\/v2\/pages\/12574"}],"wp:attachment":[{"href":"https:\/\/dmd.eu\/fr\/wp-json\/wp\/v2\/media?parent=12576"}],"curies":[{"name":"wp","href":"https:\/\/api.w.org\/{rel}","templated":true}]}}