{"id":12571,"date":"2023-10-04T14:39:11","date_gmt":"2023-10-04T12:39:11","guid":{"rendered":"https:\/\/www.dmd.eu\/caschi-moto-integrali\/seventyfive\/"},"modified":"2025-02-03T11:27:07","modified_gmt":"2025-02-03T10:27:07","slug":"seventyfive","status":"publish","type":"page","link":"https:\/\/dmd.eu\/fr\/casques-integraux-moto\/seventyfive\/","title":{"rendered":"SEVENTYFIVE"},"content":{"rendered":"  <div id=\"b-categorypage-block_3e0b5e95496ac17b8db3837440156b0f\" class=\"conteiner\">\n    <div class=\"header-category\">\n      <h1 class=\"big-text\">CASQUES INT\u00c9GRAUX SEVENTYFIVE<\/h1>\n      <div class=\"category-text--desktop\">\n        <p>Les <strong>casques int\u00e9graux Seventyfive<\/strong> renouent avec le design de la c\u00e9l\u00e8bre coque de casque des ann\u00e9es 1970, tant appr\u00e9ci\u00e9e. Protecteurs et s\u00fbrs, ces mod\u00e8les sont tr\u00e8s l\u00e9gers. La grande ouverture sur le devant et les fentes donnent une touche agressive. La collection sp\u00e9ciale est un hommage \u00e0 l\u2019ann\u00e9e 1975, l\u2019ann\u00e9e de la cr\u00e9ation de la soci\u00e9t\u00e9 DMD.<\/p>\n      <\/div>\n      <button class=\"link-anchor more-info-button\">Lire plus d&rsquo;informations<\/button>\n    <\/div>\n    <div class=\"image-page\" style=\"background-image:url('https:\/\/dmd.eu\/wp-content\/webp-express\/webp-images\/uploads\/2024\/04\/75.jpg.webp');\">\n    <\/div>\n    \n    <div class=\"more-info\">\n      <div id=\"info\" class=\"conteiner\">\n        <div class=\"box medium category-text--mobile\">\n          <p>Les <strong>casques int\u00e9graux Seventyfive<\/strong> renouent avec le design de la c\u00e9l\u00e8bre coque de casque des ann\u00e9es 1970, tant appr\u00e9ci\u00e9e. Protecteurs et s\u00fbrs, ces mod\u00e8les sont tr\u00e8s l\u00e9gers. La grande ouverture sur le devant et les fentes donnent une touche agressive. La collection sp\u00e9ciale est un hommage \u00e0 l\u2019ann\u00e9e 1975, l\u2019ann\u00e9e de la cr\u00e9ation de la soci\u00e9t\u00e9 DMD.<\/p>\n        <\/div>\n        <div class=\"box medium\">\n          <h4>POURQUOI CHOISIR LES CASQUES MOTO INT\u00c9GRAUX SEVENTYFIVE ?<\/h4>\n<p>Les <strong>casques int\u00e9graux Seventyfive<\/strong> sont dot\u00e9s d&rsquo;une coque en carbone Kevlar, l\u00e9g\u00e8re \u00e0 l&rsquo;usage mais r\u00e9sistante aux chocs. Le design moderne permet \u00e0 tous les motocyclistes de revivre les sensations des courses des ann\u00e9es 1970. En redessinant leur aspect typique, nous avons transform\u00e9 ces casques en v\u00e9ritables accessoires de mode, con\u00e7us pour habiller n&rsquo;importe quel style et compl\u00e9ter votre look, sans jamais faire de compromis sur la s\u00e9curit\u00e9 et le confort.<br \/>\nLe style des casques int\u00e9graux Seventyfive DMD s&rsquo;adapte parfaitement aux motos Custom, Vintage, Caf\u00e9 racer, Harley Davidson, Triumph, BMW, Honda, Guzzi et Indian.<br \/>\nPour choisir la bonne taille, suivez le guide des tailles dans chaque fiche produit et trouvez la taille qui correspond \u00e0 votre tour de t\u00eate.<br \/>\nN&rsquo;oubliez pas qu&rsquo;il est possible de modifier l&rsquo;int\u00e9rieur du casque, en changeant de taille, si la taille de la coque est la m\u00eame.<\/p>\n        <\/div>\n        <div class=\"box medium\">\n          <h4>QUELQUES INFORMATIONS UTILES POUR TOUS LES MOTOCYCLISTES:<\/h4>\n<ul>\n<li>Tous les casques int\u00e9graux Seventyfive sont dot\u00e9s d&rsquo;une fermeture \u00e0 double boucle pour garantir une s\u00e9curit\u00e9 absolue;<\/li>\n<li>Tous les casques de la collection disposent de boutons pour visi\u00e8res int\u00e9gr\u00e9s dans la coque.<\/li>\n<\/ul>\n<p>D\u00e9couvrez les casques int\u00e9graux dans toutes les versions disponibles: basic, avec graphismes ou m\u00e9tallis\u00e9e. Roulez en toute confiance et avec style en portant un casque int\u00e9gral de la collection Seventyfive.<\/p>\n        <\/div>\n      <\/div>\n    <\/div>\n\n    <div class=\"filter-row\">\n                <\/div>\n\n          <div class=\"box full-width\">\n        <h2>Aucun produit trouv\u00e9<\/h2>\n      <\/div>\n    <\/div>","protected":false},"excerpt":{"rendered":"","protected":false},"author":2,"featured_media":0,"parent":12559,"menu_order":0,"comment_status":"closed","ping_status":"closed","template":"","meta":{"_acf_changed":true,"footnotes":""},"class_list":["post-12571","page","type-page","status-publish","hentry"],"acf":[],"jetpack_sharing_enabled":true,"_links":{"self":[{"href":"https:\/\/dmd.eu\/fr\/wp-json\/wp\/v2\/pages\/12571","targetHints":{"allow":["GET"]}}],"collection":[{"href":"https:\/\/dmd.eu\/fr\/wp-json\/wp\/v2\/pages"}],"about":[{"href":"https:\/\/dmd.eu\/fr\/wp-json\/wp\/v2\/types\/page"}],"author":[{"embeddable":true,"href":"https:\/\/dmd.eu\/fr\/wp-json\/wp\/v2\/users\/2"}],"replies":[{"embeddable":true,"href":"https:\/\/dmd.eu\/fr\/wp-json\/wp\/v2\/comments?post=12571"}],"version-history":[{"count":0,"href":"https:\/\/dmd.eu\/fr\/wp-json\/wp\/v2\/pages\/12571\/revisions"}],"up":[{"embeddable":true,"href":"https:\/\/dmd.eu\/fr\/wp-json\/wp\/v2\/pages\/12559"}],"wp:attachment":[{"href":"https:\/\/dmd.eu\/fr\/wp-json\/wp\/v2\/media?parent=12571"}],"curies":[{"name":"wp","href":"https:\/\/api.w.org\/{rel}","templated":true}]}}