{"id":12569,"date":"2023-10-04T14:21:34","date_gmt":"2023-10-04T12:21:34","guid":{"rendered":"https:\/\/www.dmd.eu\/caschi-moto-integrali\/rocket\/"},"modified":"2025-02-03T11:27:00","modified_gmt":"2025-02-03T10:27:00","slug":"rocket","status":"publish","type":"page","link":"https:\/\/dmd.eu\/fr\/casques-integraux-moto\/rocket\/","title":{"rendered":"ROCKET"},"content":{"rendered":"  <div id=\"b-categorypage-block_0fe98fbff5e713202fb971c2d59c7127\" class=\"conteiner\">\n    <div class=\"header-category\">\n      <h1 class=\"big-text\">CASQUES INT\u00c9GRAUX ROCKET<\/h1>\n      <div class=\"category-text--desktop\">\n        <p>Les <strong>casques int\u00e9graux Rocket<\/strong>. sont dot\u00e9s d&rsquo;une visi\u00e8re int\u00e9gr\u00e9e de style 1970 avec fermeture magn\u00e9tique. Les graphismes r\u00e9tro et le style vintage sont parfaits pour ceux qui recherchent des mod\u00e8les inspir\u00e9s par les courses de moto de ces ann\u00e9es-l\u00e0, sans renoncer aux normes de s\u00e9curit\u00e9 modernes.<\/p>\n      <\/div>\n      <button class=\"link-anchor more-info-button\">Lire plus d&rsquo;informations<\/button>\n    <\/div>\n    <div class=\"image-page\" style=\"background-image:url('https:\/\/dmd.eu\/wp-content\/webp-express\/webp-images\/uploads\/2024\/04\/rocket.jpg.webp');\">\n    <\/div>\n    \n    <div class=\"more-info\">\n      <div id=\"info\" class=\"conteiner\">\n        <div class=\"box medium category-text--mobile\">\n          <p>Les <strong>casques int\u00e9graux Rocket<\/strong>. sont dot\u00e9s d&rsquo;une visi\u00e8re int\u00e9gr\u00e9e de style 1970 avec fermeture magn\u00e9tique. Les graphismes r\u00e9tro et le style vintage sont parfaits pour ceux qui recherchent des mod\u00e8les inspir\u00e9s par les courses de moto de ces ann\u00e9es-l\u00e0, sans renoncer aux normes de s\u00e9curit\u00e9 modernes.<\/p>\n        <\/div>\n        <div class=\"box medium\">\n          <h4>POURQUOI CHOISIR UN CASQUE DE LA COLLECTION INT\u00c9GRALES AVEC VISI\u00c8RE?<\/h4>\n<p>La gamme de <strong>casques int\u00e9graux Rocket<\/strong> est bas\u00e9e sur le design du premier casque int\u00e9gral, auquel ont \u00e9t\u00e9 ajout\u00e9es toutes les normes d&rsquo;homologation modernes. Pour les nostalgiques du pass\u00e9 qui ne veulent pas renoncer \u00e0 la protection d&rsquo;un casque int\u00e9gral, le mod\u00e8le Rocket est le produit id\u00e9al.<\/p>\n        <\/div>\n        <div class=\"box medium\">\n          <h4><strong>QUELQUES INFORMATIONS POUR LES MOTOCYCLISTE:<\/strong><\/h4>\n<ul>\n<li>La fermeture magn\u00e9tique facilite le mouvement de la visi\u00e8re sans sacrifier la s\u00e9curit\u00e9;<\/li>\n<li>La visi\u00e8re int\u00e9gr\u00e9e n&rsquo;est pas la seule disponible. Vous pouvez acheter un deuxi\u00e8me mod\u00e8le en tant qu&rsquo;accessoire dans les variantes claire et fonc\u00e9e.<\/li>\n<\/ul>\n<p>Que diriez-vous d\u2019essayer un mod\u00e8le Rocket pour la saison prochaine? Choisissez parmi la collection de casques int\u00e9graux DMD avec visi\u00e8re.<\/p>\n        <\/div>\n      <\/div>\n    <\/div>\n\n    <div class=\"filter-row\">\n                <\/div>\n\n          <div class=\"box full-width\">\n        <h2>Aucun produit trouv\u00e9<\/h2>\n      <\/div>\n    <\/div>","protected":false},"excerpt":{"rendered":"","protected":false},"author":2,"featured_media":0,"parent":12559,"menu_order":0,"comment_status":"closed","ping_status":"closed","template":"","meta":{"_acf_changed":true,"footnotes":""},"class_list":["post-12569","page","type-page","status-publish","hentry"],"acf":[],"jetpack_sharing_enabled":true,"_links":{"self":[{"href":"https:\/\/dmd.eu\/fr\/wp-json\/wp\/v2\/pages\/12569","targetHints":{"allow":["GET"]}}],"collection":[{"href":"https:\/\/dmd.eu\/fr\/wp-json\/wp\/v2\/pages"}],"about":[{"href":"https:\/\/dmd.eu\/fr\/wp-json\/wp\/v2\/types\/page"}],"author":[{"embeddable":true,"href":"https:\/\/dmd.eu\/fr\/wp-json\/wp\/v2\/users\/2"}],"replies":[{"embeddable":true,"href":"https:\/\/dmd.eu\/fr\/wp-json\/wp\/v2\/comments?post=12569"}],"version-history":[{"count":0,"href":"https:\/\/dmd.eu\/fr\/wp-json\/wp\/v2\/pages\/12569\/revisions"}],"up":[{"embeddable":true,"href":"https:\/\/dmd.eu\/fr\/wp-json\/wp\/v2\/pages\/12559"}],"wp:attachment":[{"href":"https:\/\/dmd.eu\/fr\/wp-json\/wp\/v2\/media?parent=12569"}],"curies":[{"name":"wp","href":"https:\/\/api.w.org\/{rel}","templated":true}]}}