{"id":12565,"date":"2023-10-04T14:12:35","date_gmt":"2023-10-04T12:12:35","guid":{"rendered":"https:\/\/www.dmd.eu\/caschi-moto-integrali\/racer\/"},"modified":"2025-02-17T11:28:24","modified_gmt":"2025-02-17T10:28:24","slug":"racer","status":"publish","type":"page","link":"https:\/\/dmd.eu\/fr\/casques-integraux-moto\/racer\/","title":{"rendered":"RACER"},"content":{"rendered":"  <div id=\"b-categorypage-block_dc4c4dc1ef819dff17c6d44363e4a3c7\" class=\"conteiner\">\n    <div class=\"header-category\">\n      <h1 class=\"big-text\">CASQUES INT\u00c9GRAUX RACER<\/h1>\n      <div class=\"category-text--desktop\">\n        <p>Les <strong>casques int\u00e9graux Racer<\/strong> sont fabriqu\u00e9s en carbone Kevlar pour un maximum de confort et de l\u00e9g\u00e8ret\u00e9. Dot\u00e9s de trois boutons pour monter une visi\u00e8re mobile, ils disposent \u00e9galement de l&rsquo;espace n\u00e9cessaire pour ins\u00e9rer un masque. Si vous aimez la vitesse, le casque Racer est s\u00fbr car c&rsquo;est un casque int\u00e9graux, mais c&rsquo;est aussi un produit design, disponible en couleurs uniques et avec des graphismes exclusifs.<\/p>\n      <\/div>\n      <button class=\"link-anchor more-info-button\">Lire plus d&rsquo;informations<\/button>\n    <\/div>\n    <div class=\"image-page\" style=\"background-image:url('https:\/\/dmd.eu\/wp-content\/webp-express\/webp-images\/uploads\/2025\/02\/RACER_FRA.jpg.webp');\">\n    <\/div>\n    \n    <div class=\"more-info\">\n      <div id=\"info\" class=\"conteiner\">\n        <div class=\"box medium category-text--mobile\">\n          <p>Les <strong>casques int\u00e9graux Racer<\/strong> sont fabriqu\u00e9s en carbone Kevlar pour un maximum de confort et de l\u00e9g\u00e8ret\u00e9. Dot\u00e9s de trois boutons pour monter une visi\u00e8re mobile, ils disposent \u00e9galement de l&rsquo;espace n\u00e9cessaire pour ins\u00e9rer un masque. Si vous aimez la vitesse, le casque Racer est s\u00fbr car c&rsquo;est un casque int\u00e9graux, mais c&rsquo;est aussi un produit design, disponible en couleurs uniques et avec des graphismes exclusifs.<\/p>\n        <\/div>\n        <div class=\"box medium\">\n          <h4>POURQUOI CHOISIR UN CASQUE RACER INT\u00c9GRAL?<\/h4>\n<p>Si vous \u00eates un passionn\u00e9 et que vous aimez rouler en toute s\u00e9curit\u00e9, essayez le <strong>casque Racer<\/strong>. N\u00e9 de l&rsquo;\u00e9volution du premier mod\u00e8le off-road introduit sur le march\u00e9 en 1975, il s&rsquo;agit d&rsquo;un casque s\u00fbr, tr\u00e8s protecteur et parfait pour ceux qui aiment courir en moto.<br \/>\nQue vous ayez une moto Custom, Vintage, Caf\u00e9 racer, Harley Davidson, Triumph, BMW, Honda, Guzzi ou Indian, la collection Racer r\u00e9pond avec des casques unicolores et des graphismes exclusifs; vous pouvez les choisir en fonction de votre moto et du style motard qui vous ressemble le plus.<\/p>\n        <\/div>\n        <div class=\"box medium\">\n          <h4>QUELQUES INFORMATIONS UTILES POUR TOUS LES MOTOCYCLISTES:<\/h4>\n<ul>\n<li>Ce mod\u00e8le de casque est \u00e9quip\u00e9 d&rsquo;une visi\u00e8re fixe et d&rsquo;un masque. Visitez la section accessoires des casques int\u00e9graux;<\/li>\n<li>Vous pouvez essayer les lunettes Ghost, qui rappellent le mod\u00e8le utilis\u00e9 dans les ann\u00e9es 1970.<\/li>\n<\/ul>\n<p>La collection de casques Racer s&rsquo;adresse aux passionn\u00e9s qui aiment la modernit\u00e9. D\u00e9couvrez le mod\u00e8le qui vous convient le mieux dans la gamme DMD.<\/p>\n        <\/div>\n      <\/div>\n    <\/div>\n\n    <div class=\"filter-row\">\n                <\/div>\n\n          <div class=\"box full-width\">\n        <h2>Aucun produit trouv\u00e9<\/h2>\n      <\/div>\n    <\/div>","protected":false},"excerpt":{"rendered":"","protected":false},"author":2,"featured_media":0,"parent":12559,"menu_order":0,"comment_status":"closed","ping_status":"closed","template":"","meta":{"_acf_changed":true,"footnotes":""},"class_list":["post-12565","page","type-page","status-publish","hentry"],"acf":[],"jetpack_sharing_enabled":true,"_links":{"self":[{"href":"https:\/\/dmd.eu\/fr\/wp-json\/wp\/v2\/pages\/12565","targetHints":{"allow":["GET"]}}],"collection":[{"href":"https:\/\/dmd.eu\/fr\/wp-json\/wp\/v2\/pages"}],"about":[{"href":"https:\/\/dmd.eu\/fr\/wp-json\/wp\/v2\/types\/page"}],"author":[{"embeddable":true,"href":"https:\/\/dmd.eu\/fr\/wp-json\/wp\/v2\/users\/2"}],"replies":[{"embeddable":true,"href":"https:\/\/dmd.eu\/fr\/wp-json\/wp\/v2\/comments?post=12565"}],"version-history":[{"count":0,"href":"https:\/\/dmd.eu\/fr\/wp-json\/wp\/v2\/pages\/12565\/revisions"}],"up":[{"embeddable":true,"href":"https:\/\/dmd.eu\/fr\/wp-json\/wp\/v2\/pages\/12559"}],"wp:attachment":[{"href":"https:\/\/dmd.eu\/fr\/wp-json\/wp\/v2\/media?parent=12565"}],"curies":[{"name":"wp","href":"https:\/\/api.w.org\/{rel}","templated":true}]}}