{"id":12560,"date":"2023-10-04T11:25:27","date_gmt":"2023-10-04T09:25:27","guid":{"rendered":"https:\/\/www.dmd.eu\/caschi-moto-integrali\/accessori-integrali\/"},"modified":"2025-12-02T10:42:43","modified_gmt":"2025-12-02T09:42:43","slug":"accessoires-integraux","status":"publish","type":"page","link":"https:\/\/dmd.eu\/fr\/casques-integraux-moto\/accessoires-integraux\/","title":{"rendered":"ACCESSOIRES INTEGRAUX"},"content":{"rendered":"  <div id=\"b-categorypage-block_35e6620307a392507c4b3f161422a0cd\" class=\"conteiner\">\n    <div class=\"header-category\">\n      <h1 class=\"big-text\">ACCESSOIRES POUR CASQUES INT\u00c9GRAUX<\/h1>\n      <div class=\"category-text--desktop\">\n        <p>Chaque ligne de <strong>casques<\/strong> est compl\u00e9t\u00e9e par des <strong>accessoires<\/strong> con\u00e7us pour compl\u00e9ter votre look.<\/p>\n      <\/div>\n      <button class=\"link-anchor more-info-button\">Lire plus d&rsquo;informations<\/button>\n    <\/div>\n    <div class=\"image-page\" style=\"background-image:url('https:\/\/dmd.eu\/wp-content\/webp-express\/webp-images\/uploads\/2025\/12\/ACCESSORI-INT.jpg.webp');\">\n    <\/div>\n    \n    <div class=\"more-info\">\n      <div id=\"info\" class=\"conteiner\">\n        <div class=\"box medium category-text--mobile\">\n          <p>Chaque ligne de <strong>casques<\/strong> est compl\u00e9t\u00e9e par des <strong>accessoires<\/strong> con\u00e7us pour compl\u00e9ter votre look.<\/p>\n        <\/div>\n        <div class=\"box medium\">\n          <h4>POURQUOI ACHETER DES ACCESSOIRES POUR UN CASQUE INT\u00c9GRAUX?<\/h4>\n<p>En premier lieu,\u00a0les visi\u00e8res des casques int\u00e9graux\u00a0DMD sont anti-rayures et anti-brouillage, ce qui rend la ligne unique et la conduite confortable. Vous pouvez les porter par-dessus des lunettes de vue ou de soleil, elles vous prot\u00e8gent tout en vous donnant de la personnalit\u00e9.<br \/>\nLorsque l&rsquo;on se rend dans un endroit\u00a0\u00e9loign\u00e9\u00a0et que l&rsquo;on conduit une moto pendant plusieurs jours, les conditions m\u00e9t\u00e9orologiques ne sont pas toujours excellentes. Gr\u00e2ce \u00e0 leurs accessoires, les casques int\u00e9graux avec visi\u00e8re offrent une\u00a0protection in\u00e9gal\u00e9e\u00a0pour conduire votre moto Custom, Vintage, Caf\u00e9 racer, Harley Davidson, Triumph, BMW, Honda, Guzzi ou Indian.<\/p>\n        <\/div>\n        <div class=\"box medium\">\n          <h4><strong>QUELQUES INFORMATIONS POUR LES MOTOCYCLISTE:<\/strong><\/h4>\n<ul>\n<li>Les visi\u00e8res r\u00e9sistent \u00e0 des vitesses \u00e9lev\u00e9es tout en maintenant leur degr\u00e9 de protection;<\/li>\n<li>Choisissez-les pour votre casque, quelle que soit votre moto: ils sont polyvalents et toujours \u00e0 la mode.<\/li>\n<\/ul>\n<p>Vous avez l\u2019embarras du choix? Vous pouvez toujours vous faire conseiller par DMD pour l\u2019achat d\u2019<strong>accessoires de casque int\u00e9graux<\/strong> avec visi\u00e8re.<\/p>\n        <\/div>\n      <\/div>\n    <\/div>\n\n    <div class=\"filter-row\">\n                <\/div>\n\n          \n<a href=\"https:\/\/dmd.eu\/fr\/prodotto\/casques-integraux\/accessoires-integraux\/support-casques\/\" class=\"product-preview w-inline-block\" data-ix=\"hover-product\">\n    <img decoding=\"async\" src=\"https:\/\/dmd.eu\/wp-content\/webp-express\/webp-images\/uploads\/2025\/07\/DMD-Accessory-Porta-Casco.jpg.webp\" loading=\"lazy\" alt=\"dmd.eu - SUPPORT CASQUES\" class=\"product-image\">\n  <div class=\"title-product-content\">\n    <h3 class=\"extra-small-title\">SUPPORT CASQUES<\/h3>\n    <div>\n      <span class=\"woocommerce-Price-amount amount\"><bdi>25,00<span class=\"woocommerce-Price-currencySymbol\">&euro;<\/span><\/bdi><\/span><span>\n    <\/div>\n  <\/div>\n    <\/a>\n<a href=\"https:\/\/dmd.eu\/fr\/prodotto\/casques-integraux\/accessoires-integraux\/rivale-visor\/\" class=\"product-preview w-inline-block\" data-ix=\"hover-product\">\n    <img decoding=\"async\" src=\"https:\/\/dmd.eu\/wp-content\/webp-express\/webp-images\/uploads\/2023\/09\/DMD-Rivale-Visor-singolo-trasp.jpg.webp\" loading=\"lazy\" alt=\"dmd.eu - RIVALE VISOR ECE 22.05\" class=\"product-image\">\n  <div class=\"title-product-content\">\n    <h3 class=\"extra-small-title\">RIVALE VISOR ECE 22.05<\/h3>\n    <div>\n      <span class=\"woocommerce-Price-amount amount\" aria-hidden=\"true\"><bdi>66,00<span class=\"woocommerce-Price-currencySymbol\">&euro;<\/span><\/bdi><\/span> <span aria-hidden=\"true\">\u00a0\u2013\u00a0<\/span> <span class=\"woocommerce-Price-amount amount\" aria-hidden=\"true\"><bdi>76,00<span class=\"woocommerce-Price-currencySymbol\">&euro;<\/span><\/bdi><\/span><span class=\"screen-reader-text\">Plage de prix\u00a0: 66,00&euro; \u00e0 76,00&euro;<\/span><span>\n    <\/div>\n  <\/div>\n    <\/a>\n<a href=\"https:\/\/dmd.eu\/fr\/prodotto\/casques-integraux\/accessoires-integraux\/rivale-pinlock\/\" class=\"product-preview w-inline-block\" data-ix=\"hover-product\">\n    <img decoding=\"async\" src=\"https:\/\/dmd.eu\/wp-content\/webp-express\/webp-images\/uploads\/2024\/05\/DMD-Accessory-Pinlock-1.jpg.webp\" loading=\"lazy\" alt=\"dmd.eu - RIVALE PINLOCK\" class=\"product-image\">\n  <div class=\"title-product-content\">\n    <h3 class=\"extra-small-title\">RIVALE PINLOCK<\/h3>\n    <div>\n      <span class=\"woocommerce-Price-amount amount\"><bdi>43,00<span class=\"woocommerce-Price-currencySymbol\">&euro;<\/span><\/bdi><\/span><span>\n    <\/div>\n  <\/div>\n    <\/a>\n<a href=\"https:\/\/dmd.eu\/fr\/prodotto\/casques-integraux\/accessoires-integraux\/rivale-visor-ece-22-06\/\" class=\"product-preview w-inline-block\" data-ix=\"hover-product\">\n    <img decoding=\"async\" src=\"https:\/\/dmd.eu\/wp-content\/webp-express\/webp-images\/uploads\/2024\/05\/DMD-Rivale-Cream-dx.jpg.webp\" loading=\"lazy\" alt=\"dmd.eu - RIVALE VISOR ECE 22.06\" class=\"product-image\">\n  <div class=\"title-product-content\">\n    <h3 class=\"extra-small-title\">RIVALE VISOR ECE 22.06<\/h3>\n    <div>\n      <span class=\"woocommerce-Price-amount amount\" aria-hidden=\"true\"><bdi>66,00<span class=\"woocommerce-Price-currencySymbol\">&euro;<\/span><\/bdi><\/span> <span aria-hidden=\"true\">\u00a0\u2013\u00a0<\/span> <span class=\"woocommerce-Price-amount amount\" aria-hidden=\"true\"><bdi>76,00<span class=\"woocommerce-Price-currencySymbol\">&euro;<\/span><\/bdi><\/span><span class=\"screen-reader-text\">Plage de prix\u00a0: 66,00&euro; \u00e0 76,00&euro;<\/span><span>\n    <\/div>\n  <\/div>\n    <\/a>\n<a href=\"https:\/\/dmd.eu\/fr\/prodotto\/casques-integraux\/accessoires-integraux\/seventyfive-goggle\/\" class=\"product-preview w-inline-block\" data-ix=\"hover-product\">\n    <img decoding=\"async\" src=\"https:\/\/dmd.eu\/wp-content\/webp-express\/webp-images\/uploads\/2023\/09\/DMD-Accessory-Seventyfive-Goggle-fume.jpg.webp\" loading=\"lazy\" alt=\"dmd.eu - SEVENTYFIVE GOGGLE\" class=\"product-image\">\n  <div class=\"title-product-content\">\n    <h3 class=\"extra-small-title\">SEVENTYFIVE GOGGLE<\/h3>\n    <div>\n      <span class=\"woocommerce-Price-amount amount\" aria-hidden=\"true\"><bdi>54,00<span class=\"woocommerce-Price-currencySymbol\">&euro;<\/span><\/bdi><\/span> <span aria-hidden=\"true\">\u00a0\u2013\u00a0<\/span> <span class=\"woocommerce-Price-amount amount\" aria-hidden=\"true\"><bdi>59,00<span class=\"woocommerce-Price-currencySymbol\">&euro;<\/span><\/bdi><\/span><span class=\"screen-reader-text\">Plage de prix\u00a0: 54,00&euro; \u00e0 59,00&euro;<\/span><span>\n    <\/div>\n  <\/div>\n    <\/a>\n<a href=\"https:\/\/dmd.eu\/fr\/prodotto\/casques-integraux\/accessoires-integraux\/seventyseven-goggle\/\" class=\"product-preview w-inline-block\" data-ix=\"hover-product\">\n    <img decoding=\"async\" src=\"https:\/\/dmd.eu\/wp-content\/webp-express\/webp-images\/uploads\/2025\/01\/DMD-Accessory-Seventyseven-Goggle-fume\u0301.jpg.webp\" loading=\"lazy\" alt=\"dmd.eu - SEVENTYSEVEN GOGGLE\" class=\"product-image\">\n  <div class=\"title-product-content\">\n    <h3 class=\"extra-small-title\">SEVENTYSEVEN GOGGLE<\/h3>\n    <div>\n      <span class=\"woocommerce-Price-amount amount\" aria-hidden=\"true\"><bdi>54,00<span class=\"woocommerce-Price-currencySymbol\">&euro;<\/span><\/bdi><\/span> <span aria-hidden=\"true\">\u00a0\u2013\u00a0<\/span> <span class=\"woocommerce-Price-amount amount\" aria-hidden=\"true\"><bdi>59,00<span class=\"woocommerce-Price-currencySymbol\">&euro;<\/span><\/bdi><\/span><span class=\"screen-reader-text\">Plage de prix\u00a0: 54,00&euro; \u00e0 59,00&euro;<\/span><span>\n    <\/div>\n  <\/div>\n    <\/a>\n<a href=\"https:\/\/dmd.eu\/fr\/prodotto\/casques-integraux\/accessoires-integraux\/seventyfive-cover-visor\/\" class=\"product-preview w-inline-block\" data-ix=\"hover-product\">\n    <img decoding=\"async\" src=\"https:\/\/dmd.eu\/wp-content\/webp-express\/webp-images\/uploads\/2023\/09\/DMD-Accessory-Seventyfive-Cover-visor-fume.jpg.webp\" loading=\"lazy\" alt=\"dmd.eu - SEVENTYFIVE COVER VISOR\" class=\"product-image\">\n  <div class=\"title-product-content\">\n    <h3 class=\"extra-small-title\">SEVENTYFIVE COVER VISOR<\/h3>\n    <div>\n      <span class=\"woocommerce-Price-amount amount\" aria-hidden=\"true\"><bdi>42,00<span class=\"woocommerce-Price-currencySymbol\">&euro;<\/span><\/bdi><\/span> <span aria-hidden=\"true\">\u00a0\u2013\u00a0<\/span> <span class=\"woocommerce-Price-amount amount\" aria-hidden=\"true\"><bdi>47,00<span class=\"woocommerce-Price-currencySymbol\">&euro;<\/span><\/bdi><\/span><span class=\"screen-reader-text\">Plage de prix\u00a0: 42,00&euro; \u00e0 47,00&euro;<\/span><span>\n    <\/div>\n  <\/div>\n    <\/a>\n<a href=\"https:\/\/dmd.eu\/fr\/prodotto\/casques-integraux\/accessoires-integraux\/rocket-cover-visor-fermeture-magnetique\/\" class=\"product-preview w-inline-block\" data-ix=\"hover-product\">\n    <img decoding=\"async\" src=\"https:\/\/dmd.eu\/wp-content\/webp-express\/webp-images\/uploads\/2023\/09\/DMD-Accessory-Rocket-Cover-visor-CHIUSURA-MAGNETICA-fume.jpg.webp\" loading=\"lazy\" alt=\"dmd.eu - ROCKET COVER VISOR (FERMETURE MAGN\u00c9TIQUE)\" class=\"product-image\">\n  <div class=\"title-product-content\">\n    <h3 class=\"extra-small-title\">ROCKET COVER VISOR (FERMETURE MAGN\u00c9TIQUE)<\/h3>\n    <div>\n      <span class=\"woocommerce-Price-amount amount\"><bdi>34,00<span class=\"woocommerce-Price-currencySymbol\">&euro;<\/span><\/bdi><\/span><span>\n    <\/div>\n  <\/div>\n    <\/a>\n<a href=\"https:\/\/dmd.eu\/fr\/prodotto\/casques-integraux\/accessoires-integraux\/racer-goggle\/\" class=\"product-preview w-inline-block\" data-ix=\"hover-product\">\n    <img decoding=\"async\" src=\"https:\/\/dmd.eu\/wp-content\/webp-express\/webp-images\/uploads\/2023\/09\/DMD-Accessory-Racer-Goggle-fume.jpg.webp\" loading=\"lazy\" alt=\"dmd.eu - RACER GOGGLE\" class=\"product-image\">\n  <div class=\"title-product-content\">\n    <h3 class=\"extra-small-title\">RACER GOGGLE<\/h3>\n    <div>\n      <span class=\"woocommerce-Price-amount amount\" aria-hidden=\"true\"><bdi>54,00<span class=\"woocommerce-Price-currencySymbol\">&euro;<\/span><\/bdi><\/span> <span aria-hidden=\"true\">\u00a0\u2013\u00a0<\/span> <span class=\"woocommerce-Price-amount amount\" aria-hidden=\"true\"><bdi>59,00<span class=\"woocommerce-Price-currencySymbol\">&euro;<\/span><\/bdi><\/span><span class=\"screen-reader-text\">Plage de prix\u00a0: 54,00&euro; \u00e0 59,00&euro;<\/span><span>\n    <\/div>\n  <\/div>\n    <\/a>\n<a href=\"https:\/\/dmd.eu\/fr\/prodotto\/casques-integraux\/accessoires-integraux\/racer-cover-visor\/\" class=\"product-preview w-inline-block\" data-ix=\"hover-product\">\n    <img decoding=\"async\" src=\"https:\/\/dmd.eu\/wp-content\/webp-express\/webp-images\/uploads\/2023\/09\/DMD-Accessory-Racer-Cover-visor-fume.jpg.webp\" loading=\"lazy\" alt=\"dmd.eu - RACER COVER VISOR\" class=\"product-image\">\n  <div class=\"title-product-content\">\n    <h3 class=\"extra-small-title\">RACER COVER VISOR<\/h3>\n    <div>\n      <span class=\"woocommerce-Price-amount amount\" aria-hidden=\"true\"><bdi>40,00<span class=\"woocommerce-Price-currencySymbol\">&euro;<\/span><\/bdi><\/span> <span aria-hidden=\"true\">\u00a0\u2013\u00a0<\/span> <span class=\"woocommerce-Price-amount amount\" aria-hidden=\"true\"><bdi>51,00<span class=\"woocommerce-Price-currencySymbol\">&euro;<\/span><\/bdi><\/span><span class=\"screen-reader-text\">Plage de prix\u00a0: 40,00&euro; \u00e0 51,00&euro;<\/span><span>\n    <\/div>\n  <\/div>\n    <\/a>\n<a href=\"https:\/\/dmd.eu\/fr\/prodotto\/casques-integraux\/accessoires-integraux\/ghost-green-2\/\" class=\"product-preview w-inline-block\" data-ix=\"hover-product\">\n    <img decoding=\"async\" src=\"https:\/\/dmd.eu\/wp-content\/webp-express\/webp-images\/uploads\/2024\/03\/DMD-Accessory-Ghost-GREEN-CLEAR-solo.jpg.webp\" loading=\"lazy\" alt=\"dmd.eu - GHOST GREEN\" class=\"product-image\">\n  <div class=\"title-product-content\">\n    <h3 class=\"extra-small-title\">GHOST GREEN<\/h3>\n    <div>\n      <span class=\"woocommerce-Price-amount amount\" aria-hidden=\"true\"><bdi>79,00<span class=\"woocommerce-Price-currencySymbol\">&euro;<\/span><\/bdi><\/span> <span aria-hidden=\"true\">\u00a0\u2013\u00a0<\/span> <span class=\"woocommerce-Price-amount amount\" aria-hidden=\"true\"><bdi>85,00<span class=\"woocommerce-Price-currencySymbol\">&euro;<\/span><\/bdi><\/span><span class=\"screen-reader-text\">Plage de prix\u00a0: 79,00&euro; \u00e0 85,00&euro;<\/span><span>\n    <\/div>\n  <\/div>\n    <\/a>\n<a href=\"https:\/\/dmd.eu\/fr\/prodotto\/casques-integraux\/accessoires-integraux\/lentille-de-remplacement-ghost\/\" class=\"product-preview w-inline-block\" data-ix=\"hover-product\">\n    <img decoding=\"async\" src=\"https:\/\/dmd.eu\/wp-content\/webp-express\/webp-images\/uploads\/2023\/09\/DMD-accessory-ghost-yellow-lens-1.jpg.webp\" loading=\"lazy\" alt=\"dmd.eu - LENTILLE DE REMPLACEMENT GHOST\" class=\"product-image\">\n  <div class=\"title-product-content\">\n    <h3 class=\"extra-small-title\">LENTILLE DE REMPLACEMENT GHOST<\/h3>\n    <div>\n      <span class=\"woocommerce-Price-amount amount\" aria-hidden=\"true\"><bdi>18,00<span class=\"woocommerce-Price-currencySymbol\">&euro;<\/span><\/bdi><\/span> <span aria-hidden=\"true\">\u00a0\u2013\u00a0<\/span> <span class=\"woocommerce-Price-amount amount\" aria-hidden=\"true\"><bdi>31,00<span class=\"woocommerce-Price-currencySymbol\">&euro;<\/span><\/bdi><\/span><span class=\"screen-reader-text\">Plage de prix\u00a0: 18,00&euro; \u00e0 31,00&euro;<\/span><span>\n    <\/div>\n  <\/div>\n    <\/a>\n<a href=\"https:\/\/dmd.eu\/fr\/prodotto\/casques-integraux\/accessoires-integraux\/ghost\/\" class=\"product-preview w-inline-block\" data-ix=\"hover-product\">\n    <img decoding=\"async\" src=\"https:\/\/dmd.eu\/wp-content\/webp-express\/webp-images\/uploads\/2023\/09\/DMD-Accessory-Ghost-clear-solo.jpg.webp\" loading=\"lazy\" alt=\"dmd.eu - GHOST\" class=\"product-image\">\n  <div class=\"title-product-content\">\n    <h3 class=\"extra-small-title\">GHOST<\/h3>\n    <div>\n      <span class=\"woocommerce-Price-amount amount\" aria-hidden=\"true\"><bdi>79,00<span class=\"woocommerce-Price-currencySymbol\">&euro;<\/span><\/bdi><\/span> <span aria-hidden=\"true\">\u00a0\u2013\u00a0<\/span> <span class=\"woocommerce-Price-amount amount\" aria-hidden=\"true\"><bdi>85,00<span class=\"woocommerce-Price-currencySymbol\">&euro;<\/span><\/bdi><\/span><span class=\"screen-reader-text\">Plage de prix\u00a0: 79,00&euro; \u00e0 85,00&euro;<\/span><span>\n    <\/div>\n  <\/div>\n    <\/a>\n<a href=\"https:\/\/dmd.eu\/fr\/prodotto\/casques-integraux\/accessoires-integraux\/ghost-white\/\" class=\"product-preview w-inline-block\" data-ix=\"hover-product\">\n    <img decoding=\"async\" src=\"https:\/\/dmd.eu\/wp-content\/webp-express\/webp-images\/uploads\/2023\/08\/DMD-Accessory-Ghost-white-clear-solo-1.jpg.webp\" loading=\"lazy\" alt=\"dmd.eu - GHOST WHITE\" class=\"product-image\">\n  <div class=\"title-product-content\">\n    <h3 class=\"extra-small-title\">GHOST WHITE<\/h3>\n    <div>\n      <span class=\"woocommerce-Price-amount amount\" aria-hidden=\"true\"><bdi>79,00<span class=\"woocommerce-Price-currencySymbol\">&euro;<\/span><\/bdi><\/span> <span aria-hidden=\"true\">\u00a0\u2013\u00a0<\/span> <span class=\"woocommerce-Price-amount amount\" aria-hidden=\"true\"><bdi>85,00<span class=\"woocommerce-Price-currencySymbol\">&euro;<\/span><\/bdi><\/span><span class=\"screen-reader-text\">Plage de prix\u00a0: 79,00&euro; \u00e0 85,00&euro;<\/span><span>\n    <\/div>\n  <\/div>\n    <\/a>\n<a href=\"https:\/\/dmd.eu\/fr\/prodotto\/casques-integraux\/accessoires-integraux\/goggle-retainer\/\" class=\"product-preview w-inline-block\" data-ix=\"hover-product\">\n    <img decoding=\"async\" src=\"https:\/\/dmd.eu\/wp-content\/webp-express\/webp-images\/uploads\/2023\/08\/DMD-Goggle-retainer.jpg.webp\" loading=\"lazy\" alt=\"dmd.eu - GOGGLE RETAINER\" class=\"product-image\">\n  <div class=\"title-product-content\">\n    <h3 class=\"extra-small-title\">GOGGLE RETAINER<\/h3>\n    <div>\n      <span class=\"woocommerce-Price-amount amount\"><bdi>12,00<span class=\"woocommerce-Price-currencySymbol\">&euro;<\/span><\/bdi><\/span><span>\n    <\/div>\n  <\/div>\n    <\/a>\n<a href=\"https:\/\/dmd.eu\/fr\/prodotto\/casques-integraux\/accessoires-integraux\/inner-lining-seventyseven\/\" class=\"product-preview w-inline-block\" data-ix=\"hover-product\">\n    <img decoding=\"async\" src=\"https:\/\/dmd.eu\/wp-content\/webp-express\/webp-images\/uploads\/2025\/07\/DMD-Accessory-inner-lining-Seventyseven.jpg.webp\" loading=\"lazy\" alt=\"dmd.eu - INNER LINING SEVENTYSEVEN\" class=\"product-image\">\n  <div class=\"title-product-content\">\n    <h3 class=\"extra-small-title\">INNER LINING SEVENTYSEVEN<\/h3>\n    <div>\n      <span class=\"woocommerce-Price-amount amount\"><bdi>72,00<span class=\"woocommerce-Price-currencySymbol\">&euro;<\/span><\/bdi><\/span><span>\n    <\/div>\n  <\/div>\n    <\/a>\n<a href=\"https:\/\/dmd.eu\/fr\/prodotto\/casques-integraux\/accessoires-integraux\/inner-lining-rivale-ece-22-05\/\" class=\"product-preview w-inline-block\" data-ix=\"hover-product\">\n    <img decoding=\"async\" src=\"https:\/\/dmd.eu\/wp-content\/webp-express\/webp-images\/uploads\/2024\/05\/DMD-Accessory-inner-lining-Rivale.jpg.webp\" loading=\"lazy\" alt=\"dmd.eu - INNER LINING RIVALE ECE 22.05\" class=\"product-image\">\n  <div class=\"title-product-content\">\n    <h3 class=\"extra-small-title\">INNER LINING RIVALE ECE 22.05<\/h3>\n    <div>\n      <span class=\"woocommerce-Price-amount amount\"><bdi>72,00<span class=\"woocommerce-Price-currencySymbol\">&euro;<\/span><\/bdi><\/span><span>\n    <\/div>\n  <\/div>\n    <\/a>\n<a href=\"https:\/\/dmd.eu\/fr\/prodotto\/casques-integraux\/accessoires-integraux\/inner-lining-seventyfive\/\" class=\"product-preview w-inline-block\" data-ix=\"hover-product\">\n    <img decoding=\"async\" src=\"https:\/\/dmd.eu\/wp-content\/webp-express\/webp-images\/uploads\/2023\/09\/DMD-Accessory-inner-lining-Seventyfive.jpg.webp\" loading=\"lazy\" alt=\"dmd.eu - INNER LINING SEVENTYFIVE\" class=\"product-image\">\n  <div class=\"title-product-content\">\n    <h3 class=\"extra-small-title\">INNER LINING SEVENTYFIVE<\/h3>\n    <div>\n      <span class=\"woocommerce-Price-amount amount\"><bdi>72,00<span class=\"woocommerce-Price-currencySymbol\">&euro;<\/span><\/bdi><\/span><span>\n    <\/div>\n  <\/div>\n    <\/a>\n<a href=\"https:\/\/dmd.eu\/fr\/prodotto\/casques-integraux\/accessoires-integraux\/inner-lining-rivale\/\" class=\"product-preview w-inline-block\" data-ix=\"hover-product\">\n    <img decoding=\"async\" src=\"https:\/\/dmd.eu\/wp-content\/webp-express\/webp-images\/uploads\/2024\/05\/DMD-Accessory-inner-lining-Rivale-1.jpg.webp\" loading=\"lazy\" alt=\"dmd.eu - INNER LINING RIVALE ECE 22.06\" class=\"product-image\">\n  <div class=\"title-product-content\">\n    <h3 class=\"extra-small-title\">INNER LINING RIVALE ECE 22.06<\/h3>\n    <div>\n      <span class=\"woocommerce-Price-amount amount\"><bdi>72,00<span class=\"woocommerce-Price-currencySymbol\">&euro;<\/span><\/bdi><\/span><span>\n    <\/div>\n  <\/div>\n    <\/a>\n<a href=\"https:\/\/dmd.eu\/fr\/prodotto\/casques-integraux\/accessoires-integraux\/inner-lining-rocket\/\" class=\"product-preview w-inline-block\" data-ix=\"hover-product\">\n    <img decoding=\"async\" src=\"https:\/\/dmd.eu\/wp-content\/webp-express\/webp-images\/uploads\/2023\/09\/DMD-Accessory-inner-lining-Rocket.jpg.webp\" loading=\"lazy\" alt=\"dmd.eu - INNER LINING ROCKET\" class=\"product-image\">\n  <div class=\"title-product-content\">\n    <h3 class=\"extra-small-title\">INNER LINING ROCKET<\/h3>\n    <div>\n      <span class=\"woocommerce-Price-amount amount\"><bdi>72,00<span class=\"woocommerce-Price-currencySymbol\">&euro;<\/span><\/bdi><\/span><span>\n    <\/div>\n  <\/div>\n    <\/a>\n<a href=\"https:\/\/dmd.eu\/fr\/prodotto\/casques-integraux\/accessoires-integraux\/inner-lining-racer\/\" class=\"product-preview w-inline-block\" data-ix=\"hover-product\">\n    <img decoding=\"async\" src=\"https:\/\/dmd.eu\/wp-content\/webp-express\/webp-images\/uploads\/2023\/09\/DMD-Accessory-inner-lining-Racer.jpg.webp\" loading=\"lazy\" alt=\"dmd.eu - INNER LINING RACER\" class=\"product-image\">\n  <div class=\"title-product-content\">\n    <h3 class=\"extra-small-title\">INNER LINING RACER<\/h3>\n    <div>\n      <span class=\"woocommerce-Price-amount amount\"><bdi>72,00<span class=\"woocommerce-Price-currencySymbol\">&euro;<\/span><\/bdi><\/span><span>\n    <\/div>\n  <\/div>\n    <\/a>  <\/div>","protected":false},"excerpt":{"rendered":"","protected":false},"author":2,"featured_media":0,"parent":12559,"menu_order":0,"comment_status":"closed","ping_status":"closed","template":"","meta":{"_acf_changed":true,"footnotes":""},"class_list":["post-12560","page","type-page","status-publish","hentry"],"acf":[],"jetpack_sharing_enabled":true,"_links":{"self":[{"href":"https:\/\/dmd.eu\/fr\/wp-json\/wp\/v2\/pages\/12560","targetHints":{"allow":["GET"]}}],"collection":[{"href":"https:\/\/dmd.eu\/fr\/wp-json\/wp\/v2\/pages"}],"about":[{"href":"https:\/\/dmd.eu\/fr\/wp-json\/wp\/v2\/types\/page"}],"author":[{"embeddable":true,"href":"https:\/\/dmd.eu\/fr\/wp-json\/wp\/v2\/users\/2"}],"replies":[{"embeddable":true,"href":"https:\/\/dmd.eu\/fr\/wp-json\/wp\/v2\/comments?post=12560"}],"version-history":[{"count":0,"href":"https:\/\/dmd.eu\/fr\/wp-json\/wp\/v2\/pages\/12560\/revisions"}],"up":[{"embeddable":true,"href":"https:\/\/dmd.eu\/fr\/wp-json\/wp\/v2\/pages\/12559"}],"wp:attachment":[{"href":"https:\/\/dmd.eu\/fr\/wp-json\/wp\/v2\/media?parent=12560"}],"curies":[{"name":"wp","href":"https:\/\/api.w.org\/{rel}","templated":true}]}}