{"id":12553,"date":"2023-10-04T11:11:24","date_gmt":"2023-10-04T09:11:24","guid":{"rendered":"https:\/\/www.dmd.eu\/abbigliamento-moto\/scaldacollo\/"},"modified":"2025-12-02T10:44:40","modified_gmt":"2025-12-02T09:44:40","slug":"tours-de-cou","status":"publish","type":"page","link":"https:\/\/dmd.eu\/fr\/vetements-moto\/tours-de-cou\/","title":{"rendered":"TOURS DE COU"},"content":{"rendered":"  <div id=\"b-categorypage-block_5ffce3a48c42e74a07ab7a7adf028d56\" class=\"conteiner\">\n    <div class=\"header-category\">\n      <h1 class=\"big-text\">TOURS DE COU<\/h1>\n      <div class=\"category-text--desktop\">\n        <p>Compl\u00e9tez votre look Caf\u00e9 Racer avec les <strong>tours de cou DMD<\/strong>. L&rsquo;accessoire id\u00e9al pour prot\u00e9ger votre visage et votre cou du vent et du froid lors de vos sorties en moto. Tous les mod\u00e8les sont r\u00e9versibles, ce qui vous permet de personnaliser votre style au quotidien, en choisissant parmi diff\u00e9rents mod\u00e8les pour hommes et femmes.<\/p>\n<p>\ud83c\uddee\ud83c\uddf9 Fabriqu\u00e9 en Italie, avec passion.<\/p>\n      <\/div>\n      <button class=\"link-anchor more-info-button\">Lire plus d&rsquo;informations<\/button>\n    <\/div>\n    <div class=\"image-page\" style=\"background-image:url('https:\/\/dmd.eu\/wp-content\/webp-express\/webp-images\/uploads\/2025\/12\/SCALDACOLLI.jpg.webp');\">\n    <\/div>\n    \n    <div class=\"more-info\">\n      <div id=\"info\" class=\"conteiner\">\n        <div class=\"box medium category-text--mobile\">\n          <p>Compl\u00e9tez votre look Caf\u00e9 Racer avec les <strong>tours de cou DMD<\/strong>. L&rsquo;accessoire id\u00e9al pour prot\u00e9ger votre visage et votre cou du vent et du froid lors de vos sorties en moto. Tous les mod\u00e8les sont r\u00e9versibles, ce qui vous permet de personnaliser votre style au quotidien, en choisissant parmi diff\u00e9rents mod\u00e8les pour hommes et femmes.<\/p>\n<p>\ud83c\uddee\ud83c\uddf9 Fabriqu\u00e9 en Italie, avec passion.<\/p>\n        <\/div>\n        <div class=\"box medium\">\n          <h4>POURQUOI CHOISIR LES TOURS DE COU DMD?<\/h4>\n<p>Les <strong>tours de cou DMD<\/strong> sont r\u00e9alis\u00e9s en coton (89%) et \u00e9lasthanne (11%), ils sont r\u00e9versibles et ont un diam\u00e8tre de 48 cm.<br \/>\n\u00c0 tout moment de l&rsquo;ann\u00e9e, ils sont indispensables pour les sorties en moto.<\/p>\n        <\/div>\n        <div class=\"box medium\">\n          <h4>QUELQUES INFORMATIONS UTILES POUR CHAQUE MOTOCYCLISTE:<\/h4>\n<ul>\n<li>Ils peuvent \u00eatre lav\u00e9s en machine \u00e0 30 degr\u00e9s;<\/li>\n<li>Ils sont enti\u00e8rement fabriqu\u00e9s en Italie.<\/li>\n<\/ul>\n<p>Enrichissez votre look et prot\u00e9gez-vous tout en roulant sans soucis, avec les tours de cou DMD, disponibles en huit mod\u00e8les diff\u00e9rents.<\/p>\n        <\/div>\n      <\/div>\n    <\/div>\n\n    <div class=\"filter-row\">\n                <\/div>\n\n          \n<a href=\"https:\/\/dmd.eu\/fr\/prodotto\/vetements-moto\/tours-de-cou\/gorilla-3\/\" class=\"product-preview w-inline-block\" data-ix=\"hover-product\">\n    <img decoding=\"async\" src=\"https:\/\/dmd.eu\/wp-content\/webp-express\/webp-images\/uploads\/2024\/03\/DMD-Neck-Gaiter-Gorilla.jpg.webp\" loading=\"lazy\" alt=\"dmd.eu - GORILLA\" class=\"product-image\">\n  <div class=\"title-product-content\">\n    <h3 class=\"extra-small-title\">GORILLA<\/h3>\n    <div>\n      <span class=\"woocommerce-Price-amount amount\"><bdi>29,90<span class=\"woocommerce-Price-currencySymbol\">&euro;<\/span><\/bdi><\/span><span>\n    <\/div>\n  <\/div>\n    <\/a>\n<a href=\"https:\/\/dmd.eu\/fr\/prodotto\/vetements-moto\/tours-de-cou\/engine\/\" class=\"product-preview w-inline-block\" data-ix=\"hover-product\">\n    <img decoding=\"async\" src=\"https:\/\/dmd.eu\/wp-content\/webp-express\/webp-images\/uploads\/2023\/09\/DMD-Bandana-Engine.jpg.webp\" loading=\"lazy\" alt=\"dmd.eu - ENGINE\" class=\"product-image\">\n  <div class=\"title-product-content\">\n    <h3 class=\"extra-small-title\">ENGINE<\/h3>\n    <div>\n      <span class=\"woocommerce-Price-amount amount\"><bdi>29,90<span class=\"woocommerce-Price-currencySymbol\">&euro;<\/span><\/bdi><\/span><span>\n    <\/div>\n  <\/div>\n    <\/a>\n<a href=\"https:\/\/dmd.eu\/fr\/prodotto\/vetements-moto\/tours-de-cou\/the-lovers-3\/\" class=\"product-preview w-inline-block\" data-ix=\"hover-product\">\n    <img decoding=\"async\" src=\"https:\/\/dmd.eu\/wp-content\/webp-express\/webp-images\/uploads\/2023\/09\/DMD-Bandana-The-Lovers.jpg.webp\" loading=\"lazy\" alt=\"dmd.eu - THE LOVERS\" class=\"product-image\">\n  <div class=\"title-product-content\">\n    <h3 class=\"extra-small-title\">THE LOVERS<\/h3>\n    <div>\n      <span class=\"woocommerce-Price-amount amount\"><bdi>29,90<span class=\"woocommerce-Price-currencySymbol\">&euro;<\/span><\/bdi><\/span><span>\n    <\/div>\n  <\/div>\n    <\/a>\n<a href=\"https:\/\/dmd.eu\/fr\/prodotto\/vetements-moto\/tours-de-cou\/buccaneer\/\" class=\"product-preview w-inline-block\" data-ix=\"hover-product\">\n    <img decoding=\"async\" src=\"https:\/\/dmd.eu\/wp-content\/webp-express\/webp-images\/uploads\/2023\/08\/DMD-Neck-Gaiter-Buccaneer.jpg.webp\" loading=\"lazy\" alt=\"dmd.eu - BUCCANEER\" class=\"product-image\">\n  <div class=\"title-product-content\">\n    <h3 class=\"extra-small-title\">BUCCANEER<\/h3>\n    <div>\n      <span class=\"woocommerce-Price-amount amount\"><bdi>29,90<span class=\"woocommerce-Price-currencySymbol\">&euro;<\/span><\/bdi><\/span><span>\n    <\/div>\n  <\/div>\n    <\/a>\n<a href=\"https:\/\/dmd.eu\/fr\/prodotto\/vetements-moto\/tours-de-cou\/bandana\/\" class=\"product-preview w-inline-block\" data-ix=\"hover-product\">\n    <img decoding=\"async\" src=\"https:\/\/dmd.eu\/wp-content\/webp-express\/webp-images\/uploads\/2023\/08\/DMD-Neck-Gaiter-Bandana.jpg.webp\" loading=\"lazy\" alt=\"dmd.eu - BANDANA\" class=\"product-image\">\n  <div class=\"title-product-content\">\n    <h3 class=\"extra-small-title\">BANDANA<\/h3>\n    <div>\n      <span class=\"woocommerce-Price-amount amount\"><bdi>29,90<span class=\"woocommerce-Price-currencySymbol\">&euro;<\/span><\/bdi><\/span><span>\n    <\/div>\n  <\/div>\n    <\/a>\n<a href=\"https:\/\/dmd.eu\/fr\/prodotto\/vetements-moto\/tours-de-cou\/striped\/\" class=\"product-preview w-inline-block\" data-ix=\"hover-product\">\n    <img decoding=\"async\" src=\"https:\/\/dmd.eu\/wp-content\/webp-express\/webp-images\/uploads\/2023\/08\/DMD-Neck-Gaiter-Striped.jpg.webp\" loading=\"lazy\" alt=\"dmd.eu - STRIPED\" class=\"product-image\">\n  <div class=\"title-product-content\">\n    <h3 class=\"extra-small-title\">STRIPED<\/h3>\n    <div>\n      <span class=\"woocommerce-Price-amount amount\"><bdi>29,90<span class=\"woocommerce-Price-currencySymbol\">&euro;<\/span><\/bdi><\/span><span>\n    <\/div>\n  <\/div>\n    <\/a>\n<a href=\"https:\/\/dmd.eu\/fr\/prodotto\/vetements-moto\/tours-de-cou\/tartan\/\" class=\"product-preview w-inline-block\" data-ix=\"hover-product\">\n    <img decoding=\"async\" src=\"https:\/\/dmd.eu\/wp-content\/webp-express\/webp-images\/uploads\/2023\/08\/DMD-Neck-Gaiter-Tartan.jpg.webp\" loading=\"lazy\" alt=\"dmd.eu - TARTAN\" class=\"product-image\">\n  <div class=\"title-product-content\">\n    <h3 class=\"extra-small-title\">TARTAN<\/h3>\n    <div>\n      <span class=\"woocommerce-Price-amount amount\"><bdi>29,90<span class=\"woocommerce-Price-currencySymbol\">&euro;<\/span><\/bdi><\/span><span>\n    <\/div>\n  <\/div>\n    <\/a>\n<a href=\"https:\/\/dmd.eu\/fr\/prodotto\/vetements-moto\/tours-de-cou\/smoke\/\" class=\"product-preview w-inline-block\" data-ix=\"hover-product\">\n    <img decoding=\"async\" src=\"https:\/\/dmd.eu\/wp-content\/webp-express\/webp-images\/uploads\/2023\/08\/DMD-Neck-Gaiter-Smoke.jpg.webp\" loading=\"lazy\" alt=\"dmd.eu - SMOKE\" class=\"product-image\">\n  <div class=\"title-product-content\">\n    <h3 class=\"extra-small-title\">SMOKE<\/h3>\n    <div>\n      <span class=\"woocommerce-Price-amount amount\"><bdi>29,90<span class=\"woocommerce-Price-currencySymbol\">&euro;<\/span><\/bdi><\/span><span>\n    <\/div>\n  <\/div>\n    <\/a>\n<a href=\"https:\/\/dmd.eu\/fr\/prodotto\/vetements-moto\/tours-de-cou\/royal\/\" class=\"product-preview w-inline-block\" data-ix=\"hover-product\">\n    <img decoding=\"async\" src=\"https:\/\/dmd.eu\/wp-content\/webp-express\/webp-images\/uploads\/2023\/08\/DMD-Neck-Gaiter-Royal.jpg.webp\" loading=\"lazy\" alt=\"dmd.eu - ROYAL\" class=\"product-image\">\n  <div class=\"title-product-content\">\n    <h3 class=\"extra-small-title\">ROYAL<\/h3>\n    <div>\n      <span class=\"woocommerce-Price-amount amount\"><bdi>29,90<span class=\"woocommerce-Price-currencySymbol\">&euro;<\/span><\/bdi><\/span><span>\n    <\/div>\n  <\/div>\n    <\/a>  <\/div>","protected":false},"excerpt":{"rendered":"","protected":false},"author":2,"featured_media":0,"parent":12541,"menu_order":0,"comment_status":"closed","ping_status":"closed","template":"","meta":{"_acf_changed":true,"footnotes":""},"class_list":["post-12553","page","type-page","status-publish","hentry"],"acf":[],"jetpack_sharing_enabled":true,"_links":{"self":[{"href":"https:\/\/dmd.eu\/fr\/wp-json\/wp\/v2\/pages\/12553","targetHints":{"allow":["GET"]}}],"collection":[{"href":"https:\/\/dmd.eu\/fr\/wp-json\/wp\/v2\/pages"}],"about":[{"href":"https:\/\/dmd.eu\/fr\/wp-json\/wp\/v2\/types\/page"}],"author":[{"embeddable":true,"href":"https:\/\/dmd.eu\/fr\/wp-json\/wp\/v2\/users\/2"}],"replies":[{"embeddable":true,"href":"https:\/\/dmd.eu\/fr\/wp-json\/wp\/v2\/comments?post=12553"}],"version-history":[{"count":0,"href":"https:\/\/dmd.eu\/fr\/wp-json\/wp\/v2\/pages\/12553\/revisions"}],"up":[{"embeddable":true,"href":"https:\/\/dmd.eu\/fr\/wp-json\/wp\/v2\/pages\/12541"}],"wp:attachment":[{"href":"https:\/\/dmd.eu\/fr\/wp-json\/wp\/v2\/media?parent=12553"}],"curies":[{"name":"wp","href":"https:\/\/api.w.org\/{rel}","templated":true}]}}