{"id":12551,"date":"2023-10-04T11:07:52","date_gmt":"2023-10-04T09:07:52","guid":{"rendered":"https:\/\/www.dmd.eu\/abbigliamento-moto\/pantaloni\/"},"modified":"2025-12-02T10:44:11","modified_gmt":"2025-12-02T09:44:11","slug":"pantalons","status":"publish","type":"page","link":"https:\/\/dmd.eu\/fr\/vetements-moto\/pantalons\/","title":{"rendered":"PANTALONS"},"content":{"rendered":"  <div id=\"b-categorypage-block_1d216e8fe8d565bac53862b364a385f2\" class=\"conteiner\">\n    <div class=\"header-category\">\n      <h1 class=\"big-text\">PANTALONS DE MOTO<\/h1>\n      <div class=\"category-text--desktop\">\n        <p>Le <strong>pantalon DMD<\/strong> est confortable, s\u00fbr et adapt\u00e9 \u00e0 tout motard. La s\u00e9curit\u00e9 est garantie par la pr\u00e9sence de protections certifi\u00e9es ins\u00e9r\u00e9es sur les genoux et les hanches. Il s&rsquo;agit d&rsquo;un v\u00eatement technique qui ne sacrifie pas le confort et la praticit\u00e9 d&rsquo;un pantalon d\u00e9contract\u00e9. Ils offrent en effet la m\u00eame douceur et le m\u00eame ajustement qu\u2019un pantalon en coton ordinaire.<\/p>\n<p>\ud83c\uddee\ud83c\uddf9 Fabriqu\u00e9 en Italie, avec passion.<\/p>\n      <\/div>\n      <button class=\"link-anchor more-info-button\">Lire plus d&rsquo;informations<\/button>\n    <\/div>\n    <div class=\"image-page\" style=\"background-image:url('https:\/\/dmd.eu\/wp-content\/webp-express\/webp-images\/uploads\/2025\/12\/PANTS.jpg.webp');\">\n    <\/div>\n    \n    <div class=\"more-info\">\n      <div id=\"info\" class=\"conteiner\">\n        <div class=\"box medium category-text--mobile\">\n          <p>Le <strong>pantalon DMD<\/strong> est confortable, s\u00fbr et adapt\u00e9 \u00e0 tout motard. La s\u00e9curit\u00e9 est garantie par la pr\u00e9sence de protections certifi\u00e9es ins\u00e9r\u00e9es sur les genoux et les hanches. Il s&rsquo;agit d&rsquo;un v\u00eatement technique qui ne sacrifie pas le confort et la praticit\u00e9 d&rsquo;un pantalon d\u00e9contract\u00e9. Ils offrent en effet la m\u00eame douceur et le m\u00eame ajustement qu\u2019un pantalon en coton ordinaire.<\/p>\n<p>\ud83c\uddee\ud83c\uddf9 Fabriqu\u00e9 en Italie, avec passion.<\/p>\n        <\/div>\n        <div class=\"box medium\">\n          <h4>POURQUOI CHOISIR UN PANTALON DE MOTO?<\/h4>\n<p>Les <strong>pantalons moto DMD<\/strong> sont enti\u00e8rement fait \u00e0 la main, avec une attention maximale aux d\u00e9tails. Ils sont fabriqu\u00e9s \u00e0 partir de mat\u00e9riaux innovants, de coton et d&rsquo;autres fibres m\u00e9lang\u00e9es, qui les rendent l\u00e9gers, extensibles et en m\u00eame temps tr\u00e8s r\u00e9sistants. Ils se caract\u00e9risent notamment par les poches arri\u00e8re et les poches lat\u00e9rales partiellement dissimul\u00e9es. Homologu\u00e9s CE:A (EN 17092:2020), ces pantalons vous permettent de rouler en toute s\u00e9curit\u00e9 sur n\u2019importe quelle moto.<\/p>\n        <\/div>\n        <div class=\"box medium\">\n          <h4>QUELQUES INFORMATIONS UTILES POUR CHAQUE MOTOCYCLISTE:<\/h4>\n<ul>\n<li>Fabriqu\u00e9 \u00e0 la main en Italie;<\/li>\n<li>Lavable en machine \u00e0 30 degr\u00e9s.<\/li>\n<\/ul>\n<p>Sur votre moto, choisissez un pantalon certifi\u00e9 DMD.<\/p>\n        <\/div>\n      <\/div>\n    <\/div>\n\n    <div class=\"filter-row\">\n                <\/div>\n\n          \n<a href=\"https:\/\/dmd.eu\/fr\/prodotto\/vetements-moto\/pantalons\/chino-black\/\" class=\"product-preview w-inline-block\" data-ix=\"hover-product\">\n    <img decoding=\"async\" src=\"https:\/\/dmd.eu\/wp-content\/webp-express\/webp-images\/uploads\/2023\/08\/DMD-Pants-Chino-Black-front.jpg.webp\" loading=\"lazy\" alt=\"dmd.eu - CHINO BLACK\" class=\"product-image\">\n  <div class=\"title-product-content\">\n    <h3 class=\"extra-small-title\">CHINO BLACK<\/h3>\n    <div>\n      <del aria-hidden=\"true\"><span class=\"woocommerce-Price-amount amount\"><bdi>150,00<span class=\"woocommerce-Price-currencySymbol\">&euro;<\/span><\/bdi><\/span><\/del> <span class=\"screen-reader-text\">Le prix initial \u00e9tait\u00a0: 150,00&euro;.<\/span><ins aria-hidden=\"true\"><span class=\"woocommerce-Price-amount amount\"><bdi>90,00<span class=\"woocommerce-Price-currencySymbol\">&euro;<\/span><\/bdi><\/span><\/ins><span class=\"screen-reader-text\">Le prix actuel est\u00a0: 90,00&euro;.<\/span><span>\n    <\/div>\n  <\/div>\n    <\/a>\n<a href=\"https:\/\/dmd.eu\/fr\/prodotto\/vetements-moto\/pantalons\/chino-sand\/\" class=\"product-preview w-inline-block\" data-ix=\"hover-product\">\n    <img decoding=\"async\" src=\"https:\/\/dmd.eu\/wp-content\/webp-express\/webp-images\/uploads\/2023\/08\/DMD-Pants-Chino-Sand-front.jpg.webp\" loading=\"lazy\" alt=\"dmd.eu - CHINO SAND\" class=\"product-image\">\n  <div class=\"title-product-content\">\n    <h3 class=\"extra-small-title\">CHINO SAND<\/h3>\n    <div>\n      <del aria-hidden=\"true\"><span class=\"woocommerce-Price-amount amount\"><bdi>150,00<span class=\"woocommerce-Price-currencySymbol\">&euro;<\/span><\/bdi><\/span><\/del> <span class=\"screen-reader-text\">Le prix initial \u00e9tait\u00a0: 150,00&euro;.<\/span><ins aria-hidden=\"true\"><span class=\"woocommerce-Price-amount amount\"><bdi>90,00<span class=\"woocommerce-Price-currencySymbol\">&euro;<\/span><\/bdi><\/span><\/ins><span class=\"screen-reader-text\">Le prix actuel est\u00a0: 90,00&euro;.<\/span><span>\n    <\/div>\n  <\/div>\n    <\/a>\n<a href=\"https:\/\/dmd.eu\/fr\/prodotto\/vetements-moto\/pantalons\/chino-green\/\" class=\"product-preview w-inline-block\" data-ix=\"hover-product\">\n    <img decoding=\"async\" src=\"https:\/\/dmd.eu\/wp-content\/webp-express\/webp-images\/uploads\/2023\/08\/DMD-Pants-Chino-Green-front.jpg.webp\" loading=\"lazy\" alt=\"dmd.eu - CHINO GREEN\" class=\"product-image\">\n  <div class=\"title-product-content\">\n    <h3 class=\"extra-small-title\">CHINO GREEN<\/h3>\n    <div>\n      <del aria-hidden=\"true\"><span class=\"woocommerce-Price-amount amount\"><bdi>150,00<span class=\"woocommerce-Price-currencySymbol\">&euro;<\/span><\/bdi><\/span><\/del> <span class=\"screen-reader-text\">Le prix initial \u00e9tait\u00a0: 150,00&euro;.<\/span><ins aria-hidden=\"true\"><span class=\"woocommerce-Price-amount amount\"><bdi>90,00<span class=\"woocommerce-Price-currencySymbol\">&euro;<\/span><\/bdi><\/span><\/ins><span class=\"screen-reader-text\">Le prix actuel est\u00a0: 90,00&euro;.<\/span><span>\n    <\/div>\n  <\/div>\n    <\/a>\n<a href=\"https:\/\/dmd.eu\/fr\/prodotto\/vetements-moto\/pantalons\/jeans\/\" class=\"product-preview w-inline-block\" data-ix=\"hover-product\">\n    <img decoding=\"async\" src=\"https:\/\/dmd.eu\/wp-content\/webp-express\/webp-images\/uploads\/2023\/08\/DMD-Pants-Jeans-front.jpg.webp\" loading=\"lazy\" alt=\"dmd.eu - JEANS\" class=\"product-image\">\n  <div class=\"title-product-content\">\n    <h3 class=\"extra-small-title\">JEANS<\/h3>\n    <div>\n      <del aria-hidden=\"true\"><span class=\"woocommerce-Price-amount amount\"><bdi>180,00<span class=\"woocommerce-Price-currencySymbol\">&euro;<\/span><\/bdi><\/span><\/del> <span class=\"screen-reader-text\">Le prix initial \u00e9tait\u00a0: 180,00&euro;.<\/span><ins aria-hidden=\"true\"><span class=\"woocommerce-Price-amount amount\"><bdi>99,00<span class=\"woocommerce-Price-currencySymbol\">&euro;<\/span><\/bdi><\/span><\/ins><span class=\"screen-reader-text\">Le prix actuel est\u00a0: 99,00&euro;.<\/span><span>\n    <\/div>\n  <\/div>\n    <\/a>  <\/div>","protected":false},"excerpt":{"rendered":"","protected":false},"author":2,"featured_media":0,"parent":12541,"menu_order":0,"comment_status":"closed","ping_status":"closed","template":"","meta":{"_acf_changed":true,"footnotes":""},"class_list":["post-12551","page","type-page","status-publish","hentry"],"acf":[],"jetpack_sharing_enabled":true,"_links":{"self":[{"href":"https:\/\/dmd.eu\/fr\/wp-json\/wp\/v2\/pages\/12551","targetHints":{"allow":["GET"]}}],"collection":[{"href":"https:\/\/dmd.eu\/fr\/wp-json\/wp\/v2\/pages"}],"about":[{"href":"https:\/\/dmd.eu\/fr\/wp-json\/wp\/v2\/types\/page"}],"author":[{"embeddable":true,"href":"https:\/\/dmd.eu\/fr\/wp-json\/wp\/v2\/users\/2"}],"replies":[{"embeddable":true,"href":"https:\/\/dmd.eu\/fr\/wp-json\/wp\/v2\/comments?post=12551"}],"version-history":[{"count":0,"href":"https:\/\/dmd.eu\/fr\/wp-json\/wp\/v2\/pages\/12551\/revisions"}],"up":[{"embeddable":true,"href":"https:\/\/dmd.eu\/fr\/wp-json\/wp\/v2\/pages\/12541"}],"wp:attachment":[{"href":"https:\/\/dmd.eu\/fr\/wp-json\/wp\/v2\/media?parent=12551"}],"curies":[{"name":"wp","href":"https:\/\/api.w.org\/{rel}","templated":true}]}}