{"id":12549,"date":"2023-10-04T11:04:53","date_gmt":"2023-10-04T09:04:53","guid":{"rendered":"https:\/\/www.dmd.eu\/abbigliamento-moto\/guanti\/"},"modified":"2025-12-02T10:43:40","modified_gmt":"2025-12-02T09:43:40","slug":"gants","status":"publish","type":"page","link":"https:\/\/dmd.eu\/fr\/vetements-moto\/gants\/","title":{"rendered":"GANTS"},"content":{"rendered":"  <div id=\"b-categorypage-block_956d6821e09c7d549da14c8d2acca3ed\" class=\"conteiner\">\n    <div class=\"header-category\">\n      <h1 class=\"big-text\">GANTS DE MOTO<\/h1>\n      <div class=\"category-text--desktop\">\n        <p>Les <strong>gants de moto DMD<\/strong> sont enti\u00e8rement fabriqu\u00e9s \u00e0 la main, en cuir italien v\u00e9ritable. Ils offrent protection et confort dans un design \u00e9l\u00e9gant qui s\u2019adapte \u00e0 trois saisons: printemps, \u00e9t\u00e9 et automne. Pour la r\u00e9alisation de ce produit, DMD a choisi les meilleurs cuirs, qui prennent du caract\u00e8re avec le temps et enrichissent votre look vintage.<\/p>\n<p>\ud83c\uddee\ud83c\uddf9 Fabriqu\u00e9 en Italie, avec passion.<\/p>\n      <\/div>\n      <button class=\"link-anchor more-info-button\">Lire plus d&rsquo;informations<\/button>\n    <\/div>\n    <div class=\"image-page\" style=\"background-image:url('https:\/\/dmd.eu\/wp-content\/webp-express\/webp-images\/uploads\/2025\/12\/GLOVES.jpg.webp');\">\n    <\/div>\n    \n    <div class=\"more-info\">\n      <div id=\"info\" class=\"conteiner\">\n        <div class=\"box medium category-text--mobile\">\n          <p>Les <strong>gants de moto DMD<\/strong> sont enti\u00e8rement fabriqu\u00e9s \u00e0 la main, en cuir italien v\u00e9ritable. Ils offrent protection et confort dans un design \u00e9l\u00e9gant qui s\u2019adapte \u00e0 trois saisons: printemps, \u00e9t\u00e9 et automne. Pour la r\u00e9alisation de ce produit, DMD a choisi les meilleurs cuirs, qui prennent du caract\u00e8re avec le temps et enrichissent votre look vintage.<\/p>\n<p>\ud83c\uddee\ud83c\uddf9 Fabriqu\u00e9 en Italie, avec passion.<\/p>\n        <\/div>\n        <div class=\"box medium\">\n          <h4>POURQUOI CHOISIR DES GANTS DE MOTO?<\/h4>\n<p>Les<strong>\u00a0gants DMD<\/strong>\u00a0allient beaut\u00e9 et protection, homologu\u00e9s CE EN 13594, ils sont conformes aux certifications et vous permettent de rouler en toute s\u00e9curit\u00e9.<br \/>\nVous pouvez choisir parmi diff\u00e9rents types de cuir: noir, marron et jaune.<br \/>\nPour plus de confort, nous les avons r\u00e9alis\u00e9s avec des poignets courts munis d\u2019un bouton m\u00e9tallique pour l&rsquo;ouverture ou la fermeture.<br \/>\nIls sont tr\u00e8s r\u00e9sistants, gr\u00e2ce \u00e0 leur double insert en cuir et en kevlar.<\/p>\n        <\/div>\n        <div class=\"box medium\">\n          <h4>QUELQUES INFORMATIONS UTILES POUR CHAQUE MOTOCYCLISTE:<\/h4>\n<ul>\n<li>Le cuir \u00e9tant un mat\u00e9riau tr\u00e8s d\u00e9licat, nous recommandons un lavage sp\u00e9cialis\u00e9.<\/li>\n<li>Les gants ne doivent pas \u00eatre trop serr\u00e9s ; portez-les de mani\u00e8re \u00e0 ce qu&rsquo;ils ne frottent pas contre la peau.<\/li>\n<\/ul>\n<p>Si vous n&rsquo;avez pas encore achet\u00e9 des\u00a0gants de moto, choisissez-les parmi les mod\u00e8les DMD et compl\u00e9tez votre look.<\/p>\n        <\/div>\n      <\/div>\n    <\/div>\n\n    <div class=\"filter-row\">\n                <\/div>\n\n          \n<a href=\"https:\/\/dmd.eu\/fr\/prodotto\/vetements-moto\/gants\/shield-yellow\/\" class=\"product-preview w-inline-block\" data-ix=\"hover-product\">\n    <img decoding=\"async\" src=\"https:\/\/dmd.eu\/wp-content\/webp-express\/webp-images\/uploads\/2023\/08\/DMD-Gloves-Shield-Yellow_both-1.jpg.webp\" loading=\"lazy\" alt=\"dmd.eu - SHIELD YELLOW\" class=\"product-image\">\n  <div class=\"title-product-content\">\n    <h3 class=\"extra-small-title\">SHIELD YELLOW<\/h3>\n    <div>\n      <span class=\"woocommerce-Price-amount amount\"><bdi>95,00<span class=\"woocommerce-Price-currencySymbol\">&euro;<\/span><\/bdi><\/span><span>\n    <\/div>\n  <\/div>\n    <\/a>\n<a href=\"https:\/\/dmd.eu\/fr\/prodotto\/vetements-moto\/gants\/shield-black-leather\/\" class=\"product-preview w-inline-block\" data-ix=\"hover-product\">\n    <img decoding=\"async\" src=\"https:\/\/dmd.eu\/wp-content\/webp-express\/webp-images\/uploads\/2023\/08\/DMD-Gloves-Shield-Black-both.jpg.webp\" loading=\"lazy\" alt=\"dmd.eu - SHIELD BLACK LEATHER\" class=\"product-image\">\n  <div class=\"title-product-content\">\n    <h3 class=\"extra-small-title\">SHIELD BLACK LEATHER<\/h3>\n    <div>\n      <span class=\"woocommerce-Price-amount amount\"><bdi>95,00<span class=\"woocommerce-Price-currencySymbol\">&euro;<\/span><\/bdi><\/span><span>\n    <\/div>\n  <\/div>\n    <\/a>\n<a href=\"https:\/\/dmd.eu\/fr\/prodotto\/vetements-moto\/gants\/shield-dark-brown-leather\/\" class=\"product-preview w-inline-block\" data-ix=\"hover-product\">\n    <img decoding=\"async\" src=\"https:\/\/dmd.eu\/wp-content\/webp-express\/webp-images\/uploads\/2023\/08\/DMD-Gloves-Shield-Dark-Brown-Leather_both.jpg.webp\" loading=\"lazy\" alt=\"dmd.eu - SHIELD DARK BROWN LEATHER\" class=\"product-image\">\n  <div class=\"title-product-content\">\n    <h3 class=\"extra-small-title\">SHIELD DARK BROWN LEATHER<\/h3>\n    <div>\n      <span class=\"woocommerce-Price-amount amount\"><bdi>95,00<span class=\"woocommerce-Price-currencySymbol\">&euro;<\/span><\/bdi><\/span><span>\n    <\/div>\n  <\/div>\n    <\/a>\n<a href=\"https:\/\/dmd.eu\/fr\/prodotto\/vetements-moto\/gants\/shield-tiger\/\" class=\"product-preview w-inline-block\" data-ix=\"hover-product\">\n    <img decoding=\"async\" src=\"https:\/\/dmd.eu\/wp-content\/webp-express\/webp-images\/uploads\/2023\/08\/DMD-Gloves-Shield-Tiger_both.jpg.webp\" loading=\"lazy\" alt=\"dmd.eu - SHIELD TIGER\" class=\"product-image\">\n  <div class=\"title-product-content\">\n    <h3 class=\"extra-small-title\">SHIELD TIGER<\/h3>\n    <div>\n      <span class=\"woocommerce-Price-amount amount\"><bdi>290,00<span class=\"woocommerce-Price-currencySymbol\">&euro;<\/span><\/bdi><\/span><span>\n    <\/div>\n  <\/div>\n    <\/a>  <\/div>","protected":false},"excerpt":{"rendered":"","protected":false},"author":2,"featured_media":0,"parent":12541,"menu_order":0,"comment_status":"closed","ping_status":"closed","template":"","meta":{"_acf_changed":true,"footnotes":""},"class_list":["post-12549","page","type-page","status-publish","hentry"],"acf":[],"jetpack_sharing_enabled":true,"_links":{"self":[{"href":"https:\/\/dmd.eu\/fr\/wp-json\/wp\/v2\/pages\/12549","targetHints":{"allow":["GET"]}}],"collection":[{"href":"https:\/\/dmd.eu\/fr\/wp-json\/wp\/v2\/pages"}],"about":[{"href":"https:\/\/dmd.eu\/fr\/wp-json\/wp\/v2\/types\/page"}],"author":[{"embeddable":true,"href":"https:\/\/dmd.eu\/fr\/wp-json\/wp\/v2\/users\/2"}],"replies":[{"embeddable":true,"href":"https:\/\/dmd.eu\/fr\/wp-json\/wp\/v2\/comments?post=12549"}],"version-history":[{"count":0,"href":"https:\/\/dmd.eu\/fr\/wp-json\/wp\/v2\/pages\/12549\/revisions"}],"up":[{"embeddable":true,"href":"https:\/\/dmd.eu\/fr\/wp-json\/wp\/v2\/pages\/12541"}],"wp:attachment":[{"href":"https:\/\/dmd.eu\/fr\/wp-json\/wp\/v2\/media?parent=12549"}],"curies":[{"name":"wp","href":"https:\/\/api.w.org\/{rel}","templated":true}]}}