{"id":12547,"date":"2023-10-04T10:57:08","date_gmt":"2023-10-04T08:57:08","guid":{"rendered":"https:\/\/www.dmd.eu\/abbigliamento-moto\/giacche\/"},"modified":"2025-12-02T10:43:07","modified_gmt":"2025-12-02T09:43:07","slug":"vestes","status":"publish","type":"page","link":"https:\/\/dmd.eu\/fr\/vetements-moto\/vestes\/","title":{"rendered":"VESTES"},"content":{"rendered":"  <div id=\"b-categorypage-block_7f7b454debb243c05199f1747fc63d63\" class=\"conteiner\">\n    <div class=\"header-category\">\n      <h1 class=\"big-text\">VESTES DE MOTO<\/h1>\n      <div class=\"category-text--desktop\">\n        <p>Des vestes en cuir, un must pour tout motard \u00e0 la recherche d\u2019un look vintage, aux v\u00eatements en coton cir\u00e9, id\u00e9als pour ceux qui aiment le style Caf\u00e8 racer, la collection de\u00a0<strong>vestes moto DMD<\/strong>\u00a0se caract\u00e9rise par la qualit\u00e9, l\u2019attention aux d\u00e9tails et l\u2019artisanat italien. Les v\u00eatements en coton sont r\u00e9alis\u00e9s avec un rev\u00eatement en cire, imperm\u00e9able et coupe-vent.<\/p>\n<p>\ud83c\uddee\ud83c\uddf9 Fabriqu\u00e9 en Italie, avec passion.<\/p>\n      <\/div>\n      <button class=\"link-anchor more-info-button\">Lire plus d&rsquo;informations<\/button>\n    <\/div>\n    <div class=\"image-page\" style=\"background-image:url('https:\/\/dmd.eu\/wp-content\/webp-express\/webp-images\/uploads\/2025\/12\/GIACCHE.jpg.webp');\">\n    <\/div>\n    \n    <div class=\"more-info\">\n      <div id=\"info\" class=\"conteiner\">\n        <div class=\"box medium category-text--mobile\">\n          <p>Des vestes en cuir, un must pour tout motard \u00e0 la recherche d\u2019un look vintage, aux v\u00eatements en coton cir\u00e9, id\u00e9als pour ceux qui aiment le style Caf\u00e8 racer, la collection de\u00a0<strong>vestes moto DMD<\/strong>\u00a0se caract\u00e9rise par la qualit\u00e9, l\u2019attention aux d\u00e9tails et l\u2019artisanat italien. Les v\u00eatements en coton sont r\u00e9alis\u00e9s avec un rev\u00eatement en cire, imperm\u00e9able et coupe-vent.<\/p>\n<p>\ud83c\uddee\ud83c\uddf9 Fabriqu\u00e9 en Italie, avec passion.<\/p>\n        <\/div>\n        <div class=\"box medium\">\n          <h4>POURQUOI CHOISIR LES VESTES MOTO?<\/h4>\n<p>Les vestes de moto DMD sont protectrices, homologu\u00e9es CE A ou AA, pour circuler en toute s\u00e9curit\u00e9 sur n\u2019importe quelle moto. Les <strong>vestes moto<\/strong> sont Made in Italy et faites \u00e0 la main, avec une attention maximale aux d\u00e9tails et \u00e0 l\u2019artisanat; con\u00e7ues pour ceux qui sont toujours en voyage et qui ne renoncent pas aux v\u00eatements techniques.<br \/>\nComment les choisir? Tout d&rsquo;abord, pensez \u00e0 la mati\u00e8re: les vestes DMD sont disponibles en cuir v\u00e9ritable imprim\u00e9 et en coton cir\u00e9, coupe-vent et imperm\u00e9able.<br \/>\nChaque veste de moto est accompagn\u00e9e d&rsquo;une fiche produit indiquant la composition du tissu et les instructions d&rsquo;entretien.<\/p>\n        <\/div>\n        <div class=\"box medium\">\n          <h4>QUELQUES INFORMATIONS UTILES POUR CHAQUE MOTOCYCLISTE:<\/h4>\n<ul>\n<li>A l&rsquo;int\u00e9rieur de chaque veste, vous trouverez un guide des tailles que vous pouvez utiliser pour trouver la taille qui correspond \u00e0 la v\u00f4tre;<\/li>\n<li>Nous conseillons de laver ces vestes uniquement avec un lavage sp\u00e9cialis\u00e9.<\/li>\n<\/ul>\n<p>Sur votre moto, choisissez un v\u00eatement s\u00fbr et protecteur et roulez vite avec la\u00a0veste moto DMD, enti\u00e8rement fabriqu\u00e9e en Italie.<\/p>\n        <\/div>\n      <\/div>\n    <\/div>\n\n    <div class=\"filter-row\">\n                <\/div>\n\n          \n<a href=\"https:\/\/dmd.eu\/fr\/prodotto\/vetements-moto\/vestes\/solo-rider-tabacco\/\" class=\"product-preview w-inline-block\" data-ix=\"hover-product\">\n    <img decoding=\"async\" src=\"https:\/\/dmd.eu\/wp-content\/webp-express\/webp-images\/uploads\/2025\/10\/Solo-Rider-Pelosino-Tobacco-front-2.jpg.webp\" loading=\"lazy\" alt=\"dmd.eu - SOLO RIDER TOBACCO\" class=\"product-image\">\n  <div class=\"title-product-content\">\n    <h3 class=\"extra-small-title\">SOLO RIDER TOBACCO<\/h3>\n    <div>\n      <del aria-hidden=\"true\"><span class=\"woocommerce-Price-amount amount\"><bdi>390,00<span class=\"woocommerce-Price-currencySymbol\">&euro;<\/span><\/bdi><\/span><\/del> <span class=\"screen-reader-text\">Le prix initial \u00e9tait\u00a0: 390,00&euro;.<\/span><ins aria-hidden=\"true\"><span class=\"woocommerce-Price-amount amount\"><bdi>290,00<span class=\"woocommerce-Price-currencySymbol\">&euro;<\/span><\/bdi><\/span><\/ins><span class=\"screen-reader-text\">Le prix actuel est\u00a0: 290,00&euro;.<\/span><span>\n    <\/div>\n  <\/div>\n    <\/a>\n<a href=\"https:\/\/dmd.eu\/fr\/prodotto\/vetements-moto\/vestes\/solo-rider-olive-2\/\" class=\"product-preview w-inline-block\" data-ix=\"hover-product\">\n    <img decoding=\"async\" src=\"https:\/\/dmd.eu\/wp-content\/webp-express\/webp-images\/uploads\/2025\/10\/Solo-Rider-Pelosino-Olive-front-1.jpg.webp\" loading=\"lazy\" alt=\"dmd.eu - SOLO RIDER OLIVE\" class=\"product-image\">\n  <div class=\"title-product-content\">\n    <h3 class=\"extra-small-title\">SOLO RIDER OLIVE<\/h3>\n    <div>\n      <del aria-hidden=\"true\"><span class=\"woocommerce-Price-amount amount\"><bdi>390,00<span class=\"woocommerce-Price-currencySymbol\">&euro;<\/span><\/bdi><\/span><\/del> <span class=\"screen-reader-text\">Le prix initial \u00e9tait\u00a0: 390,00&euro;.<\/span><ins aria-hidden=\"true\"><span class=\"woocommerce-Price-amount amount\"><bdi>290,00<span class=\"woocommerce-Price-currencySymbol\">&euro;<\/span><\/bdi><\/span><\/ins><span class=\"screen-reader-text\">Le prix actuel est\u00a0: 290,00&euro;.<\/span><span>\n    <\/div>\n  <\/div>\n    <\/a>\n<a href=\"https:\/\/dmd.eu\/fr\/prodotto\/vetements-moto\/vestes\/blouse-green\/\" class=\"product-preview w-inline-block\" data-ix=\"hover-product\">\n    <img decoding=\"async\" src=\"https:\/\/dmd.eu\/wp-content\/webp-express\/webp-images\/uploads\/2023\/09\/DMD-Blouse-Green-Cotton-chiuso.jpg.webp\" loading=\"lazy\" alt=\"dmd.eu - BLOUSE GREEN\" class=\"product-image\">\n  <div class=\"title-product-content\">\n    <h3 class=\"extra-small-title\">BLOUSE GREEN<\/h3>\n    <div>\n      <span class=\"woocommerce-Price-amount amount\"><bdi>295,00<span class=\"woocommerce-Price-currencySymbol\">&euro;<\/span><\/bdi><\/span><span>\n    <\/div>\n  <\/div>\n    <\/a>\n<a href=\"https:\/\/dmd.eu\/fr\/prodotto\/vetements-moto\/vestes\/blouse-black\/\" class=\"product-preview w-inline-block\" data-ix=\"hover-product\">\n    <img decoding=\"async\" src=\"https:\/\/dmd.eu\/wp-content\/webp-express\/webp-images\/uploads\/2023\/09\/DMD-Blouse-Black-Cotton-chiuso.jpg.webp\" loading=\"lazy\" alt=\"dmd.eu - BLOUSE BLACK\" class=\"product-image\">\n  <div class=\"title-product-content\">\n    <h3 class=\"extra-small-title\">BLOUSE BLACK<\/h3>\n    <div>\n      <span class=\"woocommerce-Price-amount amount\"><bdi>295,00<span class=\"woocommerce-Price-currencySymbol\">&euro;<\/span><\/bdi><\/span><span>\n    <\/div>\n  <\/div>\n    <\/a>\n<a href=\"https:\/\/dmd.eu\/fr\/prodotto\/vetements-moto\/vestes\/blouse-sand\/\" class=\"product-preview w-inline-block\" data-ix=\"hover-product\">\n    <img decoding=\"async\" src=\"https:\/\/dmd.eu\/wp-content\/webp-express\/webp-images\/uploads\/2023\/09\/DMD-Blouse-Sand-Cotton-chiuso-1.jpg.webp\" loading=\"lazy\" alt=\"dmd.eu - BLOUSE SAND\" class=\"product-image\">\n  <div class=\"title-product-content\">\n    <h3 class=\"extra-small-title\">BLOUSE SAND<\/h3>\n    <div>\n      <span class=\"woocommerce-Price-amount amount\"><bdi>295,00<span class=\"woocommerce-Price-currencySymbol\">&euro;<\/span><\/bdi><\/span><span>\n    <\/div>\n  <\/div>\n    <\/a>\n<a href=\"https:\/\/dmd.eu\/fr\/prodotto\/vetements-moto\/vestes\/leather-shirt-check-green\/\" class=\"product-preview w-inline-block\" data-ix=\"hover-product\">\n    <img decoding=\"async\" src=\"https:\/\/dmd.eu\/wp-content\/webp-express\/webp-images\/uploads\/2025\/05\/DMD-Shirt-green-front_new.jpg.webp\" loading=\"lazy\" alt=\"dmd.eu - LEATHER SHIRT CHECK GREEN\" class=\"product-image\">\n  <div class=\"title-product-content\">\n    <h3 class=\"extra-small-title\">LEATHER SHIRT CHECK GREEN<\/h3>\n    <div>\n      <span class=\"woocommerce-Price-amount amount\"><bdi>790,00<span class=\"woocommerce-Price-currencySymbol\">&euro;<\/span><\/bdi><\/span><span>\n    <\/div>\n  <\/div>\n    <\/a>\n<a href=\"https:\/\/dmd.eu\/fr\/prodotto\/vetements-moto\/vestes\/leather-shirt-check-brown\/\" class=\"product-preview w-inline-block\" data-ix=\"hover-product\">\n    <img decoding=\"async\" src=\"https:\/\/dmd.eu\/wp-content\/webp-express\/webp-images\/uploads\/2025\/05\/DMD-Shirt-check-brown-leather-front.jpg.webp\" loading=\"lazy\" alt=\"dmd.eu - LEATHER SHIRT CHECK BROWN\" class=\"product-image\">\n  <div class=\"title-product-content\">\n    <h3 class=\"extra-small-title\">LEATHER SHIRT CHECK BROWN<\/h3>\n    <div>\n      <span class=\"woocommerce-Price-amount amount\"><bdi>790,00<span class=\"woocommerce-Price-currencySymbol\">&euro;<\/span><\/bdi><\/span><span>\n    <\/div>\n  <\/div>\n    <\/a>\n<a href=\"https:\/\/dmd.eu\/fr\/prodotto\/vetements-moto\/vestes\/leather-shirt-check-blue\/\" class=\"product-preview w-inline-block\" data-ix=\"hover-product\">\n    <img decoding=\"async\" src=\"https:\/\/dmd.eu\/wp-content\/webp-express\/webp-images\/uploads\/2025\/05\/DMD-Shirt-blue-front-new.jpg.webp\" loading=\"lazy\" alt=\"dmd.eu - LEATHER SHIRT CHECK BLUE\" class=\"product-image\">\n  <div class=\"title-product-content\">\n    <h3 class=\"extra-small-title\">LEATHER SHIRT CHECK BLUE<\/h3>\n    <div>\n      <span class=\"woocommerce-Price-amount amount\"><bdi>790,00<span class=\"woocommerce-Price-currencySymbol\">&euro;<\/span><\/bdi><\/span><span>\n    <\/div>\n  <\/div>\n    <\/a>\n<a href=\"https:\/\/dmd.eu\/fr\/prodotto\/vetements-moto\/vestes\/leather-shirt-check-red\/\" class=\"product-preview w-inline-block\" data-ix=\"hover-product\">\n    <img decoding=\"async\" src=\"https:\/\/dmd.eu\/wp-content\/webp-express\/webp-images\/uploads\/2025\/05\/DMD-Shirt-red-front.jpg.webp\" loading=\"lazy\" alt=\"dmd.eu - LEATHER SHIRT CHECK RED\" class=\"product-image\">\n  <div class=\"title-product-content\">\n    <h3 class=\"extra-small-title\">LEATHER SHIRT CHECK RED<\/h3>\n    <div>\n      <span class=\"woocommerce-Price-amount amount\"><bdi>790,00<span class=\"woocommerce-Price-currencySymbol\">&euro;<\/span><\/bdi><\/span><span>\n    <\/div>\n  <\/div>\n    <\/a>\n<a href=\"https:\/\/dmd.eu\/fr\/prodotto\/vetements-moto\/vestes\/shirt-jeans\/\" class=\"product-preview w-inline-block\" data-ix=\"hover-product\">\n    <img decoding=\"async\" src=\"https:\/\/dmd.eu\/wp-content\/webp-express\/webp-images\/uploads\/2023\/09\/DMD-Shirt-Jeans-front.jpg.webp\" loading=\"lazy\" alt=\"dmd.eu - SHIRT JEANS\" class=\"product-image\">\n  <div class=\"title-product-content\">\n    <h3 class=\"extra-small-title\">SHIRT JEANS<\/h3>\n    <div>\n      <del aria-hidden=\"true\"><span class=\"woocommerce-Price-amount amount\"><bdi>350,00<span class=\"woocommerce-Price-currencySymbol\">&euro;<\/span><\/bdi><\/span><\/del> <span class=\"screen-reader-text\">Le prix initial \u00e9tait\u00a0: 350,00&euro;.<\/span><ins aria-hidden=\"true\"><span class=\"woocommerce-Price-amount amount\"><bdi>290,00<span class=\"woocommerce-Price-currencySymbol\">&euro;<\/span><\/bdi><\/span><\/ins><span class=\"screen-reader-text\">Le prix actuel est\u00a0: 290,00&euro;.<\/span><span>\n    <\/div>\n  <\/div>\n    <\/a>\n<a href=\"https:\/\/dmd.eu\/fr\/prodotto\/vetements-moto\/vestes\/bunny-blue\/\" class=\"product-preview w-inline-block\" data-ix=\"hover-product\">\n    <img decoding=\"async\" src=\"https:\/\/dmd.eu\/wp-content\/webp-express\/webp-images\/uploads\/2023\/09\/DMD-Bunny-blue-waxed-cotton-front.jpg.webp\" loading=\"lazy\" alt=\"dmd.eu - BUNNY BLUE\" class=\"product-image\">\n  <div class=\"title-product-content\">\n    <h3 class=\"extra-small-title\">BUNNY BLUE<\/h3>\n    <div>\n      <del aria-hidden=\"true\"><span class=\"woocommerce-Price-amount amount\"><bdi>440,00<span class=\"woocommerce-Price-currencySymbol\">&euro;<\/span><\/bdi><\/span><\/del> <span class=\"screen-reader-text\">Le prix initial \u00e9tait\u00a0: 440,00&euro;.<\/span><ins aria-hidden=\"true\"><span class=\"woocommerce-Price-amount amount\"><bdi>300,00<span class=\"woocommerce-Price-currencySymbol\">&euro;<\/span><\/bdi><\/span><\/ins><span class=\"screen-reader-text\">Le prix actuel est\u00a0: 300,00&euro;.<\/span><span>\n    <\/div>\n  <\/div>\n    <\/a>\n<a href=\"https:\/\/dmd.eu\/fr\/prodotto\/vetements-moto\/vestes\/protection-dorsale\/\" class=\"product-preview w-inline-block\" data-ix=\"hover-product\">\n    <img decoding=\"async\" src=\"https:\/\/dmd.eu\/wp-content\/webp-express\/webp-images\/uploads\/2024\/03\/DMD-Accessories-Protezione-Schiena.jpg.webp\" loading=\"lazy\" alt=\"dmd.eu - PROTECTION DORSALE\" class=\"product-image\">\n  <div class=\"title-product-content\">\n    <h3 class=\"extra-small-title\">PROTECTION DORSALE<\/h3>\n    <div>\n      <span class=\"woocommerce-Price-amount amount\"><bdi>30,00<span class=\"woocommerce-Price-currencySymbol\">&euro;<\/span><\/bdi><\/span><span>\n    <\/div>\n  <\/div>\n    <\/a>  <\/div>","protected":false},"excerpt":{"rendered":"","protected":false},"author":2,"featured_media":0,"parent":12541,"menu_order":0,"comment_status":"closed","ping_status":"closed","template":"","meta":{"_acf_changed":true,"footnotes":""},"class_list":["post-12547","page","type-page","status-publish","hentry"],"acf":[],"jetpack_sharing_enabled":true,"_links":{"self":[{"href":"https:\/\/dmd.eu\/fr\/wp-json\/wp\/v2\/pages\/12547","targetHints":{"allow":["GET"]}}],"collection":[{"href":"https:\/\/dmd.eu\/fr\/wp-json\/wp\/v2\/pages"}],"about":[{"href":"https:\/\/dmd.eu\/fr\/wp-json\/wp\/v2\/types\/page"}],"author":[{"embeddable":true,"href":"https:\/\/dmd.eu\/fr\/wp-json\/wp\/v2\/users\/2"}],"replies":[{"embeddable":true,"href":"https:\/\/dmd.eu\/fr\/wp-json\/wp\/v2\/comments?post=12547"}],"version-history":[{"count":0,"href":"https:\/\/dmd.eu\/fr\/wp-json\/wp\/v2\/pages\/12547\/revisions"}],"up":[{"embeddable":true,"href":"https:\/\/dmd.eu\/fr\/wp-json\/wp\/v2\/pages\/12541"}],"wp:attachment":[{"href":"https:\/\/dmd.eu\/fr\/wp-json\/wp\/v2\/media?parent=12547"}],"curies":[{"name":"wp","href":"https:\/\/api.w.org\/{rel}","templated":true}]}}