{"id":12545,"date":"2023-10-04T10:53:43","date_gmt":"2023-10-04T08:53:43","guid":{"rendered":"https:\/\/www.dmd.eu\/abbigliamento-moto\/borse\/"},"modified":"2025-02-03T11:39:32","modified_gmt":"2025-02-03T10:39:32","slug":"accessoires-en-cuir","status":"publish","type":"page","link":"https:\/\/dmd.eu\/fr\/vetements-moto\/accessoires-en-cuir\/","title":{"rendered":"ACCESSOIRES EN CUIR"},"content":{"rendered":"  <div id=\"b-categorypage-block_7c1d69f395cfebd7862ebaf3e6601330\" class=\"conteiner\">\n    <div class=\"header-category\">\n      <h1 class=\"big-text\">ACCESSOIRES EN CUIR<\/h1>\n      <div class=\"category-text--desktop\">\n        <p>Les <strong>accessoires DMD en v\u00e9ritable cuir italien<\/strong> sont pratiques et confortables pour vos d\u00e9placements en moto.<br \/>\nCon\u00e7us pour \u00eatre compacts et peu encombrants, les accessoires se caract\u00e9risent par des lignes originales et le logo DMD en relief pour souligner leur unicit\u00e9.<br \/>\nDe plus, la haute qualit\u00e9 du mat\u00e9riau utilis\u00e9 garantit sa durabilit\u00e9.<\/p>\n      <\/div>\n      <button class=\"link-anchor more-info-button\">Lire plus d&rsquo;informations<\/button>\n    <\/div>\n    <div class=\"image-page\" style=\"background-image:url('https:\/\/dmd.eu\/wp-content\/webp-express\/webp-images\/uploads\/2024\/12\/accessori-in-pelle.jpg.webp');\">\n    <\/div>\n    \n    <div class=\"more-info\">\n      <div id=\"info\" class=\"conteiner\">\n        <div class=\"box medium category-text--mobile\">\n          <p>Les <strong>accessoires DMD en v\u00e9ritable cuir italien<\/strong> sont pratiques et confortables pour vos d\u00e9placements en moto.<br \/>\nCon\u00e7us pour \u00eatre compacts et peu encombrants, les accessoires se caract\u00e9risent par des lignes originales et le logo DMD en relief pour souligner leur unicit\u00e9.<br \/>\nDe plus, la haute qualit\u00e9 du mat\u00e9riau utilis\u00e9 garantit sa durabilit\u00e9.<\/p>\n        <\/div>\n        <div class=\"box medium\">\n          <h4>POURQUOI CHOISIR LES ACCESSOIRES EN CUIR DMD?<\/h4>\n<p>Les <strong>accessoires en cuir DMD<\/strong> sont fabriqu\u00e9s avec soin et pour un usage quotidien, en plus d&rsquo;\u00eatre parfaits pour un voyage en moto.<br \/>\nLa polyvalence, la qualit\u00e9 et la durabilit\u00e9 du cuir rendent les accessoires DMD toujours dans l&rsquo;air du temps.<\/p>\n        <\/div>\n        <div class=\"box medium\">\n          <h4>QUELQUES INFORMATIONS UTILES POUR CHAQUE MOTOCYCLISTE:<\/h4>\n<ul>\n<li>Couleur: marron fonc\u00e9<\/li>\n<li>100 % cuir italien v\u00e9ritable<\/li>\n<\/ul>\n<p>Compacts, confortables et pratiques, les accessoires en cuir DMD r\u00e9pondent \u00e0 tous vos besoins lors de vos aventures \u00e0 deux roues.<\/p>\n        <\/div>\n      <\/div>\n    <\/div>\n\n    <div class=\"filter-row\">\n                <\/div>\n\n          \n<a href=\"https:\/\/dmd.eu\/fr\/prodotto\/vetements-moto\/accessoires-en-cuir\/portefeuille-zippe\/\" class=\"product-preview w-inline-block\" data-ix=\"hover-product\">\n    <img decoding=\"async\" src=\"https:\/\/dmd.eu\/wp-content\/webp-express\/webp-images\/uploads\/2024\/03\/DMD-Portafoglio-a-cerniera-front.jpg.webp\" loading=\"lazy\" alt=\"dmd.eu - PORTEFEUILLE ZIPP\u00c9\" class=\"product-image\">\n  <div class=\"title-product-content\">\n    <h3 class=\"extra-small-title\">PORTEFEUILLE ZIPP\u00c9<\/h3>\n    <div>\n      <span class=\"woocommerce-Price-amount amount\"><bdi>49,00<span class=\"woocommerce-Price-currencySymbol\">&euro;<\/span><\/bdi><\/span><span>\n    <\/div>\n  <\/div>\n    <\/a>\n<a href=\"https:\/\/dmd.eu\/fr\/prodotto\/vetements-moto\/accessoires-en-cuir\/portefeuille-avec-anneau-de-chaine\/\" class=\"product-preview w-inline-block\" data-ix=\"hover-product\">\n    <img decoding=\"async\" src=\"https:\/\/dmd.eu\/wp-content\/webp-express\/webp-images\/uploads\/2024\/03\/DMD-Portafoglio-a-catena-front.jpg.webp\" loading=\"lazy\" alt=\"dmd.eu - PORTEFEUILLE AVEC ANNEAU DE CHA\u00eeNE\" class=\"product-image\">\n  <div class=\"title-product-content\">\n    <h3 class=\"extra-small-title\">PORTEFEUILLE AVEC ANNEAU DE CHA\u00eeNE<\/h3>\n    <div>\n      <span class=\"woocommerce-Price-amount amount\"><bdi>49,00<span class=\"woocommerce-Price-currencySymbol\">&euro;<\/span><\/bdi><\/span><span>\n    <\/div>\n  <\/div>\n    <\/a>\n<a href=\"https:\/\/dmd.eu\/fr\/prodotto\/vetements-moto\/accessoires-en-cuir\/porte-monnaie\/\" class=\"product-preview w-inline-block\" data-ix=\"hover-product\">\n    <img decoding=\"async\" src=\"https:\/\/dmd.eu\/wp-content\/webp-express\/webp-images\/uploads\/2024\/03\/DMD-Portamonete-front.jpg.webp\" loading=\"lazy\" alt=\"dmd.eu - PORTE-MONNAIE\" class=\"product-image\">\n  <div class=\"title-product-content\">\n    <h3 class=\"extra-small-title\">PORTE-MONNAIE<\/h3>\n    <div>\n      <span class=\"woocommerce-Price-amount amount\"><bdi>15,00<span class=\"woocommerce-Price-currencySymbol\">&euro;<\/span><\/bdi><\/span><span>\n    <\/div>\n  <\/div>\n    <\/a>\n<a href=\"https:\/\/dmd.eu\/fr\/prodotto\/vetements-moto\/accessoires-en-cuir\/porte-documents\/\" class=\"product-preview w-inline-block\" data-ix=\"hover-product\">\n    <img decoding=\"async\" src=\"https:\/\/dmd.eu\/wp-content\/webp-express\/webp-images\/uploads\/2024\/03\/DMD-Porta-libretto-front.jpg.webp\" loading=\"lazy\" alt=\"dmd.eu - PORTE-DOCUMENTS\" class=\"product-image\">\n  <div class=\"title-product-content\">\n    <h3 class=\"extra-small-title\">PORTE-DOCUMENTS<\/h3>\n    <div>\n      <span class=\"woocommerce-Price-amount amount\"><bdi>29,00<span class=\"woocommerce-Price-currencySymbol\">&euro;<\/span><\/bdi><\/span><span>\n    <\/div>\n  <\/div>\n    <\/a>\n<a href=\"https:\/\/dmd.eu\/fr\/prodotto\/vetements-moto\/accessoires-en-cuir\/rouleau-doutils\/\" class=\"product-preview w-inline-block\" data-ix=\"hover-product\">\n    <img decoding=\"async\" src=\"https:\/\/dmd.eu\/wp-content\/webp-express\/webp-images\/uploads\/2024\/03\/DMD-Porta-attrezzi-chiuso.jpg.webp\" loading=\"lazy\" alt=\"dmd.eu - ROULEAU D&rsquo;OUTILS\" class=\"product-image\">\n  <div class=\"title-product-content\">\n    <h3 class=\"extra-small-title\">ROULEAU D&rsquo;OUTILS<\/h3>\n    <div>\n      <span class=\"woocommerce-Price-amount amount\"><bdi>110,00<span class=\"woocommerce-Price-currencySymbol\">&euro;<\/span><\/bdi><\/span><span>\n    <\/div>\n  <\/div>\n    <\/a>  <\/div>","protected":false},"excerpt":{"rendered":"","protected":false},"author":2,"featured_media":0,"parent":12541,"menu_order":0,"comment_status":"closed","ping_status":"closed","template":"","meta":{"_acf_changed":true,"footnotes":""},"class_list":["post-12545","page","type-page","status-publish","hentry"],"acf":[],"jetpack_sharing_enabled":true,"_links":{"self":[{"href":"https:\/\/dmd.eu\/fr\/wp-json\/wp\/v2\/pages\/12545","targetHints":{"allow":["GET"]}}],"collection":[{"href":"https:\/\/dmd.eu\/fr\/wp-json\/wp\/v2\/pages"}],"about":[{"href":"https:\/\/dmd.eu\/fr\/wp-json\/wp\/v2\/types\/page"}],"author":[{"embeddable":true,"href":"https:\/\/dmd.eu\/fr\/wp-json\/wp\/v2\/users\/2"}],"replies":[{"embeddable":true,"href":"https:\/\/dmd.eu\/fr\/wp-json\/wp\/v2\/comments?post=12545"}],"version-history":[{"count":0,"href":"https:\/\/dmd.eu\/fr\/wp-json\/wp\/v2\/pages\/12545\/revisions"}],"up":[{"embeddable":true,"href":"https:\/\/dmd.eu\/fr\/wp-json\/wp\/v2\/pages\/12541"}],"wp:attachment":[{"href":"https:\/\/dmd.eu\/fr\/wp-json\/wp\/v2\/media?parent=12545"}],"curies":[{"name":"wp","href":"https:\/\/api.w.org\/{rel}","templated":true}]}}