{"id":9091,"date":"2023-09-02T14:57:32","date_gmt":"2023-09-02T12:57:32","guid":{"rendered":"https:\/\/www.dmd.eu\/product\/sin%20categor\u00eda\/inner-lining-racer\/"},"modified":"2025-12-02T00:14:28","modified_gmt":"2025-12-01T23:14:28","slug":"inner-lining-racer","status":"publish","type":"product","link":"https:\/\/dmd.eu\/es\/prodotto\/cascos-integrales\/accessorios-integrales\/inner-lining-racer\/","title":{"rendered":"INNER LINING RACER"},"content":{"rendered":"<p>El <strong>accesorio Inner Lining Racer<\/strong> es un forro interior para la l\u00ednea de cascos de moto DMD Racer, completamente desmontable y lavable. El acolchado a la altura de la cabeza y las almohadillas de las mejillas son extra\u00edbles para un mejor ajuste. El forro interior Racer le permite cambiar el tama\u00f1o de tu casco Racer, pero s\u00f3lo si la talla de la calota es la misma. Est\u00e1 disponible de la talla XS a la XXL.<\/p>\n","protected":false},"excerpt":{"rendered":"<p>El accesorio Inner Lining Racer es un forro interior para la l\u00ednea de cascos de moto DMD Racer, completamente desmontable y lavable. El acolchado a la altura de la cabeza y las almohadillas de las mejillas son extra\u00edbles para un mejor ajuste. El forro interior Racer le permite cambiar el tama\u00f1o de tu casco Racer, [&hellip;]<\/p>\n","protected":false},"featured_media":8933,"comment_status":"closed","ping_status":"closed","template":"","meta":{"_acf_changed":false},"product_brand":[],"product_cat":[364,461],"product_tag":[],"giftcard-category":[],"class_list":{"0":"post-9091","1":"product","2":"type-product","3":"status-publish","4":"has-post-thumbnail","6":"product_cat-accessorios-integrales","7":"product_cat-cascos-integrales","9":"first","10":"instock","11":"taxable","12":"shipping-taxable","13":"purchasable","14":"product-type-variable"},"acf":[],"jetpack_sharing_enabled":true,"_links":{"self":[{"href":"https:\/\/dmd.eu\/es\/wp-json\/wp\/v2\/product\/9091","targetHints":{"allow":["GET"]}}],"collection":[{"href":"https:\/\/dmd.eu\/es\/wp-json\/wp\/v2\/product"}],"about":[{"href":"https:\/\/dmd.eu\/es\/wp-json\/wp\/v2\/types\/product"}],"replies":[{"embeddable":true,"href":"https:\/\/dmd.eu\/es\/wp-json\/wp\/v2\/comments?post=9091"}],"wp:featuredmedia":[{"embeddable":true,"href":"https:\/\/dmd.eu\/es\/wp-json\/wp\/v2\/media\/8933"}],"wp:attachment":[{"href":"https:\/\/dmd.eu\/es\/wp-json\/wp\/v2\/media?parent=9091"}],"wp:term":[{"taxonomy":"product_brand","embeddable":true,"href":"https:\/\/dmd.eu\/es\/wp-json\/wp\/v2\/product_brand?post=9091"},{"taxonomy":"product_cat","embeddable":true,"href":"https:\/\/dmd.eu\/es\/wp-json\/wp\/v2\/product_cat?post=9091"},{"taxonomy":"product_tag","embeddable":true,"href":"https:\/\/dmd.eu\/es\/wp-json\/wp\/v2\/product_tag?post=9091"},{"taxonomy":"giftcard-category","embeddable":true,"href":"https:\/\/dmd.eu\/es\/wp-json\/wp\/v2\/giftcard-category?post=9091"}],"curies":[{"name":"wp","href":"https:\/\/api.w.org\/{rel}","templated":true}]}}