{"id":9075,"date":"2023-09-02T14:57:31","date_gmt":"2023-09-02T12:57:31","guid":{"rendered":"https:\/\/www.dmd.eu\/product\/sin%20categor\u00eda\/inner-lining-rocket\/"},"modified":"2025-12-02T00:14:29","modified_gmt":"2025-12-01T23:14:29","slug":"inner-lining-rocket","status":"publish","type":"product","link":"https:\/\/dmd.eu\/es\/prodotto\/cascos-integrales\/accessorios-integrales\/inner-lining-rocket\/","title":{"rendered":"INNER LINING ROCKET"},"content":{"rendered":"<p>El <strong>accesorio Inner Lining Rocket<\/strong> es un forro interior para la l\u00ednea de cascos de moto DMD Rocket, completamente desmontable y lavable. El acolchado a la altura de la cabeza y las almohadillas de las mejillas son extra\u00edbles para adaptarse al casco. El forro interior Rocket te permite cambiar la talla de tu casco Rocket, pero s\u00f3lo si la talla de la calota es la misma. Est\u00e1 disponible desde la talla XS a la XXL.<\/p>\n","protected":false},"excerpt":{"rendered":"<p>El accesorio Inner Lining Rocket es un forro interior para la l\u00ednea de cascos de moto DMD Rocket, completamente desmontable y lavable. El acolchado a la altura de la cabeza y las almohadillas de las mejillas son extra\u00edbles para adaptarse al casco. El forro interior Rocket te permite cambiar la talla de tu casco Rocket, [&hellip;]<\/p>\n","protected":false},"featured_media":8938,"comment_status":"closed","ping_status":"closed","template":"","meta":{"_acf_changed":false},"product_brand":[],"product_cat":[364,461],"product_tag":[],"giftcard-category":[],"class_list":{"0":"post-9075","1":"product","2":"type-product","3":"status-publish","4":"has-post-thumbnail","6":"product_cat-accessorios-integrales","7":"product_cat-cascos-integrales","9":"first","10":"instock","11":"taxable","12":"shipping-taxable","13":"purchasable","14":"product-type-variable"},"acf":[],"jetpack_sharing_enabled":true,"_links":{"self":[{"href":"https:\/\/dmd.eu\/es\/wp-json\/wp\/v2\/product\/9075","targetHints":{"allow":["GET"]}}],"collection":[{"href":"https:\/\/dmd.eu\/es\/wp-json\/wp\/v2\/product"}],"about":[{"href":"https:\/\/dmd.eu\/es\/wp-json\/wp\/v2\/types\/product"}],"replies":[{"embeddable":true,"href":"https:\/\/dmd.eu\/es\/wp-json\/wp\/v2\/comments?post=9075"}],"wp:featuredmedia":[{"embeddable":true,"href":"https:\/\/dmd.eu\/es\/wp-json\/wp\/v2\/media\/8938"}],"wp:attachment":[{"href":"https:\/\/dmd.eu\/es\/wp-json\/wp\/v2\/media?parent=9075"}],"wp:term":[{"taxonomy":"product_brand","embeddable":true,"href":"https:\/\/dmd.eu\/es\/wp-json\/wp\/v2\/product_brand?post=9075"},{"taxonomy":"product_cat","embeddable":true,"href":"https:\/\/dmd.eu\/es\/wp-json\/wp\/v2\/product_cat?post=9075"},{"taxonomy":"product_tag","embeddable":true,"href":"https:\/\/dmd.eu\/es\/wp-json\/wp\/v2\/product_tag?post=9075"},{"taxonomy":"giftcard-category","embeddable":true,"href":"https:\/\/dmd.eu\/es\/wp-json\/wp\/v2\/giftcard-category?post=9075"}],"curies":[{"name":"wp","href":"https:\/\/api.w.org\/{rel}","templated":true}]}}