{"id":9063,"date":"2023-09-02T14:57:33","date_gmt":"2023-09-02T12:57:33","guid":{"rendered":"https:\/\/www.dmd.eu\/product\/sin%20categor\u00eda\/racer-goggle\/"},"modified":"2025-12-02T00:14:27","modified_gmt":"2025-12-01T23:14:27","slug":"racer-goggle","status":"publish","type":"product","link":"https:\/\/dmd.eu\/es\/prodotto\/cascos-integrales\/accessorios-integrales\/racer-goggle\/","title":{"rendered":"RACER GOGGLE"},"content":{"rendered":"<p>El <strong>accesorio Racer Goggle<\/strong> est\u00e1 dise\u00f1ado para los cascos integrales de moto DMD, m\u00e1s concretamente para la l\u00ednea Racer. Se trata de una visera dise\u00f1ada para proteger la cara y los ojos durante la conducci\u00f3n, que puede fijarse mediante la banda el\u00e1stica especial. La m\u00e1scara Racer para cascos integrales de moto est\u00e1 disponible en dos tipos de lentes: transparentes u oscuras.<\/p>\n","protected":false},"excerpt":{"rendered":"<p>El accesorio Racer Goggle est\u00e1 dise\u00f1ado para los cascos integrales de moto DMD, m\u00e1s concretamente para la l\u00ednea Racer. Se trata de una visera dise\u00f1ada para proteger la cara y los ojos durante la conducci\u00f3n, que puede fijarse mediante la banda el\u00e1stica especial. La m\u00e1scara Racer para cascos integrales de moto est\u00e1 disponible en dos [&hellip;]<\/p>\n","protected":false},"featured_media":56595,"comment_status":"closed","ping_status":"closed","template":"","meta":{"_acf_changed":false},"product_brand":[],"product_cat":[364,461],"product_tag":[],"giftcard-category":[],"class_list":{"0":"post-9063","1":"product","2":"type-product","3":"status-publish","4":"has-post-thumbnail","6":"product_cat-accessorios-integrales","7":"product_cat-cascos-integrales","9":"first","10":"instock","11":"taxable","12":"shipping-taxable","13":"purchasable","14":"product-type-variable"},"acf":[],"jetpack_sharing_enabled":true,"_links":{"self":[{"href":"https:\/\/dmd.eu\/es\/wp-json\/wp\/v2\/product\/9063","targetHints":{"allow":["GET"]}}],"collection":[{"href":"https:\/\/dmd.eu\/es\/wp-json\/wp\/v2\/product"}],"about":[{"href":"https:\/\/dmd.eu\/es\/wp-json\/wp\/v2\/types\/product"}],"replies":[{"embeddable":true,"href":"https:\/\/dmd.eu\/es\/wp-json\/wp\/v2\/comments?post=9063"}],"wp:featuredmedia":[{"embeddable":true,"href":"https:\/\/dmd.eu\/es\/wp-json\/wp\/v2\/media\/56595"}],"wp:attachment":[{"href":"https:\/\/dmd.eu\/es\/wp-json\/wp\/v2\/media?parent=9063"}],"wp:term":[{"taxonomy":"product_brand","embeddable":true,"href":"https:\/\/dmd.eu\/es\/wp-json\/wp\/v2\/product_brand?post=9063"},{"taxonomy":"product_cat","embeddable":true,"href":"https:\/\/dmd.eu\/es\/wp-json\/wp\/v2\/product_cat?post=9063"},{"taxonomy":"product_tag","embeddable":true,"href":"https:\/\/dmd.eu\/es\/wp-json\/wp\/v2\/product_tag?post=9063"},{"taxonomy":"giftcard-category","embeddable":true,"href":"https:\/\/dmd.eu\/es\/wp-json\/wp\/v2\/giftcard-category?post=9063"}],"curies":[{"name":"wp","href":"https:\/\/api.w.org\/{rel}","templated":true}]}}