{"id":8715,"date":"2023-09-01T10:36:17","date_gmt":"2023-09-01T08:36:17","guid":{"rendered":"https:\/\/www.dmd.eu\/product\/sin%20categor\u00eda\/flower-3\/"},"modified":"2025-12-02T00:12:04","modified_gmt":"2025-12-01T23:12:04","slug":"flower-3","status":"publish","type":"product","link":"https:\/\/dmd.eu\/es\/prodotto\/ropa-de-moto\/bandanas\/flower-3\/","title":{"rendered":"FLOWER"},"content":{"rendered":"<p>La <strong>bandana de moto Flower<\/strong> est\u00e1 fabricada \u00edntegramente en Italia con algod\u00f3n y seda.<br \/>\nPr\u00e1ctica y vers\u00e1til, es una accesorio cl\u00e1sico para todos los motoristas y un complemento \u00fatil para protegerse del fr\u00edo, el viento y los insectos.<br \/>\nPresenta gr\u00e1ficos y motivos atractivos creados en exclusiva para DMD.<\/p>\n","protected":false},"excerpt":{"rendered":"<p>La bandana de moto Flower est\u00e1 fabricada \u00edntegramente en Italia con algod\u00f3n y seda. Pr\u00e1ctica y vers\u00e1til, es una accesorio cl\u00e1sico para todos los motoristas y un complemento \u00fatil para protegerse del fr\u00edo, el viento y los insectos. Presenta gr\u00e1ficos y motivos atractivos creados en exclusiva para DMD.<\/p>\n","protected":false},"featured_media":8508,"comment_status":"closed","ping_status":"closed","template":"","meta":{"_acf_changed":false},"product_brand":[],"product_cat":[359,265],"product_tag":[],"giftcard-category":[],"class_list":{"0":"post-8715","1":"product","2":"type-product","3":"status-publish","4":"has-post-thumbnail","6":"product_cat-bandanas","7":"product_cat-ropa-de-moto","9":"first","10":"instock","11":"taxable","12":"shipping-taxable","13":"purchasable","14":"product-type-simple"},"acf":[],"jetpack_sharing_enabled":true,"_links":{"self":[{"href":"https:\/\/dmd.eu\/es\/wp-json\/wp\/v2\/product\/8715","targetHints":{"allow":["GET"]}}],"collection":[{"href":"https:\/\/dmd.eu\/es\/wp-json\/wp\/v2\/product"}],"about":[{"href":"https:\/\/dmd.eu\/es\/wp-json\/wp\/v2\/types\/product"}],"replies":[{"embeddable":true,"href":"https:\/\/dmd.eu\/es\/wp-json\/wp\/v2\/comments?post=8715"}],"wp:featuredmedia":[{"embeddable":true,"href":"https:\/\/dmd.eu\/es\/wp-json\/wp\/v2\/media\/8508"}],"wp:attachment":[{"href":"https:\/\/dmd.eu\/es\/wp-json\/wp\/v2\/media?parent=8715"}],"wp:term":[{"taxonomy":"product_brand","embeddable":true,"href":"https:\/\/dmd.eu\/es\/wp-json\/wp\/v2\/product_brand?post=8715"},{"taxonomy":"product_cat","embeddable":true,"href":"https:\/\/dmd.eu\/es\/wp-json\/wp\/v2\/product_cat?post=8715"},{"taxonomy":"product_tag","embeddable":true,"href":"https:\/\/dmd.eu\/es\/wp-json\/wp\/v2\/product_tag?post=8715"},{"taxonomy":"giftcard-category","embeddable":true,"href":"https:\/\/dmd.eu\/es\/wp-json\/wp\/v2\/giftcard-category?post=8715"}],"curies":[{"name":"wp","href":"https:\/\/api.w.org\/{rel}","templated":true}]}}