{"id":8345,"date":"2023-08-31T17:42:33","date_gmt":"2023-08-31T15:42:33","guid":{"rendered":"https:\/\/www.dmd.eu\/product\/sin%20categor\u00eda\/shield-black-leather\/"},"modified":"2026-01-17T02:05:19","modified_gmt":"2026-01-17T01:05:19","slug":"shield-black-leather","status":"publish","type":"product","link":"https:\/\/dmd.eu\/es\/prodotto\/ropa-de-moto\/guantes\/shield-black-leather\/","title":{"rendered":"SHIELD BLACK LEATHER"},"content":{"rendered":"<p>Los <strong>guantes de moto BLACK LEATHER<\/strong> de DMD est\u00e1n completamente hechos a mano en Italia. Dise\u00f1ados para motociclistas con un estilo Caf\u00e9 Racer y para los amantes de la ropa refinada, estos guantes de moto est\u00e1n hechos de cuero autentico y vienen en color negro.<br \/>\nOfrecen protecci\u00f3n y comodidad en un design \u00fanico y elegante adecuado para tres estaciones:<br \/>\nprimavera verano y oto\u00f1o.<\/p>\n<p>Por \u00faltimo, cuentan con la homologaci\u00f3n CE para una conducci\u00f3n segura.<\/p>\n","protected":false},"excerpt":{"rendered":"<p>Los guantes de moto BLACK LEATHER de DMD est\u00e1n completamente hechos a mano en Italia. Dise\u00f1ados para motociclistas con un estilo Caf\u00e9 Racer y para los amantes de la ropa refinada, estos guantes de moto est\u00e1n hechos de cuero autentico y vienen en color negro. Ofrecen protecci\u00f3n y comodidad en un design \u00fanico y elegante [&hellip;]<\/p>\n","protected":false},"featured_media":16203,"comment_status":"closed","ping_status":"closed","template":"","meta":{"_acf_changed":false},"product_brand":[],"product_cat":[354,265],"product_tag":[],"giftcard-category":[],"class_list":{"0":"post-8345","1":"product","2":"type-product","3":"status-publish","4":"has-post-thumbnail","6":"product_cat-guantes","7":"product_cat-ropa-de-moto","9":"first","10":"instock","11":"taxable","12":"shipping-taxable","13":"purchasable","14":"product-type-variable"},"acf":[],"jetpack_sharing_enabled":true,"_links":{"self":[{"href":"https:\/\/dmd.eu\/es\/wp-json\/wp\/v2\/product\/8345","targetHints":{"allow":["GET"]}}],"collection":[{"href":"https:\/\/dmd.eu\/es\/wp-json\/wp\/v2\/product"}],"about":[{"href":"https:\/\/dmd.eu\/es\/wp-json\/wp\/v2\/types\/product"}],"replies":[{"embeddable":true,"href":"https:\/\/dmd.eu\/es\/wp-json\/wp\/v2\/comments?post=8345"}],"wp:featuredmedia":[{"embeddable":true,"href":"https:\/\/dmd.eu\/es\/wp-json\/wp\/v2\/media\/16203"}],"wp:attachment":[{"href":"https:\/\/dmd.eu\/es\/wp-json\/wp\/v2\/media?parent=8345"}],"wp:term":[{"taxonomy":"product_brand","embeddable":true,"href":"https:\/\/dmd.eu\/es\/wp-json\/wp\/v2\/product_brand?post=8345"},{"taxonomy":"product_cat","embeddable":true,"href":"https:\/\/dmd.eu\/es\/wp-json\/wp\/v2\/product_cat?post=8345"},{"taxonomy":"product_tag","embeddable":true,"href":"https:\/\/dmd.eu\/es\/wp-json\/wp\/v2\/product_tag?post=8345"},{"taxonomy":"giftcard-category","embeddable":true,"href":"https:\/\/dmd.eu\/es\/wp-json\/wp\/v2\/giftcard-category?post=8345"}],"curies":[{"name":"wp","href":"https:\/\/api.w.org\/{rel}","templated":true}]}}