{"id":8127,"date":"2023-08-31T12:14:48","date_gmt":"2023-08-31T10:14:48","guid":{"rendered":"https:\/\/www.dmd.eu\/product\/sin%20categor\u00eda\/buccaneer\/"},"modified":"2023-08-31T16:17:02","modified_gmt":"2023-08-31T14:17:02","slug":"buccaneer","status":"publish","type":"product","link":"https:\/\/dmd.eu\/es\/prodotto\/ropa-de-moto\/calentador-de-cuello\/buccaneer\/","title":{"rendered":"BUCCANEER"},"content":{"rendered":"<p>El <strong>Calentador de cuello Buccaneer<\/strong>, para moto, fabricado \u00edntegramente en Italia, es un producto indispensable para las salidas en moto durante todo el a\u00f1o.<\/p>\n<p>Fabricado en algod\u00f3n, resulta muy c\u00f3modo de poner y quitar y es un accesorio \u00fatil para protegerse del fr\u00edo, el viento y los insectos.<\/p>\n<p>Con colores reversibles y gr\u00e1ficas atractivas, el calentador de cuello DMD es el accesorio adecuado para todos los motociclistas que buscan un producto c\u00f3modo, c\u00e1lido y transpirable. Gr\u00e1ficos exclusivos DMD.<\/p>\n","protected":false},"excerpt":{"rendered":"<p>El Calentador de cuello Buccaneer, para moto, fabricado \u00edntegramente en Italia, es un producto indispensable para las salidas en moto durante todo el a\u00f1o. Fabricado en algod\u00f3n, resulta muy c\u00f3modo de poner y quitar y es un accesorio \u00fatil para protegerse del fr\u00edo, el viento y los insectos. Con colores reversibles y gr\u00e1ficas atractivas, el [&hellip;]<\/p>\n","protected":false},"featured_media":7996,"comment_status":"closed","ping_status":"closed","template":"","meta":{"_acf_changed":false},"product_brand":[],"product_cat":[319,265],"product_tag":[],"giftcard-category":[],"class_list":{"0":"post-8127","1":"product","2":"type-product","3":"status-publish","4":"has-post-thumbnail","6":"product_cat-calentador-de-cuello","7":"product_cat-ropa-de-moto","9":"first","10":"outofstock","11":"taxable","12":"shipping-taxable","13":"purchasable","14":"product-type-simple"},"acf":[],"jetpack_sharing_enabled":true,"_links":{"self":[{"href":"https:\/\/dmd.eu\/es\/wp-json\/wp\/v2\/product\/8127","targetHints":{"allow":["GET"]}}],"collection":[{"href":"https:\/\/dmd.eu\/es\/wp-json\/wp\/v2\/product"}],"about":[{"href":"https:\/\/dmd.eu\/es\/wp-json\/wp\/v2\/types\/product"}],"replies":[{"embeddable":true,"href":"https:\/\/dmd.eu\/es\/wp-json\/wp\/v2\/comments?post=8127"}],"wp:featuredmedia":[{"embeddable":true,"href":"https:\/\/dmd.eu\/es\/wp-json\/wp\/v2\/media\/7996"}],"wp:attachment":[{"href":"https:\/\/dmd.eu\/es\/wp-json\/wp\/v2\/media?parent=8127"}],"wp:term":[{"taxonomy":"product_brand","embeddable":true,"href":"https:\/\/dmd.eu\/es\/wp-json\/wp\/v2\/product_brand?post=8127"},{"taxonomy":"product_cat","embeddable":true,"href":"https:\/\/dmd.eu\/es\/wp-json\/wp\/v2\/product_cat?post=8127"},{"taxonomy":"product_tag","embeddable":true,"href":"https:\/\/dmd.eu\/es\/wp-json\/wp\/v2\/product_tag?post=8127"},{"taxonomy":"giftcard-category","embeddable":true,"href":"https:\/\/dmd.eu\/es\/wp-json\/wp\/v2\/giftcard-category?post=8127"}],"curies":[{"name":"wp","href":"https:\/\/api.w.org\/{rel}","templated":true}]}}