{"id":7886,"date":"2023-08-31T11:17:33","date_gmt":"2023-08-31T09:17:33","guid":{"rendered":"https:\/\/www.dmd.eu\/product\/sin%20categor\u00eda\/chino-black\/"},"modified":"2025-12-02T00:14:32","modified_gmt":"2025-12-01T23:14:32","slug":"chino-black","status":"publish","type":"product","link":"https:\/\/dmd.eu\/es\/prodotto\/ropa-de-moto\/pantalones\/chino-black\/","title":{"rendered":"CHINO BLACK"},"content":{"rendered":"<p>Los <strong>pantalones modelo Chino<\/strong> son c\u00f3modos, seguros y adecuados para cualquier motorista. La seguridad est\u00e1 garantizada por la presencia de protectores certificados insertados en rodillas y caderas. Es una prenda t\u00e9cnica pero sin renunciar a la comodidad y practicidad de un pantal\u00f3n normal de algod\u00f3n.<\/p>\n","protected":false},"excerpt":{"rendered":"<p>Los pantalones modelo Chino son c\u00f3modos, seguros y adecuados para cualquier motorista. La seguridad est\u00e1 garantizada por la presencia de protectores certificados insertados en rodillas y caderas. Es una prenda t\u00e9cnica pero sin renunciar a la comodidad y practicidad de un pantal\u00f3n normal de algod\u00f3n.<\/p>\n","protected":false},"featured_media":7816,"comment_status":"closed","ping_status":"closed","template":"","meta":{"_acf_changed":false},"product_brand":[],"product_cat":[279,265],"product_tag":[],"giftcard-category":[],"class_list":{"0":"post-7886","1":"product","2":"type-product","3":"status-publish","4":"has-post-thumbnail","6":"product_cat-pantalones","7":"product_cat-ropa-de-moto","9":"first","10":"instock","11":"sale","12":"taxable","13":"shipping-taxable","14":"purchasable","15":"product-type-variable"},"acf":[],"jetpack_sharing_enabled":true,"_links":{"self":[{"href":"https:\/\/dmd.eu\/es\/wp-json\/wp\/v2\/product\/7886","targetHints":{"allow":["GET"]}}],"collection":[{"href":"https:\/\/dmd.eu\/es\/wp-json\/wp\/v2\/product"}],"about":[{"href":"https:\/\/dmd.eu\/es\/wp-json\/wp\/v2\/types\/product"}],"replies":[{"embeddable":true,"href":"https:\/\/dmd.eu\/es\/wp-json\/wp\/v2\/comments?post=7886"}],"wp:featuredmedia":[{"embeddable":true,"href":"https:\/\/dmd.eu\/es\/wp-json\/wp\/v2\/media\/7816"}],"wp:attachment":[{"href":"https:\/\/dmd.eu\/es\/wp-json\/wp\/v2\/media?parent=7886"}],"wp:term":[{"taxonomy":"product_brand","embeddable":true,"href":"https:\/\/dmd.eu\/es\/wp-json\/wp\/v2\/product_brand?post=7886"},{"taxonomy":"product_cat","embeddable":true,"href":"https:\/\/dmd.eu\/es\/wp-json\/wp\/v2\/product_cat?post=7886"},{"taxonomy":"product_tag","embeddable":true,"href":"https:\/\/dmd.eu\/es\/wp-json\/wp\/v2\/product_tag?post=7886"},{"taxonomy":"giftcard-category","embeddable":true,"href":"https:\/\/dmd.eu\/es\/wp-json\/wp\/v2\/giftcard-category?post=7886"}],"curies":[{"name":"wp","href":"https:\/\/api.w.org\/{rel}","templated":true}]}}