{"id":7462,"date":"2023-08-25T19:34:48","date_gmt":"2023-08-25T17:34:48","guid":{"rendered":"https:\/\/www.dmd.eu\/product\/sin%20categor\u00eda\/inner-lining-p1\/"},"modified":"2025-12-02T00:14:34","modified_gmt":"2025-12-01T23:14:34","slug":"inner-lining-p1ece-05","status":"publish","type":"product","link":"https:\/\/dmd.eu\/es\/prodotto\/cascos-jet\/accessorios-cascos\/inner-lining-p1ece-05\/","title":{"rendered":"INNER LINING P1 ECE 05"},"content":{"rendered":"<p>El <strong>accesorio P1 Inner Lining<\/strong> es un forro interior para el casco DMD P1 Demi Jet, completamente desmontable y lavable. El acolchado de la cabeza y las almohadillas de las mejillas son desmontables para poder ajustarlos correctamente. El forro interior P1 le permite cambiar el tama\u00f1o de su casco P1 Demi Jet, pero s\u00f3lo si la talla de la calota es la misma. Est\u00e1 disponible desde la talla XS a la XL.<\/p>\n","protected":false},"excerpt":{"rendered":"<p>El accesorio P1 Inner Lining es un forro interior para el casco DMD P1 Demi Jet, completamente desmontable y lavable. El acolchado de la cabeza y las almohadillas de las mejillas son desmontables para poder ajustarlos correctamente. El forro interior P1 le permite cambiar el tama\u00f1o de su casco P1 Demi Jet, pero s\u00f3lo si [&hellip;]<\/p>\n","protected":false},"featured_media":7323,"comment_status":"closed","ping_status":"closed","template":"","meta":{"_acf_changed":false},"product_brand":[],"product_cat":[184,458],"product_tag":[],"giftcard-category":[],"class_list":{"0":"post-7462","1":"product","2":"type-product","3":"status-publish","4":"has-post-thumbnail","6":"product_cat-accessorios-cascos","7":"product_cat-cascos-jet","9":"first","10":"instock","11":"taxable","12":"shipping-taxable","13":"purchasable","14":"product-type-variable"},"acf":[],"jetpack_sharing_enabled":true,"_links":{"self":[{"href":"https:\/\/dmd.eu\/es\/wp-json\/wp\/v2\/product\/7462","targetHints":{"allow":["GET"]}}],"collection":[{"href":"https:\/\/dmd.eu\/es\/wp-json\/wp\/v2\/product"}],"about":[{"href":"https:\/\/dmd.eu\/es\/wp-json\/wp\/v2\/types\/product"}],"replies":[{"embeddable":true,"href":"https:\/\/dmd.eu\/es\/wp-json\/wp\/v2\/comments?post=7462"}],"wp:featuredmedia":[{"embeddable":true,"href":"https:\/\/dmd.eu\/es\/wp-json\/wp\/v2\/media\/7323"}],"wp:attachment":[{"href":"https:\/\/dmd.eu\/es\/wp-json\/wp\/v2\/media?parent=7462"}],"wp:term":[{"taxonomy":"product_brand","embeddable":true,"href":"https:\/\/dmd.eu\/es\/wp-json\/wp\/v2\/product_brand?post=7462"},{"taxonomy":"product_cat","embeddable":true,"href":"https:\/\/dmd.eu\/es\/wp-json\/wp\/v2\/product_cat?post=7462"},{"taxonomy":"product_tag","embeddable":true,"href":"https:\/\/dmd.eu\/es\/wp-json\/wp\/v2\/product_tag?post=7462"},{"taxonomy":"giftcard-category","embeddable":true,"href":"https:\/\/dmd.eu\/es\/wp-json\/wp\/v2\/giftcard-category?post=7462"}],"curies":[{"name":"wp","href":"https:\/\/api.w.org\/{rel}","templated":true}]}}