{"id":7455,"date":"2023-08-25T19:34:46","date_gmt":"2023-08-25T17:34:46","guid":{"rendered":"https:\/\/www.dmd.eu\/product\/sin%20categor\u00eda\/inner-lining-vintage\/"},"modified":"2025-12-21T11:23:10","modified_gmt":"2025-12-21T10:23:10","slug":"inner-lining-vintage","status":"publish","type":"product","link":"https:\/\/dmd.eu\/es\/prodotto\/cascos-jet\/accessorios-cascos\/inner-lining-vintage\/","title":{"rendered":"INNER LINING VINTAGE"},"content":{"rendered":"<p>El <strong>accesorio Inner Lining Vintage<\/strong> es un forro interior totalmente desmontable y lavable para la l\u00ednea de cascos de moto DMD Jet Vintage. El acolchado a la altura de la cabeza y las almohadillas de las mejillas son extra\u00edbles para un mejor ajuste. El forro interior Vintage le permite cambiar la talla de su casco Jet Vintage, pero s\u00f3lo si la talla de la calota es la misma. Est\u00e1 disponible desde la de la talla XS a la XL.<\/p>\n","protected":false},"excerpt":{"rendered":"<p>El accesorio Inner Lining Vintage es un forro interior totalmente desmontable y lavable para la l\u00ednea de cascos de moto DMD Jet Vintage. El acolchado a la altura de la cabeza y las almohadillas de las mejillas son extra\u00edbles para un mejor ajuste. El forro interior Vintage le permite cambiar la talla de su casco [&hellip;]<\/p>\n","protected":false},"featured_media":7328,"comment_status":"closed","ping_status":"closed","template":"","meta":{"_acf_changed":false},"product_brand":[],"product_cat":[184,458],"product_tag":[],"giftcard-category":[],"class_list":{"0":"post-7455","1":"product","2":"type-product","3":"status-publish","4":"has-post-thumbnail","6":"product_cat-accessorios-cascos","7":"product_cat-cascos-jet","9":"first","10":"instock","11":"taxable","12":"shipping-taxable","13":"purchasable","14":"product-type-variable"},"acf":[],"jetpack_sharing_enabled":true,"_links":{"self":[{"href":"https:\/\/dmd.eu\/es\/wp-json\/wp\/v2\/product\/7455","targetHints":{"allow":["GET"]}}],"collection":[{"href":"https:\/\/dmd.eu\/es\/wp-json\/wp\/v2\/product"}],"about":[{"href":"https:\/\/dmd.eu\/es\/wp-json\/wp\/v2\/types\/product"}],"replies":[{"embeddable":true,"href":"https:\/\/dmd.eu\/es\/wp-json\/wp\/v2\/comments?post=7455"}],"wp:featuredmedia":[{"embeddable":true,"href":"https:\/\/dmd.eu\/es\/wp-json\/wp\/v2\/media\/7328"}],"wp:attachment":[{"href":"https:\/\/dmd.eu\/es\/wp-json\/wp\/v2\/media?parent=7455"}],"wp:term":[{"taxonomy":"product_brand","embeddable":true,"href":"https:\/\/dmd.eu\/es\/wp-json\/wp\/v2\/product_brand?post=7455"},{"taxonomy":"product_cat","embeddable":true,"href":"https:\/\/dmd.eu\/es\/wp-json\/wp\/v2\/product_cat?post=7455"},{"taxonomy":"product_tag","embeddable":true,"href":"https:\/\/dmd.eu\/es\/wp-json\/wp\/v2\/product_tag?post=7455"},{"taxonomy":"giftcard-category","embeddable":true,"href":"https:\/\/dmd.eu\/es\/wp-json\/wp\/v2\/giftcard-category?post=7455"}],"curies":[{"name":"wp","href":"https:\/\/api.w.org\/{rel}","templated":true}]}}