{"id":7451,"date":"2023-08-25T19:34:48","date_gmt":"2023-08-25T17:34:48","guid":{"rendered":"https:\/\/www.dmd.eu\/product\/sin%20categor\u00eda\/p1-cover-visor\/"},"modified":"2025-12-02T00:14:34","modified_gmt":"2025-12-01T23:14:34","slug":"p1-cover-visor","status":"publish","type":"product","link":"https:\/\/dmd.eu\/es\/prodotto\/cascos-jet\/accessorios-cascos\/p1-cover-visor\/","title":{"rendered":"P1 COVER VISOR"},"content":{"rendered":"<p>El <strong>accesorio P1 Cover Visor<\/strong> est\u00e1 disponible para la colecci\u00f3n de cascos P1 demi-jet.<br \/>\nSe trata de una pantalla desmontable y transparente de \u00faltima generaci\u00f3n que cubre toda la cara.<br \/>\nLa pantalla P1 Cover se desenrosca f\u00e1cilmente y est\u00e1 disponible en versi\u00f3n transparente y oscura.<\/p>\n","protected":false},"excerpt":{"rendered":"<p>El accesorio P1 Cover Visor est\u00e1 disponible para la colecci\u00f3n de cascos P1 demi-jet. Se trata de una pantalla desmontable y transparente de \u00faltima generaci\u00f3n que cubre toda la cara. La pantalla P1 Cover se desenrosca f\u00e1cilmente y est\u00e1 disponible en versi\u00f3n transparente y oscura.<\/p>\n","protected":false},"featured_media":50272,"comment_status":"closed","ping_status":"closed","template":"","meta":{"_acf_changed":false},"product_brand":[],"product_cat":[184,458],"product_tag":[],"giftcard-category":[],"class_list":{"0":"post-7451","1":"product","2":"type-product","3":"status-publish","4":"has-post-thumbnail","6":"product_cat-accessorios-cascos","7":"product_cat-cascos-jet","9":"first","10":"instock","11":"taxable","12":"shipping-taxable","13":"purchasable","14":"product-type-variable"},"acf":[],"jetpack_sharing_enabled":true,"_links":{"self":[{"href":"https:\/\/dmd.eu\/es\/wp-json\/wp\/v2\/product\/7451","targetHints":{"allow":["GET"]}}],"collection":[{"href":"https:\/\/dmd.eu\/es\/wp-json\/wp\/v2\/product"}],"about":[{"href":"https:\/\/dmd.eu\/es\/wp-json\/wp\/v2\/types\/product"}],"replies":[{"embeddable":true,"href":"https:\/\/dmd.eu\/es\/wp-json\/wp\/v2\/comments?post=7451"}],"wp:featuredmedia":[{"embeddable":true,"href":"https:\/\/dmd.eu\/es\/wp-json\/wp\/v2\/media\/50272"}],"wp:attachment":[{"href":"https:\/\/dmd.eu\/es\/wp-json\/wp\/v2\/media?parent=7451"}],"wp:term":[{"taxonomy":"product_brand","embeddable":true,"href":"https:\/\/dmd.eu\/es\/wp-json\/wp\/v2\/product_brand?post=7451"},{"taxonomy":"product_cat","embeddable":true,"href":"https:\/\/dmd.eu\/es\/wp-json\/wp\/v2\/product_cat?post=7451"},{"taxonomy":"product_tag","embeddable":true,"href":"https:\/\/dmd.eu\/es\/wp-json\/wp\/v2\/product_tag?post=7451"},{"taxonomy":"giftcard-category","embeddable":true,"href":"https:\/\/dmd.eu\/es\/wp-json\/wp\/v2\/giftcard-category?post=7451"}],"curies":[{"name":"wp","href":"https:\/\/api.w.org\/{rel}","templated":true}]}}