{"id":7441,"date":"2023-08-25T19:34:48","date_gmt":"2023-08-25T17:34:48","guid":{"rendered":"https:\/\/www.dmd.eu\/product\/sin%20categor\u00eda\/ghost-white\/"},"modified":"2025-12-02T00:14:33","modified_gmt":"2025-12-01T23:14:33","slug":"ghost-white","status":"publish","type":"product","link":"https:\/\/dmd.eu\/es\/prodotto\/cascos-integrales\/accessorios-integrales\/ghost-white\/","title":{"rendered":"GHOST WHITE"},"content":{"rendered":"<p>El <strong>accesorio Ghost White<\/strong> est\u00e1 dise\u00f1ado para los cascos de moto DMD Retro, Vintage, Racer y Seventyfive. Se trata de una m\u00e1scara realizada en color blanco con personalizaci\u00f3n a lo largo de la banda el\u00e1stica, que da car\u00e1cter a este accesorio. Con un design inconfundible que recuerda las gafas utilizadas en los a\u00f1os 70, la Ghost White para los cascos de moto DMD est\u00e1 disponible con cristales transparentes u oscuros. Se puede adquirir por separado una lente de recambio transparente, oscura, espejada o amarilla.<\/p>\n","protected":false},"excerpt":{"rendered":"<p>El accesorio Ghost White est\u00e1 dise\u00f1ado para los cascos de moto DMD Retro, Vintage, Racer y Seventyfive. Se trata de una m\u00e1scara realizada en color blanco con personalizaci\u00f3n a lo largo de la banda el\u00e1stica, que da car\u00e1cter a este accesorio. Con un design inconfundible que recuerda las gafas utilizadas en los a\u00f1os 70, la [&hellip;]<\/p>\n","protected":false},"featured_media":54330,"comment_status":"closed","ping_status":"closed","template":"","meta":{"_acf_changed":false},"product_brand":[],"product_cat":[184,364,461,458],"product_tag":[],"giftcard-category":[],"class_list":{"0":"post-7441","1":"product","2":"type-product","3":"status-publish","4":"has-post-thumbnail","6":"product_cat-accessorios-cascos","7":"product_cat-accessorios-integrales","8":"product_cat-cascos-integrales","9":"product_cat-cascos-jet","11":"first","12":"instock","13":"taxable","14":"shipping-taxable","15":"purchasable","16":"product-type-variable"},"acf":[],"jetpack_sharing_enabled":true,"_links":{"self":[{"href":"https:\/\/dmd.eu\/es\/wp-json\/wp\/v2\/product\/7441","targetHints":{"allow":["GET"]}}],"collection":[{"href":"https:\/\/dmd.eu\/es\/wp-json\/wp\/v2\/product"}],"about":[{"href":"https:\/\/dmd.eu\/es\/wp-json\/wp\/v2\/types\/product"}],"replies":[{"embeddable":true,"href":"https:\/\/dmd.eu\/es\/wp-json\/wp\/v2\/comments?post=7441"}],"wp:featuredmedia":[{"embeddable":true,"href":"https:\/\/dmd.eu\/es\/wp-json\/wp\/v2\/media\/54330"}],"wp:attachment":[{"href":"https:\/\/dmd.eu\/es\/wp-json\/wp\/v2\/media?parent=7441"}],"wp:term":[{"taxonomy":"product_brand","embeddable":true,"href":"https:\/\/dmd.eu\/es\/wp-json\/wp\/v2\/product_brand?post=7441"},{"taxonomy":"product_cat","embeddable":true,"href":"https:\/\/dmd.eu\/es\/wp-json\/wp\/v2\/product_cat?post=7441"},{"taxonomy":"product_tag","embeddable":true,"href":"https:\/\/dmd.eu\/es\/wp-json\/wp\/v2\/product_tag?post=7441"},{"taxonomy":"giftcard-category","embeddable":true,"href":"https:\/\/dmd.eu\/es\/wp-json\/wp\/v2\/giftcard-category?post=7441"}],"curies":[{"name":"wp","href":"https:\/\/api.w.org\/{rel}","templated":true}]}}