{"id":7433,"date":"2023-08-25T19:34:48","date_gmt":"2023-08-25T17:34:48","guid":{"rendered":"https:\/\/www.dmd.eu\/product\/sin%20categor\u00eda\/ghost\/"},"modified":"2026-04-10T23:23:23","modified_gmt":"2026-04-10T21:23:23","slug":"ghost","status":"publish","type":"product","link":"https:\/\/dmd.eu\/es\/prodotto\/cascos-integrales\/accessorios-integrales\/ghost\/","title":{"rendered":"GHOST"},"content":{"rendered":"<p>El <strong>accesorio Ghost<\/strong> est\u00e1 dise\u00f1ado para los cascos de moto DMD Retro, Vintage, Racer y Seventyfive. Se trata de una m\u00e1scara fabricada en color negro con personalizaci\u00f3n a lo largo de la banda el\u00e1stica, que confiere car\u00e1cter a este accesorio. Con un design inconfundible que recuerda las gafas utilizadas en los a\u00f1os 70, el Ghost para los cascos de moto DMD est\u00e1 disponible con cristales transparentes u oscuros. Es posible adquirir por separado una lente de repuesto transparente, oscura, espejada o amarilla.<\/p>\n","protected":false},"excerpt":{"rendered":"<p>El accesorio Ghost est\u00e1 dise\u00f1ado para los cascos de moto DMD Retro, Vintage, Racer y Seventyfive. Se trata de una m\u00e1scara fabricada en color negro con personalizaci\u00f3n a lo largo de la banda el\u00e1stica, que confiere car\u00e1cter a este accesorio. Con un design inconfundible que recuerda las gafas utilizadas en los a\u00f1os 70, el Ghost [&hellip;]<\/p>\n","protected":false},"featured_media":8862,"comment_status":"closed","ping_status":"closed","template":"","meta":{"_acf_changed":false},"product_brand":[],"product_cat":[184,364,461,458],"product_tag":[],"giftcard-category":[],"class_list":{"0":"post-7433","1":"product","2":"type-product","3":"status-publish","4":"has-post-thumbnail","6":"product_cat-accessorios-cascos","7":"product_cat-accessorios-integrales","8":"product_cat-cascos-integrales","9":"product_cat-cascos-jet","11":"first","12":"instock","13":"taxable","14":"shipping-taxable","15":"purchasable","16":"product-type-variable"},"acf":[],"jetpack_sharing_enabled":true,"_links":{"self":[{"href":"https:\/\/dmd.eu\/es\/wp-json\/wp\/v2\/product\/7433","targetHints":{"allow":["GET"]}}],"collection":[{"href":"https:\/\/dmd.eu\/es\/wp-json\/wp\/v2\/product"}],"about":[{"href":"https:\/\/dmd.eu\/es\/wp-json\/wp\/v2\/types\/product"}],"replies":[{"embeddable":true,"href":"https:\/\/dmd.eu\/es\/wp-json\/wp\/v2\/comments?post=7433"}],"wp:featuredmedia":[{"embeddable":true,"href":"https:\/\/dmd.eu\/es\/wp-json\/wp\/v2\/media\/8862"}],"wp:attachment":[{"href":"https:\/\/dmd.eu\/es\/wp-json\/wp\/v2\/media?parent=7433"}],"wp:term":[{"taxonomy":"product_brand","embeddable":true,"href":"https:\/\/dmd.eu\/es\/wp-json\/wp\/v2\/product_brand?post=7433"},{"taxonomy":"product_cat","embeddable":true,"href":"https:\/\/dmd.eu\/es\/wp-json\/wp\/v2\/product_cat?post=7433"},{"taxonomy":"product_tag","embeddable":true,"href":"https:\/\/dmd.eu\/es\/wp-json\/wp\/v2\/product_tag?post=7433"},{"taxonomy":"giftcard-category","embeddable":true,"href":"https:\/\/dmd.eu\/es\/wp-json\/wp\/v2\/giftcard-category?post=7433"}],"curies":[{"name":"wp","href":"https:\/\/api.w.org\/{rel}","templated":true}]}}