{"id":7427,"date":"2023-08-25T19:34:46","date_gmt":"2023-08-25T17:34:46","guid":{"rendered":"https:\/\/www.dmd.eu\/product\/sin%20categor\u00eda\/goggle\/"},"modified":"2025-12-02T00:14:35","modified_gmt":"2025-12-01T23:14:35","slug":"goggle","status":"publish","type":"product","link":"https:\/\/dmd.eu\/es\/prodotto\/cascos-jet\/accessorios-cascos\/goggle\/","title":{"rendered":"GOGGLE"},"content":{"rendered":"<p>El <strong>accesorio Goggle<\/strong> est\u00e1 dise\u00f1ado para los cascos de moto DMD Jet y se fija mediante una cinta el\u00e1stica especial.<br \/>\nEsta pantalla fija dar\u00e1 un toque retro extra a tu casco, ofreci\u00e9ndote toda la protecci\u00f3n que necesitas mientras conduces tu moto. La pantalla para cascos Jet est\u00e1 disponible en transparente, oscura o espejada.<\/p>\n","protected":false},"excerpt":{"rendered":"<p>El accesorio Goggle est\u00e1 dise\u00f1ado para los cascos de moto DMD Jet y se fija mediante una cinta el\u00e1stica especial. Esta pantalla fija dar\u00e1 un toque retro extra a tu casco, ofreci\u00e9ndote toda la protecci\u00f3n que necesitas mientras conduces tu moto. La pantalla para cascos Jet est\u00e1 disponible en transparente, oscura o espejada.<\/p>\n","protected":false},"featured_media":56534,"comment_status":"closed","ping_status":"closed","template":"","meta":{"_acf_changed":false},"product_brand":[],"product_cat":[184,458],"product_tag":[],"giftcard-category":[],"class_list":{"0":"post-7427","1":"product","2":"type-product","3":"status-publish","4":"has-post-thumbnail","6":"product_cat-accessorios-cascos","7":"product_cat-cascos-jet","9":"first","10":"instock","11":"taxable","12":"shipping-taxable","13":"purchasable","14":"product-type-variable"},"acf":[],"jetpack_sharing_enabled":true,"_links":{"self":[{"href":"https:\/\/dmd.eu\/es\/wp-json\/wp\/v2\/product\/7427","targetHints":{"allow":["GET"]}}],"collection":[{"href":"https:\/\/dmd.eu\/es\/wp-json\/wp\/v2\/product"}],"about":[{"href":"https:\/\/dmd.eu\/es\/wp-json\/wp\/v2\/types\/product"}],"replies":[{"embeddable":true,"href":"https:\/\/dmd.eu\/es\/wp-json\/wp\/v2\/comments?post=7427"}],"wp:featuredmedia":[{"embeddable":true,"href":"https:\/\/dmd.eu\/es\/wp-json\/wp\/v2\/media\/56534"}],"wp:attachment":[{"href":"https:\/\/dmd.eu\/es\/wp-json\/wp\/v2\/media?parent=7427"}],"wp:term":[{"taxonomy":"product_brand","embeddable":true,"href":"https:\/\/dmd.eu\/es\/wp-json\/wp\/v2\/product_brand?post=7427"},{"taxonomy":"product_cat","embeddable":true,"href":"https:\/\/dmd.eu\/es\/wp-json\/wp\/v2\/product_cat?post=7427"},{"taxonomy":"product_tag","embeddable":true,"href":"https:\/\/dmd.eu\/es\/wp-json\/wp\/v2\/product_tag?post=7427"},{"taxonomy":"giftcard-category","embeddable":true,"href":"https:\/\/dmd.eu\/es\/wp-json\/wp\/v2\/giftcard-category?post=7427"}],"curies":[{"name":"wp","href":"https:\/\/api.w.org\/{rel}","templated":true}]}}