{"id":7420,"date":"2023-08-25T19:34:46","date_gmt":"2023-08-25T17:34:46","guid":{"rendered":"https:\/\/www.dmd.eu\/product\/sin%20categor\u00eda\/bubble-visor\/"},"modified":"2026-04-23T11:25:55","modified_gmt":"2026-04-23T09:25:55","slug":"bubble-visor","status":"publish","type":"product","link":"https:\/\/dmd.eu\/es\/prodotto\/cascos-jet\/accessorios-cascos\/bubble-visor\/","title":{"rendered":"BUBBLE VISOR"},"content":{"rendered":"<p>El <strong>accesorio Bubble Visor<\/strong> est\u00e1 dise\u00f1ado para los cascos de moto DMD Jet y se coloca mediante botones en la propia calota del casco. Esta pantalla fija dar\u00e1 un toque retro extra a tu casco, ofreci\u00e9ndote toda la protecci\u00f3n que necesitas mientras conduces tu moto. Bubble Visor para cascos de moto Jet est\u00e1 disponible con lentes transparentes y fum\u00e9.<\/p>\n","protected":false},"excerpt":{"rendered":"<p>El accesorio Bubble Visor est\u00e1 dise\u00f1ado para los cascos de moto DMD Jet y se coloca mediante botones en la propia calota del casco. Esta pantalla fija dar\u00e1 un toque retro extra a tu casco, ofreci\u00e9ndote toda la protecci\u00f3n que necesitas mientras conduces tu moto. Bubble Visor para cascos de moto Jet est\u00e1 disponible con [&hellip;]<\/p>\n","protected":false},"featured_media":56506,"comment_status":"closed","ping_status":"closed","template":"","meta":{"_acf_changed":false},"product_brand":[],"product_cat":[184,458],"product_tag":[],"giftcard-category":[],"class_list":{"0":"post-7420","1":"product","2":"type-product","3":"status-publish","4":"has-post-thumbnail","6":"product_cat-accessorios-cascos","7":"product_cat-cascos-jet","9":"first","10":"instock","11":"taxable","12":"shipping-taxable","13":"purchasable","14":"product-type-variable","15":"has-default-attributes"},"acf":[],"jetpack_sharing_enabled":true,"_links":{"self":[{"href":"https:\/\/dmd.eu\/es\/wp-json\/wp\/v2\/product\/7420","targetHints":{"allow":["GET"]}}],"collection":[{"href":"https:\/\/dmd.eu\/es\/wp-json\/wp\/v2\/product"}],"about":[{"href":"https:\/\/dmd.eu\/es\/wp-json\/wp\/v2\/types\/product"}],"replies":[{"embeddable":true,"href":"https:\/\/dmd.eu\/es\/wp-json\/wp\/v2\/comments?post=7420"}],"wp:featuredmedia":[{"embeddable":true,"href":"https:\/\/dmd.eu\/es\/wp-json\/wp\/v2\/media\/56506"}],"wp:attachment":[{"href":"https:\/\/dmd.eu\/es\/wp-json\/wp\/v2\/media?parent=7420"}],"wp:term":[{"taxonomy":"product_brand","embeddable":true,"href":"https:\/\/dmd.eu\/es\/wp-json\/wp\/v2\/product_brand?post=7420"},{"taxonomy":"product_cat","embeddable":true,"href":"https:\/\/dmd.eu\/es\/wp-json\/wp\/v2\/product_cat?post=7420"},{"taxonomy":"product_tag","embeddable":true,"href":"https:\/\/dmd.eu\/es\/wp-json\/wp\/v2\/product_tag?post=7420"},{"taxonomy":"giftcard-category","embeddable":true,"href":"https:\/\/dmd.eu\/es\/wp-json\/wp\/v2\/giftcard-category?post=7420"}],"curies":[{"name":"wp","href":"https:\/\/api.w.org\/{rel}","templated":true}]}}