{"id":7404,"date":"2023-08-25T19:34:46","date_gmt":"2023-08-25T17:34:46","guid":{"rendered":"https:\/\/www.dmd.eu\/product\/sin%20categor\u00eda\/standard-peak\/"},"modified":"2026-03-26T22:39:30","modified_gmt":"2026-03-26T21:39:30","slug":"standard-peak","status":"publish","type":"product","link":"https:\/\/dmd.eu\/es\/prodotto\/cascos-jet\/accessorios-cascos\/standard-peak\/","title":{"rendered":"STANDARD PEAK"},"content":{"rendered":"<p>El<strong> accesorio Standard Peak<\/strong> est\u00e1 dise\u00f1ado para los cascos de moto Jet DMD. Se puede aplicar mediante botones en la propia calota del casco. Esta placa frontal a\u00f1adir\u00e1 un toque extra a su casco de moto Jet y a su look de piloto. El Standard Peak para cascos de moto Jet est\u00e1 disponible s\u00f3lo en color negro.<\/p>\n","protected":false},"excerpt":{"rendered":"<p>El accesorio Standard Peak est\u00e1 dise\u00f1ado para los cascos de moto Jet DMD. Se puede aplicar mediante botones en la propia calota del casco. Esta placa frontal a\u00f1adir\u00e1 un toque extra a su casco de moto Jet y a su look de piloto. El Standard Peak para cascos de moto Jet est\u00e1 disponible s\u00f3lo en [&hellip;]<\/p>\n","protected":false},"featured_media":7383,"comment_status":"closed","ping_status":"closed","template":"","meta":{"_acf_changed":false},"product_brand":[],"product_cat":[184,458],"product_tag":[],"giftcard-category":[],"class_list":{"0":"post-7404","1":"product","2":"type-product","3":"status-publish","4":"has-post-thumbnail","6":"product_cat-accessorios-cascos","7":"product_cat-cascos-jet","9":"first","10":"instock","11":"taxable","12":"shipping-taxable","13":"purchasable","14":"product-type-simple"},"acf":[],"jetpack_sharing_enabled":true,"_links":{"self":[{"href":"https:\/\/dmd.eu\/es\/wp-json\/wp\/v2\/product\/7404","targetHints":{"allow":["GET"]}}],"collection":[{"href":"https:\/\/dmd.eu\/es\/wp-json\/wp\/v2\/product"}],"about":[{"href":"https:\/\/dmd.eu\/es\/wp-json\/wp\/v2\/types\/product"}],"replies":[{"embeddable":true,"href":"https:\/\/dmd.eu\/es\/wp-json\/wp\/v2\/comments?post=7404"}],"wp:featuredmedia":[{"embeddable":true,"href":"https:\/\/dmd.eu\/es\/wp-json\/wp\/v2\/media\/7383"}],"wp:attachment":[{"href":"https:\/\/dmd.eu\/es\/wp-json\/wp\/v2\/media?parent=7404"}],"wp:term":[{"taxonomy":"product_brand","embeddable":true,"href":"https:\/\/dmd.eu\/es\/wp-json\/wp\/v2\/product_brand?post=7404"},{"taxonomy":"product_cat","embeddable":true,"href":"https:\/\/dmd.eu\/es\/wp-json\/wp\/v2\/product_cat?post=7404"},{"taxonomy":"product_tag","embeddable":true,"href":"https:\/\/dmd.eu\/es\/wp-json\/wp\/v2\/product_tag?post=7404"},{"taxonomy":"giftcard-category","embeddable":true,"href":"https:\/\/dmd.eu\/es\/wp-json\/wp\/v2\/giftcard-category?post=7404"}],"curies":[{"name":"wp","href":"https:\/\/api.w.org\/{rel}","templated":true}]}}