{"id":6755,"date":"2023-08-24T12:00:48","date_gmt":"2023-08-24T10:00:48","guid":{"rendered":"https:\/\/www.dmd.eu\/product\/sin%20categor\u00eda\/caffe\/"},"modified":"2025-12-02T00:14:36","modified_gmt":"2025-12-01T23:14:36","slug":"caffe","status":"publish","type":"product","link":"https:\/\/dmd.eu\/es\/prodotto\/ventas\/cascos-sale\/caffe\/","title":{"rendered":"CAFF\u00c8"},"content":{"rendered":"<p>El <strong>casco jet Vintage Caff\u00e8<\/strong> est\u00e1 fabricado en color &#8220;caf\u00e9&#8221; con acabado mate. La sencillez de este modelo lo convierte en un accesorio perfecto para combinar con tu moto, ya sea Custom,<br \/>\nVintage o Caf\u00e9 Racer. Tambi\u00e9n es un modelo ideal para el motorista que busca un casco c\u00f3modo, peque\u00f1o, seguro y original.<\/p>\n<p>*Modelo homologado ECE 22.05, conforme a la normativa vial, que te permite seguir utiliz\u00e1ndolo de forma segura y sin preocupaciones.<\/p>\n","protected":false},"excerpt":{"rendered":"<p>El casco jet Vintage Caff\u00e8 est\u00e1 fabricado en color &#8220;caf\u00e9&#8221; con acabado mate. La sencillez de este modelo lo convierte en un accesorio perfecto para combinar con tu moto, ya sea Custom, Vintage o Caf\u00e9 Racer. Tambi\u00e9n es un modelo ideal para el motorista que busca un casco c\u00f3modo, peque\u00f1o, seguro y original. *Modelo homologado [&hellip;]<\/p>\n","protected":false},"featured_media":5254,"comment_status":"closed","ping_status":"closed","template":"","meta":{"_acf_changed":false},"product_brand":[],"product_cat":[423,410],"product_tag":[],"giftcard-category":[],"class_list":{"0":"post-6755","1":"product","2":"type-product","3":"status-publish","4":"has-post-thumbnail","6":"product_cat-cascos-sale","7":"product_cat-ventas","9":"first","10":"instock","11":"sale","12":"taxable","13":"shipping-taxable","14":"purchasable","15":"product-type-variable"},"acf":[],"jetpack_sharing_enabled":true,"_links":{"self":[{"href":"https:\/\/dmd.eu\/es\/wp-json\/wp\/v2\/product\/6755","targetHints":{"allow":["GET"]}}],"collection":[{"href":"https:\/\/dmd.eu\/es\/wp-json\/wp\/v2\/product"}],"about":[{"href":"https:\/\/dmd.eu\/es\/wp-json\/wp\/v2\/types\/product"}],"replies":[{"embeddable":true,"href":"https:\/\/dmd.eu\/es\/wp-json\/wp\/v2\/comments?post=6755"}],"wp:featuredmedia":[{"embeddable":true,"href":"https:\/\/dmd.eu\/es\/wp-json\/wp\/v2\/media\/5254"}],"wp:attachment":[{"href":"https:\/\/dmd.eu\/es\/wp-json\/wp\/v2\/media?parent=6755"}],"wp:term":[{"taxonomy":"product_brand","embeddable":true,"href":"https:\/\/dmd.eu\/es\/wp-json\/wp\/v2\/product_brand?post=6755"},{"taxonomy":"product_cat","embeddable":true,"href":"https:\/\/dmd.eu\/es\/wp-json\/wp\/v2\/product_cat?post=6755"},{"taxonomy":"product_tag","embeddable":true,"href":"https:\/\/dmd.eu\/es\/wp-json\/wp\/v2\/product_tag?post=6755"},{"taxonomy":"giftcard-category","embeddable":true,"href":"https:\/\/dmd.eu\/es\/wp-json\/wp\/v2\/giftcard-category?post=6755"}],"curies":[{"name":"wp","href":"https:\/\/api.w.org\/{rel}","templated":true}]}}