{"id":6713,"date":"2023-08-24T12:00:36","date_gmt":"2023-08-24T10:00:36","guid":{"rendered":"https:\/\/www.dmd.eu\/product\/sin%20categor\u00eda\/eagle\/"},"modified":"2025-12-03T01:58:02","modified_gmt":"2025-12-03T00:58:02","slug":"eagle","status":"publish","type":"product","link":"https:\/\/dmd.eu\/es\/prodotto\/ventas\/cascos-sale\/eagle\/","title":{"rendered":"EAGLE"},"content":{"rendered":"<p>El <strong>casco jet Vintage Eagle<\/strong> se presenta con una base negra mate enriquecida con un gr\u00e1fico muy especial que rinde homenaje a la pel\u00edcula Easy Rider.<br \/>\nEl casco tiene l\u00edneas que se adaptan a cualquier tipo de moto Custom, Vintage, Caf\u00e9 racer, Harley Davidson, Triumph, BMW, Honda, Guzzi o Indian.<\/p>\n<p>*Modelo homologado ECE 22.05, conforme a la normativa vial, que te permite seguir utiliz\u00e1ndolo de forma segura y sin preocupaciones.<\/p>\n","protected":false},"excerpt":{"rendered":"<p>El casco jet Vintage Eagle se presenta con una base negra mate enriquecida con un gr\u00e1fico muy especial que rinde homenaje a la pel\u00edcula Easy Rider. El casco tiene l\u00edneas que se adaptan a cualquier tipo de moto Custom, Vintage, Caf\u00e9 racer, Harley Davidson, Triumph, BMW, Honda, Guzzi o Indian. *Modelo homologado ECE 22.05, conforme [&hellip;]<\/p>\n","protected":false},"featured_media":5465,"comment_status":"closed","ping_status":"closed","template":"","meta":{"_acf_changed":false},"product_brand":[],"product_cat":[423,410],"product_tag":[],"giftcard-category":[],"class_list":{"0":"post-6713","1":"product","2":"type-product","3":"status-publish","4":"has-post-thumbnail","6":"product_cat-cascos-sale","7":"product_cat-ventas","9":"first","10":"outofstock","11":"sale","12":"taxable","13":"shipping-taxable","14":"purchasable","15":"product-type-variable"},"acf":[],"jetpack_sharing_enabled":true,"_links":{"self":[{"href":"https:\/\/dmd.eu\/es\/wp-json\/wp\/v2\/product\/6713","targetHints":{"allow":["GET"]}}],"collection":[{"href":"https:\/\/dmd.eu\/es\/wp-json\/wp\/v2\/product"}],"about":[{"href":"https:\/\/dmd.eu\/es\/wp-json\/wp\/v2\/types\/product"}],"replies":[{"embeddable":true,"href":"https:\/\/dmd.eu\/es\/wp-json\/wp\/v2\/comments?post=6713"}],"wp:featuredmedia":[{"embeddable":true,"href":"https:\/\/dmd.eu\/es\/wp-json\/wp\/v2\/media\/5465"}],"wp:attachment":[{"href":"https:\/\/dmd.eu\/es\/wp-json\/wp\/v2\/media?parent=6713"}],"wp:term":[{"taxonomy":"product_brand","embeddable":true,"href":"https:\/\/dmd.eu\/es\/wp-json\/wp\/v2\/product_brand?post=6713"},{"taxonomy":"product_cat","embeddable":true,"href":"https:\/\/dmd.eu\/es\/wp-json\/wp\/v2\/product_cat?post=6713"},{"taxonomy":"product_tag","embeddable":true,"href":"https:\/\/dmd.eu\/es\/wp-json\/wp\/v2\/product_tag?post=6713"},{"taxonomy":"giftcard-category","embeddable":true,"href":"https:\/\/dmd.eu\/es\/wp-json\/wp\/v2\/giftcard-category?post=6713"}],"curies":[{"name":"wp","href":"https:\/\/api.w.org\/{rel}","templated":true}]}}