{"id":6643,"date":"2023-08-24T12:00:37","date_gmt":"2023-08-24T10:00:37","guid":{"rendered":"https:\/\/www.dmd.eu\/product\/sin%20categor\u00eda\/cream\/"},"modified":"2025-12-02T00:14:37","modified_gmt":"2025-12-01T23:14:37","slug":"cream","status":"publish","type":"product","link":"https:\/\/dmd.eu\/es\/prodotto\/ventas\/cascos-sale\/cream\/","title":{"rendered":"CREAM"},"content":{"rendered":"<p>El <strong>casco jet Vintage Cream<\/strong> forma parte de la colecci\u00f3n de cascos DMD jet Vintage. Su color crema le confiere un car\u00e1cter elegante y atemporal, haci\u00e9ndolo apto para cualquier estilo de moto y piloto. Perfecto para motocicletas Custom, Vintage, Caf\u00e9 Racer o scooters, el casco jet Vintage Cream enriquecer\u00e1 tu outfit.<\/p>\n<p>*Modelo homologado ECE 22.05, conforme a la normativa vial, que te permite seguir utiliz\u00e1ndolo de forma segura y sin preocupaciones.<\/p>\n","protected":false},"excerpt":{"rendered":"<p>El casco jet Vintage Cream forma parte de la colecci\u00f3n de cascos DMD jet Vintage. Su color crema le confiere un car\u00e1cter elegante y atemporal, haci\u00e9ndolo apto para cualquier estilo de moto y piloto. Perfecto para motocicletas Custom, Vintage, Caf\u00e9 Racer o scooters, el casco jet Vintage Cream enriquecer\u00e1 tu outfit. *Modelo homologado ECE 22.05, [&hellip;]<\/p>\n","protected":false},"featured_media":5410,"comment_status":"closed","ping_status":"closed","template":"","meta":{"_acf_changed":false},"product_brand":[],"product_cat":[423,410],"product_tag":[],"giftcard-category":[],"class_list":{"0":"post-6643","1":"product","2":"type-product","3":"status-publish","4":"has-post-thumbnail","6":"product_cat-cascos-sale","7":"product_cat-ventas","9":"first","10":"instock","11":"sale","12":"taxable","13":"shipping-taxable","14":"purchasable","15":"product-type-variable"},"acf":[],"jetpack_sharing_enabled":true,"_links":{"self":[{"href":"https:\/\/dmd.eu\/es\/wp-json\/wp\/v2\/product\/6643","targetHints":{"allow":["GET"]}}],"collection":[{"href":"https:\/\/dmd.eu\/es\/wp-json\/wp\/v2\/product"}],"about":[{"href":"https:\/\/dmd.eu\/es\/wp-json\/wp\/v2\/types\/product"}],"replies":[{"embeddable":true,"href":"https:\/\/dmd.eu\/es\/wp-json\/wp\/v2\/comments?post=6643"}],"wp:featuredmedia":[{"embeddable":true,"href":"https:\/\/dmd.eu\/es\/wp-json\/wp\/v2\/media\/5410"}],"wp:attachment":[{"href":"https:\/\/dmd.eu\/es\/wp-json\/wp\/v2\/media?parent=6643"}],"wp:term":[{"taxonomy":"product_brand","embeddable":true,"href":"https:\/\/dmd.eu\/es\/wp-json\/wp\/v2\/product_brand?post=6643"},{"taxonomy":"product_cat","embeddable":true,"href":"https:\/\/dmd.eu\/es\/wp-json\/wp\/v2\/product_cat?post=6643"},{"taxonomy":"product_tag","embeddable":true,"href":"https:\/\/dmd.eu\/es\/wp-json\/wp\/v2\/product_tag?post=6643"},{"taxonomy":"giftcard-category","embeddable":true,"href":"https:\/\/dmd.eu\/es\/wp-json\/wp\/v2\/giftcard-category?post=6643"}],"curies":[{"name":"wp","href":"https:\/\/api.w.org\/{rel}","templated":true}]}}