{"id":6538,"date":"2023-08-24T12:00:30","date_gmt":"2023-08-24T10:00:30","guid":{"rendered":"https:\/\/www.dmd.eu\/product\/sin%20categor\u00eda\/matt-black\/"},"modified":"2025-12-02T00:14:40","modified_gmt":"2025-12-01T23:14:40","slug":"matt-black","status":"publish","type":"product","link":"https:\/\/dmd.eu\/es\/prodotto\/ventas\/cascos-sale\/matt-black\/","title":{"rendered":"MATT BLACK"},"content":{"rendered":"<p>El <strong>casco jet Vintage Matt Black<\/strong> es muy sencillo y elegante gracias a su color negro mate, un color imprescindible en los \u00faltimos a\u00f1os.<br \/>\nCompacto, seguro y c\u00f3modo, se adapta a cualquier tipo de moto, ya sea Custom, Caf\u00e9 Racer o Vintage.<\/p>\n<p>*Modelo homologado ECE 22.05, conforme a la normativa vial, que te permite seguir utiliz\u00e1ndolo de forma segura y sin preocupaciones.<\/p>\n","protected":false},"excerpt":{"rendered":"<p>El casco jet Vintage Matt Black es muy sencillo y elegante gracias a su color negro mate, un color imprescindible en los \u00faltimos a\u00f1os. Compacto, seguro y c\u00f3modo, se adapta a cualquier tipo de moto, ya sea Custom, Caf\u00e9 Racer o Vintage. *Modelo homologado ECE 22.05, conforme a la normativa vial, que te permite seguir [&hellip;]<\/p>\n","protected":false},"featured_media":5735,"comment_status":"closed","ping_status":"closed","template":"","meta":{"_acf_changed":false},"product_brand":[],"product_cat":[423,410],"product_tag":[],"giftcard-category":[],"class_list":{"0":"post-6538","1":"product","2":"type-product","3":"status-publish","4":"has-post-thumbnail","6":"product_cat-cascos-sale","7":"product_cat-ventas","9":"first","10":"instock","11":"sale","12":"taxable","13":"shipping-taxable","14":"purchasable","15":"product-type-variable"},"acf":[],"jetpack_sharing_enabled":true,"_links":{"self":[{"href":"https:\/\/dmd.eu\/es\/wp-json\/wp\/v2\/product\/6538","targetHints":{"allow":["GET"]}}],"collection":[{"href":"https:\/\/dmd.eu\/es\/wp-json\/wp\/v2\/product"}],"about":[{"href":"https:\/\/dmd.eu\/es\/wp-json\/wp\/v2\/types\/product"}],"replies":[{"embeddable":true,"href":"https:\/\/dmd.eu\/es\/wp-json\/wp\/v2\/comments?post=6538"}],"wp:featuredmedia":[{"embeddable":true,"href":"https:\/\/dmd.eu\/es\/wp-json\/wp\/v2\/media\/5735"}],"wp:attachment":[{"href":"https:\/\/dmd.eu\/es\/wp-json\/wp\/v2\/media?parent=6538"}],"wp:term":[{"taxonomy":"product_brand","embeddable":true,"href":"https:\/\/dmd.eu\/es\/wp-json\/wp\/v2\/product_brand?post=6538"},{"taxonomy":"product_cat","embeddable":true,"href":"https:\/\/dmd.eu\/es\/wp-json\/wp\/v2\/product_cat?post=6538"},{"taxonomy":"product_tag","embeddable":true,"href":"https:\/\/dmd.eu\/es\/wp-json\/wp\/v2\/product_tag?post=6538"},{"taxonomy":"giftcard-category","embeddable":true,"href":"https:\/\/dmd.eu\/es\/wp-json\/wp\/v2\/giftcard-category?post=6538"}],"curies":[{"name":"wp","href":"https:\/\/api.w.org\/{rel}","templated":true}]}}