{"id":6517,"date":"2023-08-24T12:00:32","date_gmt":"2023-08-24T10:00:32","guid":{"rendered":"https:\/\/www.dmd.eu\/product\/sin%20categor\u00eda\/glitter-black\/"},"modified":"2025-12-03T01:58:03","modified_gmt":"2025-12-03T00:58:03","slug":"glitter-black","status":"publish","type":"product","link":"https:\/\/dmd.eu\/es\/prodotto\/ventas\/cascos-sale\/glitter-black\/","title":{"rendered":"GLITTER BLACK"},"content":{"rendered":"<p>El <strong>casco jet Vintage Glitter Black <\/strong>ilumina tu conducci\u00f3n en moto a\u00f1adiendo un toque brillante a tu car\u00e1cter motero.<br \/>\nSeguro, c\u00f3modo y de tama\u00f1o compacto, se adapta a todo tipo de motos: Custom, Vintage o Caf\u00e9 Racer.<\/p>\n<p>*Modelo homologado ECE 22.05, conforme a la normativa vial, que te permite seguir utiliz\u00e1ndolo de forma segura y sin preocupaciones.<\/p>\n","protected":false},"excerpt":{"rendered":"<p>El casco jet Vintage Glitter Black ilumina tu conducci\u00f3n en moto a\u00f1adiendo un toque brillante a tu car\u00e1cter motero. Seguro, c\u00f3modo y de tama\u00f1o compacto, se adapta a todo tipo de motos: Custom, Vintage o Caf\u00e9 Racer. *Modelo homologado ECE 22.05, conforme a la normativa vial, que te permite seguir utiliz\u00e1ndolo de forma segura y [&hellip;]<\/p>\n","protected":false},"featured_media":5525,"comment_status":"closed","ping_status":"closed","template":"","meta":{"_acf_changed":false},"product_brand":[],"product_cat":[423,410],"product_tag":[],"giftcard-category":[],"class_list":{"0":"post-6517","1":"product","2":"type-product","3":"status-publish","4":"has-post-thumbnail","6":"product_cat-cascos-sale","7":"product_cat-ventas","9":"first","10":"instock","11":"sale","12":"taxable","13":"shipping-taxable","14":"purchasable","15":"product-type-variable"},"acf":[],"jetpack_sharing_enabled":true,"_links":{"self":[{"href":"https:\/\/dmd.eu\/es\/wp-json\/wp\/v2\/product\/6517","targetHints":{"allow":["GET"]}}],"collection":[{"href":"https:\/\/dmd.eu\/es\/wp-json\/wp\/v2\/product"}],"about":[{"href":"https:\/\/dmd.eu\/es\/wp-json\/wp\/v2\/types\/product"}],"replies":[{"embeddable":true,"href":"https:\/\/dmd.eu\/es\/wp-json\/wp\/v2\/comments?post=6517"}],"wp:featuredmedia":[{"embeddable":true,"href":"https:\/\/dmd.eu\/es\/wp-json\/wp\/v2\/media\/5525"}],"wp:attachment":[{"href":"https:\/\/dmd.eu\/es\/wp-json\/wp\/v2\/media?parent=6517"}],"wp:term":[{"taxonomy":"product_brand","embeddable":true,"href":"https:\/\/dmd.eu\/es\/wp-json\/wp\/v2\/product_brand?post=6517"},{"taxonomy":"product_cat","embeddable":true,"href":"https:\/\/dmd.eu\/es\/wp-json\/wp\/v2\/product_cat?post=6517"},{"taxonomy":"product_tag","embeddable":true,"href":"https:\/\/dmd.eu\/es\/wp-json\/wp\/v2\/product_tag?post=6517"},{"taxonomy":"giftcard-category","embeddable":true,"href":"https:\/\/dmd.eu\/es\/wp-json\/wp\/v2\/giftcard-category?post=6517"}],"curies":[{"name":"wp","href":"https:\/\/api.w.org\/{rel}","templated":true}]}}