{"id":6482,"date":"2023-08-24T12:00:35","date_gmt":"2023-08-24T10:00:35","guid":{"rendered":"https:\/\/www.dmd.eu\/product\/sin%20categor\u00eda\/olympus\/"},"modified":"2025-12-03T01:58:03","modified_gmt":"2025-12-03T00:58:03","slug":"olympus","status":"publish","type":"product","link":"https:\/\/dmd.eu\/es\/prodotto\/ventas\/cascos-sale\/olympus\/","title":{"rendered":"OLYMPUS"},"content":{"rendered":"<p>El <strong>casco jet Vintage Olympus<\/strong>, de color blanco brillante con un sencillo motivo decorativo en tonos azules, es el producto ideal para el motorista amante del estilo de los a\u00f1os 70, pero tambi\u00e9n para el motorista que busca un casco c\u00f3modo, peque\u00f1o, seguro y original.<\/p>\n<p>*Modelo homologado ECE 22.05, conforme a la normativa vial, que te permite seguir utiliz\u00e1ndolo de forma segura y sin preocupaciones.<\/p>\n","protected":false},"excerpt":{"rendered":"<p>El casco jet Vintage Olympus, de color blanco brillante con un sencillo motivo decorativo en tonos azules, es el producto ideal para el motorista amante del estilo de los a\u00f1os 70, pero tambi\u00e9n para el motorista que busca un casco c\u00f3modo, peque\u00f1o, seguro y original. *Modelo homologado ECE 22.05, conforme a la normativa vial, que [&hellip;]<\/p>\n","protected":false},"featured_media":5835,"comment_status":"closed","ping_status":"closed","template":"","meta":{"_acf_changed":false},"product_brand":[],"product_cat":[423,410],"product_tag":[],"giftcard-category":[],"class_list":{"0":"post-6482","1":"product","2":"type-product","3":"status-publish","4":"has-post-thumbnail","6":"product_cat-cascos-sale","7":"product_cat-ventas","9":"first","10":"instock","11":"sale","12":"taxable","13":"shipping-taxable","14":"purchasable","15":"product-type-variable"},"acf":[],"jetpack_sharing_enabled":true,"_links":{"self":[{"href":"https:\/\/dmd.eu\/es\/wp-json\/wp\/v2\/product\/6482","targetHints":{"allow":["GET"]}}],"collection":[{"href":"https:\/\/dmd.eu\/es\/wp-json\/wp\/v2\/product"}],"about":[{"href":"https:\/\/dmd.eu\/es\/wp-json\/wp\/v2\/types\/product"}],"replies":[{"embeddable":true,"href":"https:\/\/dmd.eu\/es\/wp-json\/wp\/v2\/comments?post=6482"}],"wp:featuredmedia":[{"embeddable":true,"href":"https:\/\/dmd.eu\/es\/wp-json\/wp\/v2\/media\/5835"}],"wp:attachment":[{"href":"https:\/\/dmd.eu\/es\/wp-json\/wp\/v2\/media?parent=6482"}],"wp:term":[{"taxonomy":"product_brand","embeddable":true,"href":"https:\/\/dmd.eu\/es\/wp-json\/wp\/v2\/product_brand?post=6482"},{"taxonomy":"product_cat","embeddable":true,"href":"https:\/\/dmd.eu\/es\/wp-json\/wp\/v2\/product_cat?post=6482"},{"taxonomy":"product_tag","embeddable":true,"href":"https:\/\/dmd.eu\/es\/wp-json\/wp\/v2\/product_tag?post=6482"},{"taxonomy":"giftcard-category","embeddable":true,"href":"https:\/\/dmd.eu\/es\/wp-json\/wp\/v2\/giftcard-category?post=6482"}],"curies":[{"name":"wp","href":"https:\/\/api.w.org\/{rel}","templated":true}]}}