{"id":57535,"date":"2026-05-15T11:21:43","date_gmt":"2026-05-15T09:21:43","guid":{"rendered":"https:\/\/dmd.eu\/?post_type=product&#038;p=57535"},"modified":"2026-05-15T12:04:07","modified_gmt":"2026-05-15T10:04:07","slug":"rivale-visor-transparente-ece-22-06","status":"publish","type":"product","link":"https:\/\/dmd.eu\/es\/prodotto\/cascos-integrales\/accessorios-integrales\/rivale-visor-transparente-ece-22-06\/","title":{"rendered":"RIVALE VISOR TRANSPARENTE &#8211; ECE 22.06"},"content":{"rendered":"<p>El accesorio <strong>Rivale Visor<\/strong> est\u00e1 dise\u00f1ado para los cascos integrales DMD, m\u00e1s precisamente para la l\u00ednea Rivale. Es una visera fabricada para la protecci\u00f3n del rostro y los ojos con cierre Pinlock.<br \/>\nDisponible en los colores Transparente, Ahumada y Espejada Dorada (ambas categor\u00eda 3).<\/p>\n<p>Esta visera solo es compatible con los modelos Rivale que cuentan con la homologaci\u00f3n ECE 22.06.<\/p>\n","protected":false},"excerpt":{"rendered":"<p>El accesorio Rivale Visor est\u00e1 dise\u00f1ado para los cascos integrales DMD, m\u00e1s precisamente para la l\u00ednea Rivale. Es una visera fabricada para la protecci\u00f3n del rostro y los ojos con cierre Pinlock. Disponible en los colores Transparente, Ahumada y Espejada Dorada (ambas categor\u00eda 3). Esta visera solo es compatible con los modelos Rivale que cuentan [&hellip;]<\/p>\n","protected":false},"featured_media":56622,"comment_status":"closed","ping_status":"closed","template":"","meta":{"_acf_changed":false},"product_brand":[],"product_cat":[364,461],"product_tag":[],"giftcard-category":[],"class_list":{"0":"post-57535","1":"product","2":"type-product","3":"status-publish","4":"has-post-thumbnail","6":"product_cat-accessorios-integrales","7":"product_cat-cascos-integrales","9":"first","10":"instock","11":"taxable","12":"shipping-taxable","13":"purchasable","14":"product-type-simple"},"acf":[],"jetpack_sharing_enabled":true,"_links":{"self":[{"href":"https:\/\/dmd.eu\/es\/wp-json\/wp\/v2\/product\/57535","targetHints":{"allow":["GET"]}}],"collection":[{"href":"https:\/\/dmd.eu\/es\/wp-json\/wp\/v2\/product"}],"about":[{"href":"https:\/\/dmd.eu\/es\/wp-json\/wp\/v2\/types\/product"}],"replies":[{"embeddable":true,"href":"https:\/\/dmd.eu\/es\/wp-json\/wp\/v2\/comments?post=57535"}],"wp:featuredmedia":[{"embeddable":true,"href":"https:\/\/dmd.eu\/es\/wp-json\/wp\/v2\/media\/56622"}],"wp:attachment":[{"href":"https:\/\/dmd.eu\/es\/wp-json\/wp\/v2\/media?parent=57535"}],"wp:term":[{"taxonomy":"product_brand","embeddable":true,"href":"https:\/\/dmd.eu\/es\/wp-json\/wp\/v2\/product_brand?post=57535"},{"taxonomy":"product_cat","embeddable":true,"href":"https:\/\/dmd.eu\/es\/wp-json\/wp\/v2\/product_cat?post=57535"},{"taxonomy":"product_tag","embeddable":true,"href":"https:\/\/dmd.eu\/es\/wp-json\/wp\/v2\/product_tag?post=57535"},{"taxonomy":"giftcard-category","embeddable":true,"href":"https:\/\/dmd.eu\/es\/wp-json\/wp\/v2\/giftcard-category?post=57535"}],"curies":[{"name":"wp","href":"https:\/\/api.w.org\/{rel}","templated":true}]}}