{"id":56186,"date":"2026-04-13T10:49:21","date_gmt":"2026-04-13T08:49:21","guid":{"rendered":"https:\/\/dmd.eu\/?post_type=product&#038;p=56186"},"modified":"2026-04-17T17:01:03","modified_gmt":"2026-04-17T15:01:03","slug":"cielo","status":"publish","type":"product","link":"https:\/\/dmd.eu\/es\/prodotto\/sesiaeco-x-dmd\/cielo\/","title":{"rendered":"CIELO"},"content":{"rendered":"<p>El <strong>casco jet Cielo<\/strong> forma parte de la colecci\u00f3n Sesia&amp;Co. x DMD. La calota es monocolor, realizada en tono cielo: una elecci\u00f3n que aporta al casco un look fresco y luminoso, perfecto para un estilo esencial y contempor\u00e1neo.<\/p>\n","protected":false},"excerpt":{"rendered":"<p>El casco jet Cielo forma parte de la colecci\u00f3n Sesia&amp;Co. x DMD. La calota es monocolor, realizada en tono cielo: una elecci\u00f3n que aporta al casco un look fresco y luminoso, perfecto para un estilo esencial y contempor\u00e1neo.<\/p>\n","protected":false},"featured_media":56238,"comment_status":"closed","ping_status":"closed","template":"","meta":{"_acf_changed":false},"product_brand":[],"product_cat":[4787],"product_tag":[],"giftcard-category":[],"class_list":{"0":"post-56186","1":"product","2":"type-product","3":"status-publish","4":"has-post-thumbnail","6":"product_cat-sesiaeco-x-dmd","8":"first","9":"instock","10":"taxable","11":"shipping-taxable","12":"purchasable","13":"product-type-variable"},"acf":[],"jetpack_sharing_enabled":true,"_links":{"self":[{"href":"https:\/\/dmd.eu\/es\/wp-json\/wp\/v2\/product\/56186","targetHints":{"allow":["GET"]}}],"collection":[{"href":"https:\/\/dmd.eu\/es\/wp-json\/wp\/v2\/product"}],"about":[{"href":"https:\/\/dmd.eu\/es\/wp-json\/wp\/v2\/types\/product"}],"replies":[{"embeddable":true,"href":"https:\/\/dmd.eu\/es\/wp-json\/wp\/v2\/comments?post=56186"}],"wp:featuredmedia":[{"embeddable":true,"href":"https:\/\/dmd.eu\/es\/wp-json\/wp\/v2\/media\/56238"}],"wp:attachment":[{"href":"https:\/\/dmd.eu\/es\/wp-json\/wp\/v2\/media?parent=56186"}],"wp:term":[{"taxonomy":"product_brand","embeddable":true,"href":"https:\/\/dmd.eu\/es\/wp-json\/wp\/v2\/product_brand?post=56186"},{"taxonomy":"product_cat","embeddable":true,"href":"https:\/\/dmd.eu\/es\/wp-json\/wp\/v2\/product_cat?post=56186"},{"taxonomy":"product_tag","embeddable":true,"href":"https:\/\/dmd.eu\/es\/wp-json\/wp\/v2\/product_tag?post=56186"},{"taxonomy":"giftcard-category","embeddable":true,"href":"https:\/\/dmd.eu\/es\/wp-json\/wp\/v2\/giftcard-category?post=56186"}],"curies":[{"name":"wp","href":"https:\/\/api.w.org\/{rel}","templated":true}]}}