{"id":55849,"date":"2026-04-10T10:14:01","date_gmt":"2026-04-10T08:14:01","guid":{"rendered":"https:\/\/dmd.eu\/?post_type=product&#038;p=55849"},"modified":"2026-04-17T16:59:59","modified_gmt":"2026-04-17T14:59:59","slug":"zafferano","status":"publish","type":"product","link":"https:\/\/dmd.eu\/es\/prodotto\/sesiaeco-x-dmd\/zafferano\/","title":{"rendered":"ZAFFERANO"},"content":{"rendered":"<p>El <strong>casco jet Zafferano<\/strong> forma parte de la colecci\u00f3n Sesia&amp;Co. x DMD. La calota es monocolor, realizada en un vibrante tono azafr\u00e1n: una elecci\u00f3n que aporta al casco un look decidido, luminoso y distintivo, perfecto para quienes aman destacar con estilo.<\/p>\n","protected":false},"excerpt":{"rendered":"<p>El casco jet Zafferano forma parte de la colecci\u00f3n Sesia&amp;Co. x DMD. La calota es monocolor, realizada en un vibrante tono azafr\u00e1n: una elecci\u00f3n que aporta al casco un look decidido, luminoso y distintivo, perfecto para quienes aman destacar con estilo.<\/p>\n","protected":false},"featured_media":55995,"comment_status":"closed","ping_status":"closed","template":"","meta":{"_acf_changed":false},"product_brand":[],"product_cat":[4787],"product_tag":[],"giftcard-category":[],"class_list":{"0":"post-55849","1":"product","2":"type-product","3":"status-publish","4":"has-post-thumbnail","6":"product_cat-sesiaeco-x-dmd","8":"first","9":"instock","10":"taxable","11":"shipping-taxable","12":"purchasable","13":"product-type-variable"},"acf":[],"jetpack_sharing_enabled":true,"_links":{"self":[{"href":"https:\/\/dmd.eu\/es\/wp-json\/wp\/v2\/product\/55849","targetHints":{"allow":["GET"]}}],"collection":[{"href":"https:\/\/dmd.eu\/es\/wp-json\/wp\/v2\/product"}],"about":[{"href":"https:\/\/dmd.eu\/es\/wp-json\/wp\/v2\/types\/product"}],"replies":[{"embeddable":true,"href":"https:\/\/dmd.eu\/es\/wp-json\/wp\/v2\/comments?post=55849"}],"wp:featuredmedia":[{"embeddable":true,"href":"https:\/\/dmd.eu\/es\/wp-json\/wp\/v2\/media\/55995"}],"wp:attachment":[{"href":"https:\/\/dmd.eu\/es\/wp-json\/wp\/v2\/media?parent=55849"}],"wp:term":[{"taxonomy":"product_brand","embeddable":true,"href":"https:\/\/dmd.eu\/es\/wp-json\/wp\/v2\/product_brand?post=55849"},{"taxonomy":"product_cat","embeddable":true,"href":"https:\/\/dmd.eu\/es\/wp-json\/wp\/v2\/product_cat?post=55849"},{"taxonomy":"product_tag","embeddable":true,"href":"https:\/\/dmd.eu\/es\/wp-json\/wp\/v2\/product_tag?post=55849"},{"taxonomy":"giftcard-category","embeddable":true,"href":"https:\/\/dmd.eu\/es\/wp-json\/wp\/v2\/giftcard-category?post=55849"}],"curies":[{"name":"wp","href":"https:\/\/api.w.org\/{rel}","templated":true}]}}