{"id":54049,"date":"2026-01-14T10:50:22","date_gmt":"2026-01-14T09:50:22","guid":{"rendered":"https:\/\/dmd.eu\/?post_type=product&#038;p=54049"},"modified":"2026-02-23T10:57:37","modified_gmt":"2026-02-23T09:57:37","slug":"parallel","status":"publish","type":"product","link":"https:\/\/dmd.eu\/es\/prodotto\/cascos-handmade\/parallel\/","title":{"rendered":"PARALLEL"},"content":{"rendered":"<p>El <strong>casco integral Handmade Parallel<\/strong> es un modelo distintivo de la colecci\u00f3n Handmade, completamente pintado a mano para garantizar una gr\u00e1fica \u00fanica junto con un cuidado artesanal sin compromisos. Caracterizado por un dise\u00f1o geom\u00e9trico din\u00e1mico, destaca por el contraste entre la base azul intensa y los detalles crema dispuestos en patrones irregulares, creando un efecto moderno y original que capta la mirada. Cada pieza es diferente gracias al trabajo manual que convierte cada casco en exclusivo. Con un dise\u00f1o compacto y estilo contempor\u00e1neo, Parallel est\u00e1 pensado para quienes desean destacar con un estilo decidido sin renunciar al confort y la protecci\u00f3n t\u00edpicos de un casco integral.<br \/>\nFabricado con pintura mate.<br \/>\nFabricado en Italia, con pasi\u00f3n.<\/p>\n","protected":false},"excerpt":{"rendered":"<p>El casco integral Handmade Parallel es un modelo distintivo de la colecci\u00f3n Handmade, completamente pintado a mano para garantizar una gr\u00e1fica \u00fanica junto con un cuidado artesanal sin compromisos. Caracterizado por un dise\u00f1o geom\u00e9trico din\u00e1mico, destaca por el contraste entre la base azul intensa y los detalles crema dispuestos en patrones irregulares, creando un efecto [&hellip;]<\/p>\n","protected":false},"featured_media":54086,"comment_status":"closed","ping_status":"closed","template":"","meta":{"_acf_changed":false},"product_brand":[],"product_cat":[108],"product_tag":[],"giftcard-category":[],"class_list":{"0":"post-54049","1":"product","2":"type-product","3":"status-publish","4":"has-post-thumbnail","6":"product_cat-cascos-handmade","8":"first","9":"instock","10":"taxable","11":"shipping-taxable","12":"purchasable","13":"product-type-variable"},"acf":[],"jetpack_sharing_enabled":true,"_links":{"self":[{"href":"https:\/\/dmd.eu\/es\/wp-json\/wp\/v2\/product\/54049","targetHints":{"allow":["GET"]}}],"collection":[{"href":"https:\/\/dmd.eu\/es\/wp-json\/wp\/v2\/product"}],"about":[{"href":"https:\/\/dmd.eu\/es\/wp-json\/wp\/v2\/types\/product"}],"replies":[{"embeddable":true,"href":"https:\/\/dmd.eu\/es\/wp-json\/wp\/v2\/comments?post=54049"}],"wp:featuredmedia":[{"embeddable":true,"href":"https:\/\/dmd.eu\/es\/wp-json\/wp\/v2\/media\/54086"}],"wp:attachment":[{"href":"https:\/\/dmd.eu\/es\/wp-json\/wp\/v2\/media?parent=54049"}],"wp:term":[{"taxonomy":"product_brand","embeddable":true,"href":"https:\/\/dmd.eu\/es\/wp-json\/wp\/v2\/product_brand?post=54049"},{"taxonomy":"product_cat","embeddable":true,"href":"https:\/\/dmd.eu\/es\/wp-json\/wp\/v2\/product_cat?post=54049"},{"taxonomy":"product_tag","embeddable":true,"href":"https:\/\/dmd.eu\/es\/wp-json\/wp\/v2\/product_tag?post=54049"},{"taxonomy":"giftcard-category","embeddable":true,"href":"https:\/\/dmd.eu\/es\/wp-json\/wp\/v2\/giftcard-category?post=54049"}],"curies":[{"name":"wp","href":"https:\/\/api.w.org\/{rel}","templated":true}]}}