{"id":53978,"date":"2026-01-14T10:39:37","date_gmt":"2026-01-14T09:39:37","guid":{"rendered":"https:\/\/dmd.eu\/?post_type=product&#038;p=53978"},"modified":"2026-02-23T10:56:47","modified_gmt":"2026-02-23T09:56:47","slug":"turtle","status":"publish","type":"product","link":"https:\/\/dmd.eu\/es\/prodotto\/cascos-handmade\/turtle\/","title":{"rendered":"TURTLE"},"content":{"rendered":"<p>El <strong>casco integral Handmade Turtle<\/strong> es un modelo exclusivo de la colecci\u00f3n Handmade, completamente fabricado y pintado a mano para ofrecer un producto \u00fanico con efecto \u201cenvejecido\u201d. Lo que lo hace inmediatamente reconocible es su pintura especial con efecto crackle, un acabado particular que crea una textura irregular y material que recuerda al caparaz\u00f3n de una tortuga. Un detalle artesanal que aporta profundidad y car\u00e1cter a la calota, haciendo que cada casco sea diferente.<br \/>\nDe estilo cl\u00e1sico y esp\u00edritu vintage, Turtle combina est\u00e9tica refinada y cuidado artesanal, manteniendo todas las cualidades de un casco integral dise\u00f1ado para garantizar confort, protecci\u00f3n y estilo sin compromisos.<br \/>\nFabricado con pintura Crackle.<br \/>\nFabricado en Italia, con pasi\u00f3n.<\/p>\n","protected":false},"excerpt":{"rendered":"<p>El casco integral Handmade Turtle es un modelo exclusivo de la colecci\u00f3n Handmade, completamente fabricado y pintado a mano para ofrecer un producto \u00fanico con efecto \u201cenvejecido\u201d. Lo que lo hace inmediatamente reconocible es su pintura especial con efecto crackle, un acabado particular que crea una textura irregular y material que recuerda al caparaz\u00f3n de [&hellip;]<\/p>\n","protected":false},"featured_media":54021,"comment_status":"closed","ping_status":"closed","template":"","meta":{"_acf_changed":false},"product_brand":[],"product_cat":[108],"product_tag":[],"giftcard-category":[],"class_list":{"0":"post-53978","1":"product","2":"type-product","3":"status-publish","4":"has-post-thumbnail","6":"product_cat-cascos-handmade","8":"first","9":"instock","10":"taxable","11":"shipping-taxable","12":"purchasable","13":"product-type-variable"},"acf":[],"jetpack_sharing_enabled":true,"_links":{"self":[{"href":"https:\/\/dmd.eu\/es\/wp-json\/wp\/v2\/product\/53978","targetHints":{"allow":["GET"]}}],"collection":[{"href":"https:\/\/dmd.eu\/es\/wp-json\/wp\/v2\/product"}],"about":[{"href":"https:\/\/dmd.eu\/es\/wp-json\/wp\/v2\/types\/product"}],"replies":[{"embeddable":true,"href":"https:\/\/dmd.eu\/es\/wp-json\/wp\/v2\/comments?post=53978"}],"wp:featuredmedia":[{"embeddable":true,"href":"https:\/\/dmd.eu\/es\/wp-json\/wp\/v2\/media\/54021"}],"wp:attachment":[{"href":"https:\/\/dmd.eu\/es\/wp-json\/wp\/v2\/media?parent=53978"}],"wp:term":[{"taxonomy":"product_brand","embeddable":true,"href":"https:\/\/dmd.eu\/es\/wp-json\/wp\/v2\/product_brand?post=53978"},{"taxonomy":"product_cat","embeddable":true,"href":"https:\/\/dmd.eu\/es\/wp-json\/wp\/v2\/product_cat?post=53978"},{"taxonomy":"product_tag","embeddable":true,"href":"https:\/\/dmd.eu\/es\/wp-json\/wp\/v2\/product_tag?post=53978"},{"taxonomy":"giftcard-category","embeddable":true,"href":"https:\/\/dmd.eu\/es\/wp-json\/wp\/v2\/giftcard-category?post=53978"}],"curies":[{"name":"wp","href":"https:\/\/api.w.org\/{rel}","templated":true}]}}