{"id":53355,"date":"2026-01-07T17:17:42","date_gmt":"2026-01-07T16:17:42","guid":{"rendered":"https:\/\/dmd.eu\/?post_type=product&#038;p=53355"},"modified":"2026-01-13T17:19:10","modified_gmt":"2026-01-13T16:19:10","slug":"p1-cream","status":"publish","type":"product","link":"https:\/\/dmd.eu\/es\/prodotto\/cascos-jet\/cascos-p1\/p1-cream\/","title":{"rendered":"P1 CREAM"},"content":{"rendered":"<p>El <strong>casco P1 Cream<\/strong> es un <strong>modelo demi-jet<\/strong> con calota compacta y acabado de pintura brillante. Su color crema s\u00f3lido lo hace distintivo y f\u00e1cil de combinar.<br \/>\nDise\u00f1ado para quienes buscan un casco c\u00f3modo y seguro, adecuado para uso urbano. Homologado seg\u00fan la normativa europea ECE 22.06.<\/p>\n","protected":false},"excerpt":{"rendered":"<p>El casco P1 Cream es un modelo demi-jet con calota compacta y acabado de pintura brillante. Su color crema s\u00f3lido lo hace distintivo y f\u00e1cil de combinar. Dise\u00f1ado para quienes buscan un casco c\u00f3modo y seguro, adecuado para uso urbano. Homologado seg\u00fan la normativa europea ECE 22.06.<\/p>\n","protected":false},"featured_media":53387,"comment_status":"closed","ping_status":"closed","template":"","meta":{"_acf_changed":false},"product_brand":[],"product_cat":[458,126],"product_tag":[],"giftcard-category":[],"class_list":{"0":"post-53355","1":"product","2":"type-product","3":"status-publish","4":"has-post-thumbnail","6":"product_cat-cascos-jet","7":"product_cat-cascos-p1","9":"first","10":"instock","11":"taxable","12":"shipping-taxable","13":"purchasable","14":"product-type-variable"},"acf":[],"jetpack_sharing_enabled":true,"_links":{"self":[{"href":"https:\/\/dmd.eu\/es\/wp-json\/wp\/v2\/product\/53355","targetHints":{"allow":["GET"]}}],"collection":[{"href":"https:\/\/dmd.eu\/es\/wp-json\/wp\/v2\/product"}],"about":[{"href":"https:\/\/dmd.eu\/es\/wp-json\/wp\/v2\/types\/product"}],"replies":[{"embeddable":true,"href":"https:\/\/dmd.eu\/es\/wp-json\/wp\/v2\/comments?post=53355"}],"wp:featuredmedia":[{"embeddable":true,"href":"https:\/\/dmd.eu\/es\/wp-json\/wp\/v2\/media\/53387"}],"wp:attachment":[{"href":"https:\/\/dmd.eu\/es\/wp-json\/wp\/v2\/media?parent=53355"}],"wp:term":[{"taxonomy":"product_brand","embeddable":true,"href":"https:\/\/dmd.eu\/es\/wp-json\/wp\/v2\/product_brand?post=53355"},{"taxonomy":"product_cat","embeddable":true,"href":"https:\/\/dmd.eu\/es\/wp-json\/wp\/v2\/product_cat?post=53355"},{"taxonomy":"product_tag","embeddable":true,"href":"https:\/\/dmd.eu\/es\/wp-json\/wp\/v2\/product_tag?post=53355"},{"taxonomy":"giftcard-category","embeddable":true,"href":"https:\/\/dmd.eu\/es\/wp-json\/wp\/v2\/giftcard-category?post=53355"}],"curies":[{"name":"wp","href":"https:\/\/api.w.org\/{rel}","templated":true}]}}