{"id":53007,"date":"2026-01-07T15:34:31","date_gmt":"2026-01-07T14:34:31","guid":{"rendered":"https:\/\/dmd.eu\/?post_type=product&#038;p=53007"},"modified":"2026-04-17T16:13:04","modified_gmt":"2026-04-17T14:13:04","slug":"rivale-red-eye","status":"publish","type":"product","link":"https:\/\/dmd.eu\/es\/prodotto\/cascos-integrales\/cascos-rivale-06\/rivale-red-eye\/","title":{"rendered":"RIVALE RED EYE"},"content":{"rendered":"<p>El <strong>casco integral Rivale Red Eye<\/strong> est\u00e1 pensado para quienes buscan un estilo agresivo y quieren destacar sobre dos ruedas.<br \/>\nCon un dise\u00f1o compacto y deportivo, este modelo se distingue por su intensa gr\u00e1fica roja que se desarrolla como una explosi\u00f3n de energ\u00eda sobre la base negra brillante, creando un contraste fuerte y din\u00e1mico.<br \/>\nDise\u00f1ado para ofrecer confort y protecci\u00f3n, garantiza un ajuste envolvente ideal incluso durante usos prolongados.<br \/>\nFabricado con pintura brillante.<br \/>\nFabricado en Italia, con pasi\u00f3n.<\/p>\n<p>&nbsp;<\/p>\n","protected":false},"excerpt":{"rendered":"<p>El casco integral Rivale Red Eye est\u00e1 pensado para quienes buscan un estilo agresivo y quieren destacar sobre dos ruedas. Con un dise\u00f1o compacto y deportivo, este modelo se distingue por su intensa gr\u00e1fica roja que se desarrolla como una explosi\u00f3n de energ\u00eda sobre la base negra brillante, creando un contraste fuerte y din\u00e1mico. Dise\u00f1ado [&hellip;]<\/p>\n","protected":false},"featured_media":55579,"comment_status":"closed","ping_status":"closed","template":"","meta":{"_acf_changed":false},"product_brand":[],"product_cat":[461,1290,4782],"product_tag":[],"giftcard-category":[],"class_list":{"0":"post-53007","1":"product","2":"type-product","3":"status-publish","4":"has-post-thumbnail","6":"product_cat-cascos-integrales","7":"product_cat-cascos-rivale-06","8":"product_cat-prepedido-vip","10":"first","11":"instock","12":"taxable","13":"shipping-taxable","14":"purchasable","15":"product-type-variable"},"acf":[],"jetpack_sharing_enabled":true,"_links":{"self":[{"href":"https:\/\/dmd.eu\/es\/wp-json\/wp\/v2\/product\/53007","targetHints":{"allow":["GET"]}}],"collection":[{"href":"https:\/\/dmd.eu\/es\/wp-json\/wp\/v2\/product"}],"about":[{"href":"https:\/\/dmd.eu\/es\/wp-json\/wp\/v2\/types\/product"}],"replies":[{"embeddable":true,"href":"https:\/\/dmd.eu\/es\/wp-json\/wp\/v2\/comments?post=53007"}],"wp:featuredmedia":[{"embeddable":true,"href":"https:\/\/dmd.eu\/es\/wp-json\/wp\/v2\/media\/55579"}],"wp:attachment":[{"href":"https:\/\/dmd.eu\/es\/wp-json\/wp\/v2\/media?parent=53007"}],"wp:term":[{"taxonomy":"product_brand","embeddable":true,"href":"https:\/\/dmd.eu\/es\/wp-json\/wp\/v2\/product_brand?post=53007"},{"taxonomy":"product_cat","embeddable":true,"href":"https:\/\/dmd.eu\/es\/wp-json\/wp\/v2\/product_cat?post=53007"},{"taxonomy":"product_tag","embeddable":true,"href":"https:\/\/dmd.eu\/es\/wp-json\/wp\/v2\/product_tag?post=53007"},{"taxonomy":"giftcard-category","embeddable":true,"href":"https:\/\/dmd.eu\/es\/wp-json\/wp\/v2\/giftcard-category?post=53007"}],"curies":[{"name":"wp","href":"https:\/\/api.w.org\/{rel}","templated":true}]}}