{"id":52517,"date":"2026-01-07T11:32:06","date_gmt":"2026-01-07T10:32:06","guid":{"rendered":"https:\/\/dmd.eu\/?post_type=product&#038;p=52517"},"modified":"2026-04-23T16:04:18","modified_gmt":"2026-04-23T14:04:18","slug":"amori","status":"publish","type":"product","link":"https:\/\/dmd.eu\/es\/prodotto\/cascos-jet\/cascos-retro\/amori\/","title":{"rendered":"AMORI"},"content":{"rendered":"<p>El <strong>casco jet Retro Amori<\/strong> forma parte de la colecci\u00f3n de cascos jet abiertos DMD. Realizado sobre una base crema, este modelo est\u00e1 adornado con una gr\u00e1fica exclusiva que incluye la frase \u201cMemento Amoris\u201d.<br \/>\nEl casco Amori es la elecci\u00f3n ideal para el motociclista amante de las gr\u00e1ficas, y tambi\u00e9n para el usuario de scooter que busca un casco c\u00f3modo, compacto, seguro y original.<br \/>\nLa pintura tiene un acabado brillante.<\/p>\n<p>&nbsp;<\/p>\n","protected":false},"excerpt":{"rendered":"<p>El casco jet Retro Amori forma parte de la colecci\u00f3n de cascos jet abiertos DMD. Realizado sobre una base crema, este modelo est\u00e1 adornado con una gr\u00e1fica exclusiva que incluye la frase \u201cMemento Amoris\u201d. El casco Amori es la elecci\u00f3n ideal para el motociclista amante de las gr\u00e1ficas, y tambi\u00e9n para el usuario de scooter [&hellip;]<\/p>\n","protected":false},"featured_media":52566,"comment_status":"closed","ping_status":"closed","template":"","meta":{"_acf_changed":false},"product_brand":[],"product_cat":[458,459],"product_tag":[],"giftcard-category":[],"class_list":{"0":"post-52517","1":"product","2":"type-product","3":"status-publish","4":"has-post-thumbnail","6":"product_cat-cascos-jet","7":"product_cat-cascos-retro","9":"first","10":"instock","11":"taxable","12":"shipping-taxable","13":"purchasable","14":"product-type-variable"},"acf":[],"jetpack_sharing_enabled":true,"_links":{"self":[{"href":"https:\/\/dmd.eu\/es\/wp-json\/wp\/v2\/product\/52517","targetHints":{"allow":["GET"]}}],"collection":[{"href":"https:\/\/dmd.eu\/es\/wp-json\/wp\/v2\/product"}],"about":[{"href":"https:\/\/dmd.eu\/es\/wp-json\/wp\/v2\/types\/product"}],"replies":[{"embeddable":true,"href":"https:\/\/dmd.eu\/es\/wp-json\/wp\/v2\/comments?post=52517"}],"wp:featuredmedia":[{"embeddable":true,"href":"https:\/\/dmd.eu\/es\/wp-json\/wp\/v2\/media\/52566"}],"wp:attachment":[{"href":"https:\/\/dmd.eu\/es\/wp-json\/wp\/v2\/media?parent=52517"}],"wp:term":[{"taxonomy":"product_brand","embeddable":true,"href":"https:\/\/dmd.eu\/es\/wp-json\/wp\/v2\/product_brand?post=52517"},{"taxonomy":"product_cat","embeddable":true,"href":"https:\/\/dmd.eu\/es\/wp-json\/wp\/v2\/product_cat?post=52517"},{"taxonomy":"product_tag","embeddable":true,"href":"https:\/\/dmd.eu\/es\/wp-json\/wp\/v2\/product_tag?post=52517"},{"taxonomy":"giftcard-category","embeddable":true,"href":"https:\/\/dmd.eu\/es\/wp-json\/wp\/v2\/giftcard-category?post=52517"}],"curies":[{"name":"wp","href":"https:\/\/api.w.org\/{rel}","templated":true}]}}