{"id":52431,"date":"2026-01-07T11:06:32","date_gmt":"2026-01-07T10:06:32","guid":{"rendered":"https:\/\/dmd.eu\/?post_type=product&#038;p=52431"},"modified":"2026-02-09T16:58:05","modified_gmt":"2026-02-09T15:58:05","slug":"triple","status":"publish","type":"product","link":"https:\/\/dmd.eu\/es\/prodotto\/cascos-jet\/cascos-retro\/triple\/","title":{"rendered":"TRIPLE"},"content":{"rendered":"<p>El <strong>casco jet Retro Triple<\/strong> tiene un estilo retro con una gr\u00e1fica sencilla pero impactante. El color crema brillante est\u00e1 rematado con dos l\u00edneas limpias. El ajuste es c\u00f3modo y cumple con todos los requisitos de seguridad modernos.<br \/>\nIdeal para quienes aman las l\u00edneas simples y un dise\u00f1o esencial.<br \/>\nLa pintura tiene un acabado brillante.<\/p>\n","protected":false},"excerpt":{"rendered":"<p>El casco jet Retro Triple tiene un estilo retro con una gr\u00e1fica sencilla pero impactante. El color crema brillante est\u00e1 rematado con dos l\u00edneas limpias. El ajuste es c\u00f3modo y cumple con todos los requisitos de seguridad modernos. Ideal para quienes aman las l\u00edneas simples y un dise\u00f1o esencial. La pintura tiene un acabado brillante.<\/p>\n","protected":false},"featured_media":52492,"comment_status":"closed","ping_status":"closed","template":"","meta":{"_acf_changed":false},"product_brand":[],"product_cat":[458,459],"product_tag":[],"giftcard-category":[],"class_list":{"0":"post-52431","1":"product","2":"type-product","3":"status-publish","4":"has-post-thumbnail","6":"product_cat-cascos-jet","7":"product_cat-cascos-retro","9":"first","10":"instock","11":"taxable","12":"shipping-taxable","13":"purchasable","14":"product-type-variable"},"acf":[],"jetpack_sharing_enabled":true,"_links":{"self":[{"href":"https:\/\/dmd.eu\/es\/wp-json\/wp\/v2\/product\/52431","targetHints":{"allow":["GET"]}}],"collection":[{"href":"https:\/\/dmd.eu\/es\/wp-json\/wp\/v2\/product"}],"about":[{"href":"https:\/\/dmd.eu\/es\/wp-json\/wp\/v2\/types\/product"}],"replies":[{"embeddable":true,"href":"https:\/\/dmd.eu\/es\/wp-json\/wp\/v2\/comments?post=52431"}],"wp:featuredmedia":[{"embeddable":true,"href":"https:\/\/dmd.eu\/es\/wp-json\/wp\/v2\/media\/52492"}],"wp:attachment":[{"href":"https:\/\/dmd.eu\/es\/wp-json\/wp\/v2\/media?parent=52431"}],"wp:term":[{"taxonomy":"product_brand","embeddable":true,"href":"https:\/\/dmd.eu\/es\/wp-json\/wp\/v2\/product_brand?post=52431"},{"taxonomy":"product_cat","embeddable":true,"href":"https:\/\/dmd.eu\/es\/wp-json\/wp\/v2\/product_cat?post=52431"},{"taxonomy":"product_tag","embeddable":true,"href":"https:\/\/dmd.eu\/es\/wp-json\/wp\/v2\/product_tag?post=52431"},{"taxonomy":"giftcard-category","embeddable":true,"href":"https:\/\/dmd.eu\/es\/wp-json\/wp\/v2\/giftcard-category?post=52431"}],"curies":[{"name":"wp","href":"https:\/\/api.w.org\/{rel}","templated":true}]}}