{"id":51127,"date":"2025-11-20T10:32:24","date_gmt":"2025-11-20T09:32:24","guid":{"rendered":"https:\/\/dmd.eu\/?post_type=product&#038;p=51127"},"modified":"2025-12-02T00:13:15","modified_gmt":"2025-12-01T23:13:15","slug":"rocket-matt-black","status":"publish","type":"product","link":"https:\/\/dmd.eu\/es\/prodotto\/ventas\/cascos-sale\/rocket-matt-black\/","title":{"rendered":"ROCKET MATT BLACK"},"content":{"rendered":"<p>El <strong>casco integral Matt Black<\/strong> est\u00e1 inspirado en un modelo ic\u00f3nico de los a\u00f1os 70. Es muy ligero, con un design vintage, ofrece la m\u00e1xima seguridad y confort, y gracias a su color negro mate neutro combina con cualquier tipo de moto.<br \/>\nEspecialmente indicado para un motorista amante del estilo Vintage, que busca un casco seguro, c\u00f3modo y est\u00e9ticamente bonito, tanto si conduce una moto Custom, Vintage o Caf\u00e9 Racer.<\/p>\n<p>*Modelo homologado ECE 22.05, conforme a la normativa vial, que te permite seguir utiliz\u00e1ndolo de forma segura y sin preocupaciones.<\/p>\n","protected":false},"excerpt":{"rendered":"<p>El casco integral Matt Black est\u00e1 inspirado en un modelo ic\u00f3nico de los a\u00f1os 70. Es muy ligero, con un design vintage, ofrece la m\u00e1xima seguridad y confort, y gracias a su color negro mate neutro combina con cualquier tipo de moto. Especialmente indicado para un motorista amante del estilo Vintage, que busca un casco [&hellip;]<\/p>\n","protected":false},"featured_media":51193,"comment_status":"closed","ping_status":"closed","template":"","meta":{"_acf_changed":false},"product_brand":[],"product_cat":[423,410],"product_tag":[],"giftcard-category":[],"class_list":{"0":"post-51127","1":"product","2":"type-product","3":"status-publish","4":"has-post-thumbnail","6":"product_cat-cascos-sale","7":"product_cat-ventas","9":"first","10":"instock","11":"sale","12":"taxable","13":"shipping-taxable","14":"purchasable","15":"product-type-variable"},"acf":[],"jetpack_sharing_enabled":true,"_links":{"self":[{"href":"https:\/\/dmd.eu\/es\/wp-json\/wp\/v2\/product\/51127","targetHints":{"allow":["GET"]}}],"collection":[{"href":"https:\/\/dmd.eu\/es\/wp-json\/wp\/v2\/product"}],"about":[{"href":"https:\/\/dmd.eu\/es\/wp-json\/wp\/v2\/types\/product"}],"replies":[{"embeddable":true,"href":"https:\/\/dmd.eu\/es\/wp-json\/wp\/v2\/comments?post=51127"}],"wp:featuredmedia":[{"embeddable":true,"href":"https:\/\/dmd.eu\/es\/wp-json\/wp\/v2\/media\/51193"}],"wp:attachment":[{"href":"https:\/\/dmd.eu\/es\/wp-json\/wp\/v2\/media?parent=51127"}],"wp:term":[{"taxonomy":"product_brand","embeddable":true,"href":"https:\/\/dmd.eu\/es\/wp-json\/wp\/v2\/product_brand?post=51127"},{"taxonomy":"product_cat","embeddable":true,"href":"https:\/\/dmd.eu\/es\/wp-json\/wp\/v2\/product_cat?post=51127"},{"taxonomy":"product_tag","embeddable":true,"href":"https:\/\/dmd.eu\/es\/wp-json\/wp\/v2\/product_tag?post=51127"},{"taxonomy":"giftcard-category","embeddable":true,"href":"https:\/\/dmd.eu\/es\/wp-json\/wp\/v2\/giftcard-category?post=51127"}],"curies":[{"name":"wp","href":"https:\/\/api.w.org\/{rel}","templated":true}]}}