{"id":50022,"date":"2025-10-23T16:50:57","date_gmt":"2025-10-23T14:50:57","guid":{"rendered":"https:\/\/dmd.eu\/?post_type=product&#038;p=50022"},"modified":"2026-02-03T17:37:08","modified_gmt":"2026-02-03T16:37:08","slug":"solo-rider-tabaco","status":"publish","type":"product","link":"https:\/\/dmd.eu\/es\/prodotto\/ropa-de-moto\/cazadoras\/solo-rider-tabaco\/","title":{"rendered":"SOLO RIDER TOBACCO"},"content":{"rendered":"<p><strong>Solo Rider \u2013 Chaqueta de moto vintage, protectora y homologada CE AA<\/strong><br \/>\nFabricada en algod\u00f3n encerado repelente al agua, la Solo Rider es la cl\u00e1sica chaqueta de motorista, dise\u00f1ada para cualquier viaje.<br \/>\nEl modelo est\u00e1 lleno de detalles, como los parches acolchados en los codos que recuerdan las chaquetas utilizadas en las carreras de motocicletas de los a\u00f1os 20.<\/p>\n<p>\ud83c\uddee\ud83c\uddf9 Hergestellt in Italien, mit Leidenschaft.<\/p>\n","protected":false},"excerpt":{"rendered":"<p>Solo Rider \u2013 Chaqueta de moto vintage, protectora y homologada CE AA Fabricada en algod\u00f3n encerado repelente al agua, la Solo Rider es la cl\u00e1sica chaqueta de motorista, dise\u00f1ada para cualquier viaje. El modelo est\u00e1 lleno de detalles, como los parches acolchados en los codos que recuerdan las chaquetas utilizadas en las carreras de motocicletas [&hellip;]<\/p>\n","protected":false},"featured_media":54420,"comment_status":"closed","ping_status":"closed","template":"","meta":{"_acf_changed":false},"product_brand":[],"product_cat":[369,265],"product_tag":[],"giftcard-category":[],"class_list":{"0":"post-50022","1":"product","2":"type-product","3":"status-publish","4":"has-post-thumbnail","6":"product_cat-cazadoras","7":"product_cat-ropa-de-moto","9":"first","10":"instock","11":"sale","12":"taxable","13":"shipping-taxable","14":"purchasable","15":"product-type-variable"},"acf":[],"jetpack_sharing_enabled":true,"_links":{"self":[{"href":"https:\/\/dmd.eu\/es\/wp-json\/wp\/v2\/product\/50022","targetHints":{"allow":["GET"]}}],"collection":[{"href":"https:\/\/dmd.eu\/es\/wp-json\/wp\/v2\/product"}],"about":[{"href":"https:\/\/dmd.eu\/es\/wp-json\/wp\/v2\/types\/product"}],"replies":[{"embeddable":true,"href":"https:\/\/dmd.eu\/es\/wp-json\/wp\/v2\/comments?post=50022"}],"wp:featuredmedia":[{"embeddable":true,"href":"https:\/\/dmd.eu\/es\/wp-json\/wp\/v2\/media\/54420"}],"wp:attachment":[{"href":"https:\/\/dmd.eu\/es\/wp-json\/wp\/v2\/media?parent=50022"}],"wp:term":[{"taxonomy":"product_brand","embeddable":true,"href":"https:\/\/dmd.eu\/es\/wp-json\/wp\/v2\/product_brand?post=50022"},{"taxonomy":"product_cat","embeddable":true,"href":"https:\/\/dmd.eu\/es\/wp-json\/wp\/v2\/product_cat?post=50022"},{"taxonomy":"product_tag","embeddable":true,"href":"https:\/\/dmd.eu\/es\/wp-json\/wp\/v2\/product_tag?post=50022"},{"taxonomy":"giftcard-category","embeddable":true,"href":"https:\/\/dmd.eu\/es\/wp-json\/wp\/v2\/giftcard-category?post=50022"}],"curies":[{"name":"wp","href":"https:\/\/api.w.org\/{rel}","templated":true}]}}