{"id":4861,"date":"2023-08-22T10:21:19","date_gmt":"2023-08-22T08:21:19","guid":{"rendered":"https:\/\/www.dmd.eu\/product\/sin%20categor\u00eda\/rocket-white\/"},"modified":"2025-12-02T00:14:41","modified_gmt":"2025-12-01T23:14:41","slug":"rocket-white","status":"publish","type":"product","link":"https:\/\/dmd.eu\/es\/prodotto\/ventas\/cascos-sale\/rocket-white\/","title":{"rendered":"ROCKET WHITE"},"content":{"rendered":"<p>El <strong>casco integral Rocket White <\/strong>es muy ligero, tiene un design vintage y ofrece la m\u00e1xima seguridad y confort. Gracias a su color neutro, combina con cualquier tipo de moto. El color blanco brillante y el ic\u00f3nico modelo de los a\u00f1os 70 lo hacen muy especial y \u00fanico.<br \/>\nSi te gusta recorrer largas distancias en moto, el casco integral Rocket White es sin duda para ti.<\/p>\n","protected":false},"excerpt":{"rendered":"<p>El casco integral Rocket White es muy ligero, tiene un design vintage y ofrece la m\u00e1xima seguridad y confort. Gracias a su color neutro, combina con cualquier tipo de moto. El color blanco brillante y el ic\u00f3nico modelo de los a\u00f1os 70 lo hacen muy especial y \u00fanico. Si te gusta recorrer largas distancias en [&hellip;]<\/p>\n","protected":false},"featured_media":4815,"comment_status":"closed","ping_status":"closed","template":"","meta":{"_acf_changed":false},"product_brand":[],"product_cat":[423,410],"product_tag":[],"giftcard-category":[],"class_list":{"0":"post-4861","1":"product","2":"type-product","3":"status-publish","4":"has-post-thumbnail","6":"product_cat-cascos-sale","7":"product_cat-ventas","9":"first","10":"instock","11":"sale","12":"taxable","13":"shipping-taxable","14":"purchasable","15":"product-type-variable"},"acf":[],"jetpack_sharing_enabled":true,"_links":{"self":[{"href":"https:\/\/dmd.eu\/es\/wp-json\/wp\/v2\/product\/4861","targetHints":{"allow":["GET"]}}],"collection":[{"href":"https:\/\/dmd.eu\/es\/wp-json\/wp\/v2\/product"}],"about":[{"href":"https:\/\/dmd.eu\/es\/wp-json\/wp\/v2\/types\/product"}],"replies":[{"embeddable":true,"href":"https:\/\/dmd.eu\/es\/wp-json\/wp\/v2\/comments?post=4861"}],"wp:featuredmedia":[{"embeddable":true,"href":"https:\/\/dmd.eu\/es\/wp-json\/wp\/v2\/media\/4815"}],"wp:attachment":[{"href":"https:\/\/dmd.eu\/es\/wp-json\/wp\/v2\/media?parent=4861"}],"wp:term":[{"taxonomy":"product_brand","embeddable":true,"href":"https:\/\/dmd.eu\/es\/wp-json\/wp\/v2\/product_brand?post=4861"},{"taxonomy":"product_cat","embeddable":true,"href":"https:\/\/dmd.eu\/es\/wp-json\/wp\/v2\/product_cat?post=4861"},{"taxonomy":"product_tag","embeddable":true,"href":"https:\/\/dmd.eu\/es\/wp-json\/wp\/v2\/product_tag?post=4861"},{"taxonomy":"giftcard-category","embeddable":true,"href":"https:\/\/dmd.eu\/es\/wp-json\/wp\/v2\/giftcard-category?post=4861"}],"curies":[{"name":"wp","href":"https:\/\/api.w.org\/{rel}","templated":true}]}}