{"id":4853,"date":"2023-08-22T10:21:20","date_gmt":"2023-08-22T08:21:20","guid":{"rendered":"https:\/\/www.dmd.eu\/product\/sin%20categor\u00eda\/rocket-crayon-grey\/"},"modified":"2025-12-02T00:14:41","modified_gmt":"2025-12-01T23:14:41","slug":"rocket-crayon-grey","status":"publish","type":"product","link":"https:\/\/dmd.eu\/es\/prodotto\/ventas\/cascos-sale\/rocket-crayon-grey\/","title":{"rendered":"ROCKET CRAYON GREY"},"content":{"rendered":"<p>El <strong>casco integral Rocket Crayon Grey<\/strong> recuerda al primer modelo de casco integral, pero renovado con todas las normas de homologaci\u00f3n modernas.<br \/>\nEs un modelo que encaja perfectamente en cualquier moto con sabor Vintage, gracias a la elecci\u00f3n monocrom\u00e1tica en gris con revestimiento brillante. Si te gusta hacer largos viajes en moto, el casco integral Rocket Crayon Grey es ideal, gracias a su visera integrada para mayor seguridad.<\/p>\n<p>*Modelo homologado ECE 22.05, conforme a la normativa vial, que te permite seguir utiliz\u00e1ndolo de forma segura y sin preocupaciones.<\/p>\n","protected":false},"excerpt":{"rendered":"<p>El casco integral Rocket Crayon Grey recuerda al primer modelo de casco integral, pero renovado con todas las normas de homologaci\u00f3n modernas. Es un modelo que encaja perfectamente en cualquier moto con sabor Vintage, gracias a la elecci\u00f3n monocrom\u00e1tica en gris con revestimiento brillante. Si te gusta hacer largos viajes en moto, el casco integral [&hellip;]<\/p>\n","protected":false},"featured_media":4724,"comment_status":"closed","ping_status":"closed","template":"","meta":{"_acf_changed":false},"product_brand":[],"product_cat":[423,410],"product_tag":[],"giftcard-category":[],"class_list":{"0":"post-4853","1":"product","2":"type-product","3":"status-publish","4":"has-post-thumbnail","6":"product_cat-cascos-sale","7":"product_cat-ventas","9":"first","10":"instock","11":"sale","12":"taxable","13":"shipping-taxable","14":"purchasable","15":"product-type-variable"},"acf":[],"jetpack_sharing_enabled":true,"_links":{"self":[{"href":"https:\/\/dmd.eu\/es\/wp-json\/wp\/v2\/product\/4853","targetHints":{"allow":["GET"]}}],"collection":[{"href":"https:\/\/dmd.eu\/es\/wp-json\/wp\/v2\/product"}],"about":[{"href":"https:\/\/dmd.eu\/es\/wp-json\/wp\/v2\/types\/product"}],"replies":[{"embeddable":true,"href":"https:\/\/dmd.eu\/es\/wp-json\/wp\/v2\/comments?post=4853"}],"wp:featuredmedia":[{"embeddable":true,"href":"https:\/\/dmd.eu\/es\/wp-json\/wp\/v2\/media\/4724"}],"wp:attachment":[{"href":"https:\/\/dmd.eu\/es\/wp-json\/wp\/v2\/media?parent=4853"}],"wp:term":[{"taxonomy":"product_brand","embeddable":true,"href":"https:\/\/dmd.eu\/es\/wp-json\/wp\/v2\/product_brand?post=4853"},{"taxonomy":"product_cat","embeddable":true,"href":"https:\/\/dmd.eu\/es\/wp-json\/wp\/v2\/product_cat?post=4853"},{"taxonomy":"product_tag","embeddable":true,"href":"https:\/\/dmd.eu\/es\/wp-json\/wp\/v2\/product_tag?post=4853"},{"taxonomy":"giftcard-category","embeddable":true,"href":"https:\/\/dmd.eu\/es\/wp-json\/wp\/v2\/giftcard-category?post=4853"}],"curies":[{"name":"wp","href":"https:\/\/api.w.org\/{rel}","templated":true}]}}