{"id":47498,"date":"2025-07-30T10:36:48","date_gmt":"2025-07-30T08:36:48","guid":{"rendered":"https:\/\/dmd.eu\/?post_type=product&#038;p=47498"},"modified":"2025-12-02T00:13:20","modified_gmt":"2025-12-01T23:13:20","slug":"pure-black","status":"publish","type":"product","link":"https:\/\/dmd.eu\/es\/prodotto\/ventas\/vestimenta-sale\/pure-black\/","title":{"rendered":"PURE BLACK"},"content":{"rendered":"<p>La <strong>sudadera<\/strong> de cuello redondo <strong>Pure Black<\/strong> est\u00e1 hecha para ofrecer la m\u00e1xima comodidad. Ideal para cualquier estaci\u00f3n del a\u00f1o, fabricada en algod\u00f3n 100% en color gris.<br \/>\nPresenta una impresi\u00f3n serigrafiada con letras y gr\u00e1ficos esenciales.<\/p>\n","protected":false},"excerpt":{"rendered":"<p>La sudadera de cuello redondo Pure Black est\u00e1 hecha para ofrecer la m\u00e1xima comodidad. Ideal para cualquier estaci\u00f3n del a\u00f1o, fabricada en algod\u00f3n 100% en color gris. Presenta una impresi\u00f3n serigrafiada con letras y gr\u00e1ficos esenciales.<\/p>\n","protected":false},"featured_media":47873,"comment_status":"closed","ping_status":"closed","template":"","meta":{"_acf_changed":false},"product_brand":[],"product_cat":[410,420],"product_tag":[],"giftcard-category":[],"class_list":{"0":"post-47498","1":"product","2":"type-product","3":"status-publish","4":"has-post-thumbnail","6":"product_cat-ventas","7":"product_cat-vestimenta-sale","9":"first","10":"instock","11":"sale","12":"taxable","13":"shipping-taxable","14":"purchasable","15":"product-type-variable"},"acf":[],"jetpack_sharing_enabled":true,"_links":{"self":[{"href":"https:\/\/dmd.eu\/es\/wp-json\/wp\/v2\/product\/47498","targetHints":{"allow":["GET"]}}],"collection":[{"href":"https:\/\/dmd.eu\/es\/wp-json\/wp\/v2\/product"}],"about":[{"href":"https:\/\/dmd.eu\/es\/wp-json\/wp\/v2\/types\/product"}],"replies":[{"embeddable":true,"href":"https:\/\/dmd.eu\/es\/wp-json\/wp\/v2\/comments?post=47498"}],"wp:featuredmedia":[{"embeddable":true,"href":"https:\/\/dmd.eu\/es\/wp-json\/wp\/v2\/media\/47873"}],"wp:attachment":[{"href":"https:\/\/dmd.eu\/es\/wp-json\/wp\/v2\/media?parent=47498"}],"wp:term":[{"taxonomy":"product_brand","embeddable":true,"href":"https:\/\/dmd.eu\/es\/wp-json\/wp\/v2\/product_brand?post=47498"},{"taxonomy":"product_cat","embeddable":true,"href":"https:\/\/dmd.eu\/es\/wp-json\/wp\/v2\/product_cat?post=47498"},{"taxonomy":"product_tag","embeddable":true,"href":"https:\/\/dmd.eu\/es\/wp-json\/wp\/v2\/product_tag?post=47498"},{"taxonomy":"giftcard-category","embeddable":true,"href":"https:\/\/dmd.eu\/es\/wp-json\/wp\/v2\/giftcard-category?post=47498"}],"curies":[{"name":"wp","href":"https:\/\/api.w.org\/{rel}","templated":true}]}}