{"id":46431,"date":"2025-07-15T15:11:47","date_gmt":"2025-07-15T13:11:47","guid":{"rendered":"https:\/\/dmd.eu\/?post_type=product&#038;p=46431"},"modified":"2025-12-02T00:13:23","modified_gmt":"2025-12-01T23:13:23","slug":"violet","status":"publish","type":"product","link":"https:\/\/dmd.eu\/es\/prodotto\/ventas\/cascos-sale\/violet\/","title":{"rendered":"VIOLET"},"content":{"rendered":"<p>El <strong>casco jet Handmade Violet<\/strong> est\u00e1 totalmente pintado a mano. La monocrom\u00eda violeta hace que este modelo sea extremadamente elegante y cl\u00e1sico. Perfectamente combinado con motos Custom, Caf\u00e9 racer o con scooters, el <strong>casco jet Handmade Violet<\/strong> tiene un sabor retro, pero cumple todas las normas de homologaci\u00f3n modernas.<\/p>\n","protected":false},"excerpt":{"rendered":"<p>El casco jet Handmade Violet est\u00e1 totalmente pintado a mano. La monocrom\u00eda violeta hace que este modelo sea extremadamente elegante y cl\u00e1sico. Perfectamente combinado con motos Custom, Caf\u00e9 racer o con scooters, el casco jet Handmade Violet tiene un sabor retro, pero cumple todas las normas de homologaci\u00f3n modernas.<\/p>\n","protected":false},"featured_media":46495,"comment_status":"closed","ping_status":"closed","template":"","meta":{"_acf_changed":false},"product_brand":[],"product_cat":[423,410],"product_tag":[],"giftcard-category":[],"class_list":{"0":"post-46431","1":"product","2":"type-product","3":"status-publish","4":"has-post-thumbnail","6":"product_cat-cascos-sale","7":"product_cat-ventas","9":"first","10":"instock","11":"taxable","12":"shipping-taxable","13":"purchasable","14":"product-type-variable"},"acf":[],"jetpack_sharing_enabled":true,"_links":{"self":[{"href":"https:\/\/dmd.eu\/es\/wp-json\/wp\/v2\/product\/46431","targetHints":{"allow":["GET"]}}],"collection":[{"href":"https:\/\/dmd.eu\/es\/wp-json\/wp\/v2\/product"}],"about":[{"href":"https:\/\/dmd.eu\/es\/wp-json\/wp\/v2\/types\/product"}],"replies":[{"embeddable":true,"href":"https:\/\/dmd.eu\/es\/wp-json\/wp\/v2\/comments?post=46431"}],"wp:featuredmedia":[{"embeddable":true,"href":"https:\/\/dmd.eu\/es\/wp-json\/wp\/v2\/media\/46495"}],"wp:attachment":[{"href":"https:\/\/dmd.eu\/es\/wp-json\/wp\/v2\/media?parent=46431"}],"wp:term":[{"taxonomy":"product_brand","embeddable":true,"href":"https:\/\/dmd.eu\/es\/wp-json\/wp\/v2\/product_brand?post=46431"},{"taxonomy":"product_cat","embeddable":true,"href":"https:\/\/dmd.eu\/es\/wp-json\/wp\/v2\/product_cat?post=46431"},{"taxonomy":"product_tag","embeddable":true,"href":"https:\/\/dmd.eu\/es\/wp-json\/wp\/v2\/product_tag?post=46431"},{"taxonomy":"giftcard-category","embeddable":true,"href":"https:\/\/dmd.eu\/es\/wp-json\/wp\/v2\/giftcard-category?post=46431"}],"curies":[{"name":"wp","href":"https:\/\/api.w.org\/{rel}","templated":true}]}}